{"id":2858,"date":"2025-01-24T16:31:19","date_gmt":"2025-01-24T15:31:19","guid":{"rendered":"https:\/\/ferrolterrapetfriendly.gal\/?page_id=2858"},"modified":"2025-01-24T16:34:42","modified_gmt":"2025-01-24T15:34:42","slug":"prueba-foto","status":"publish","type":"page","link":"https:\/\/ferrolterrapetfriendly.gal\/en\/prueba-foto\/","title":{"rendered":"Prueba foto"},"content":{"rendered":"<div data-elementor-type=\"wp-page\" data-elementor-id=\"2858\" class=\"elementor elementor-2858\" data-elementor-post-type=\"page\">\n\t\t\t\t<div class=\"elementor-element elementor-element-d149e8e e-flex e-con-boxed e-con e-parent\" data-id=\"d149e8e\" data-element_type=\"container\" data-settings=\"{&quot;background_background&quot;:&quot;classic&quot;}\">\n\t\t\t\t\t<div class=\"e-con-inner\">\n\t\t\t\t<div class=\"elementor-element elementor-element-774de73 elementor-widget elementor-widget-image\" data-id=\"774de73\" data-element_type=\"widget\" data-widget_type=\"image.default\">\n\t\t\t\t<div class=\"elementor-widget-container\">\n\t\t\t\t\t\t\t\t\t\t\t\t\t<img fetchpriority=\"high\" decoding=\"async\" width=\"1200\" height=\"500\" src=\"https:\/\/ferrolterrapetfriendly.gal\/wp-content\/uploads\/ferrolterra-pet-friendly-contactos_emergencia.jpg\" class=\"attachment-full size-full wp-image-2819\" alt=\"\" srcset=\"https:\/\/ferrolterrapetfriendly.gal\/wp-content\/uploads\/ferrolterra-pet-friendly-contactos_emergencia.jpg 1200w, https:\/\/ferrolterrapetfriendly.gal\/wp-content\/uploads\/ferrolterra-pet-friendly-contactos_emergencia-300x125.jpg 300w, https:\/\/ferrolterrapetfriendly.gal\/wp-content\/uploads\/ferrolterra-pet-friendly-contactos_emergencia-1024x427.jpg 1024w, https:\/\/ferrolterrapetfriendly.gal\/wp-content\/uploads\/ferrolterra-pet-friendly-contactos_emergencia-768x320.jpg 768w, https:\/\/ferrolterrapetfriendly.gal\/wp-content\/uploads\/ferrolterra-pet-friendly-contactos_emergencia-18x8.jpg 18w, https:\/\/ferrolterrapetfriendly.gal\/wp-content\/uploads\/ferrolterra-pet-friendly-contactos_emergencia-24x10.jpg 24w, https:\/\/ferrolterrapetfriendly.gal\/wp-content\/uploads\/ferrolterra-pet-friendly-contactos_emergencia-36x15.jpg 36w, https:\/\/ferrolterrapetfriendly.gal\/wp-content\/uploads\/ferrolterra-pet-friendly-contactos_emergencia-48x20.jpg 48w\" sizes=\"(max-width: 1200px) 100vw, 1200px\" \/>\t\t\t\t\t\t\t\t\t\t\t\t\t<\/div>\n\t\t\t\t<\/div>\n\t\t\t\t\t<\/div>\n\t\t\t\t<\/div>\n\t\t<div class=\"elementor-element elementor-element-28432ab e-flex e-con-boxed e-con e-parent\" data-id=\"28432ab\" data-element_type=\"container\">\n\t\t\t\t\t<div class=\"e-con-inner\">\n\t\t\t\t<div class=\"elementor-element elementor-element-1b35d39 elementor-widget elementor-widget-heading\" data-id=\"1b35d39\" data-element_type=\"widget\" data-widget_type=\"heading.default\">\n\t\t\t\t<div class=\"elementor-widget-container\">\n\t\t\t<h2 class=\"elementor-heading-title elementor-size-default\">For notifications, contact 112<\/h2>\t\t<\/div>\n\t\t\t\t<\/div>\n\t\t\t\t\t<\/div>\n\t\t\t\t<\/div>\n\t\t<div class=\"elementor-element elementor-element-79328f4 e-flex e-con-boxed e-con e-parent\" data-id=\"79328f4\" data-element_type=\"container\">\n\t\t\t\t\t<div class=\"e-con-inner\">\n\t\t\t\t<div class=\"elementor-element elementor-element-d6e30c3 elementor-widget elementor-widget-text-editor\" data-id=\"d6e30c3\" data-element_type=\"widget\" data-widget_type=\"text-editor.default\">\n\t\t\t\t<div class=\"elementor-widget-container\">\n\t\t\t\t\t\t\t<p>Contac too with:<\/p>\n<ul>\n<li><strong>Animal Shelter of Moug\u00e1:<\/strong>&nbsp;&nbsp;<a href=\"tel: 34633381763\">633 38 17 63<\/a>&nbsp; \/ &nbsp;<a href=\"mailto:refuxio@ferrol.es\">refuxio@ferrol.es<\/a>&nbsp;\/&nbsp;&nbsp;<a href=\"https:\/\/www.facebook.com\/refuxioanimais.mouga\/\" target=\"_blank\" rel=\"noopener\">+info<\/a><br><br><\/li>\n<li><strong>Cometa Association: &nbsp;<\/strong>&nbsp;<a href=\"tel: 34617040992\">617 04 09 92<\/a>&nbsp; \/&nbsp;<a href=\"mailto:correo@asociacioncometa.org\">correo@asociacioncometa.org<\/a>&nbsp;\/&nbsp;<a href=\"https:\/\/asociacioncometa.org\/\" target=\"_blank\" rel=\"noopener\">+info<\/a><\/li>\n<\/ul>\n<div>\n<p><br><br>These Facebook groups can also help you to spread the word:<\/p>\n<ul>\n<li><strong>Lost &amp; Found dogs in Ferrolterra<\/strong>&nbsp;<a href=\"https:\/\/www.facebook.com\/groups\/369002744878631\" target=\"_blank\" rel=\"noopener\">+info<\/a><br><br><\/li>\n<li><strong>Lost dogs in Ferrolterra Eume and Ortegal<\/strong>&nbsp;<a href=\"https:\/\/www.facebook.com\/groups\/805946726278723\/\" target=\"_blank\" rel=\"noopener\">+info<\/a><br><br><\/li>\n<li><strong>Lost pets in Galicia<\/strong>&nbsp;<a href=\"https:\/\/www.facebook.com\/profile.php?id=100064515077712\" target=\"_blank\" rel=\"noopener\">+info<\/a><\/li>\n<\/ul>\n<p><br><br>Remember to report a lost dog within 48 hours to the&nbsp;<strong>Local Police<\/strong>&nbsp;or&nbsp;<strong>Civil Guard.<\/strong><\/p>\n<p>Si ten\u00e9is&nbsp;<strong>seguro<\/strong>, es posible que incluya ayuda en casos de extrav\u00edo \u00a1contacta!<\/p>\n<\/div>\t\t\t\t\t\t<\/div>\n\t\t\t\t<\/div>\n\t\t\t\t\t<\/div>\n\t\t\t\t<\/div>\n\t\t\t\t<\/div>","protected":false},"excerpt":{"rendered":"<p>Ante cualquier incidencia llama al 112 Contacta tambi\u00e9n con: Refugio de Animales de Moug\u00e1:&nbsp;&nbsp;633 38 17 63&nbsp; \/ &nbsp;refuxio@ferrol.es&nbsp;\/&nbsp;&nbsp;+info Asociaci\u00f3n Cometa: &nbsp;&nbsp;617 04 09 92&nbsp; \/&nbsp;correo@asociacioncometa.org&nbsp;\/&nbsp;+info Ten presentes tambi\u00e9n estos grupos en RRSS, te pueden resultar de gran ayuda para la difusi\u00f3n o quiz\u00e1s alguien ya lo haya compartido: Perros perdidos o encontrados en Ferrolterra&nbsp;+info [&hellip;]<\/p>","protected":false},"author":1,"featured_media":0,"parent":0,"menu_order":0,"comment_status":"closed","ping_status":"closed","template":"","meta":{"_monsterinsights_skip_tracking":false,"_monsterinsights_sitenote_active":false,"_monsterinsights_sitenote_note":"","_monsterinsights_sitenote_category":0,"footnotes":""},"class_list":["post-2858","page","type-page","status-publish","hentry"],"yoast_head":"<!-- This site is optimized with the Yoast SEO plugin v24.1 - https:\/\/yoast.com\/wordpress\/plugins\/seo\/ -->\n<title>Prueba foto - Ferrolterra Pet Friendly<\/title>\n<meta name=\"description\" content=\"Contactos de emergencia para ayudar a encontrar perros, gatos y otras mascotas perdidas en Ferrolterra, A Coru\u00f1a, R\u00edas Altas\" \/>\n<meta name=\"robots\" content=\"index, follow, max-snippet:-1, max-image-preview:large, max-video-preview:-1\" \/>\n<link rel=\"canonical\" href=\"https:\/\/ferrolterrapetfriendly.gal\/en\/prueba-foto\/\" \/>\n<meta property=\"og:locale\" content=\"en_GB\" \/>\n<meta property=\"og:type\" content=\"article\" \/>\n<meta property=\"og:title\" content=\"Prueba foto - Ferrolterra Pet Friendly\" \/>\n<meta property=\"og:description\" content=\"Contactos de emergencia para ayudar a encontrar perros, gatos y otras mascotas perdidas en Ferrolterra, A Coru\u00f1a, R\u00edas Altas\" \/>\n<meta property=\"og:url\" content=\"https:\/\/ferrolterrapetfriendly.gal\/en\/prueba-foto\/\" \/>\n<meta property=\"og:site_name\" content=\"Ferrolterra Pet Friendly\" \/>\n<meta property=\"article:modified_time\" content=\"2025-01-24T15:34:42+00:00\" \/>\n<meta property=\"og:image\" content=\"https:\/\/ferrolterrapetfriendly.gal\/wp-content\/uploads\/ferrolterra-pet-friendly-contactos_emergencia.jpg\" \/>\n\t<meta property=\"og:image:width\" content=\"1200\" \/>\n\t<meta property=\"og:image:height\" content=\"500\" \/>\n\t<meta property=\"og:image:type\" content=\"image\/jpeg\" \/>\n<meta name=\"twitter:card\" content=\"summary_large_image\" \/>\n<meta name=\"twitter:label1\" content=\"Estimated reading time\" \/>\n\t<meta name=\"twitter:data1\" content=\"1 minute\" \/>\n<script type=\"application\/ld+json\" class=\"yoast-schema-graph\">{\"@context\":\"https:\/\/schema.org\",\"@graph\":[{\"@type\":\"WebPage\",\"@id\":\"https:\/\/ferrolterrapetfriendly.gal\/prueba-foto\/\",\"url\":\"https:\/\/ferrolterrapetfriendly.gal\/prueba-foto\/\",\"name\":\"Prueba foto - Ferrolterra Pet Friendly\",\"isPartOf\":{\"@id\":\"https:\/\/ferrolterrapetfriendly.gal\/#website\"},\"primaryImageOfPage\":{\"@id\":\"https:\/\/ferrolterrapetfriendly.gal\/prueba-foto\/#primaryimage\"},\"image\":{\"@id\":\"https:\/\/ferrolterrapetfriendly.gal\/prueba-foto\/#primaryimage\"},\"thumbnailUrl\":\"https:\/\/ferrolterrapetfriendly.gal\/wp-content\/uploads\/ferrolterra-pet-friendly-contactos_emergencia.jpg\",\"datePublished\":\"2025-01-24T15:31:19+00:00\",\"dateModified\":\"2025-01-24T15:34:42+00:00\",\"description\":\"Contactos de emergencia para ayudar a encontrar perros, gatos y otras mascotas perdidas en Ferrolterra, A Coru\u00f1a, R\u00edas Altas\",\"breadcrumb\":{\"@id\":\"https:\/\/ferrolterrapetfriendly.gal\/prueba-foto\/#breadcrumb\"},\"inLanguage\":\"en-GB\",\"potentialAction\":[{\"@type\":\"ReadAction\",\"target\":[\"https:\/\/ferrolterrapetfriendly.gal\/prueba-foto\/\"]}]},{\"@type\":\"ImageObject\",\"inLanguage\":\"en-GB\",\"@id\":\"https:\/\/ferrolterrapetfriendly.gal\/prueba-foto\/#primaryimage\",\"url\":\"https:\/\/ferrolterrapetfriendly.gal\/wp-content\/uploads\/ferrolterra-pet-friendly-contactos_emergencia.jpg\",\"contentUrl\":\"https:\/\/ferrolterrapetfriendly.gal\/wp-content\/uploads\/ferrolterra-pet-friendly-contactos_emergencia.jpg\"},{\"@type\":\"BreadcrumbList\",\"@id\":\"https:\/\/ferrolterrapetfriendly.gal\/prueba-foto\/#breadcrumb\",\"itemListElement\":[{\"@type\":\"ListItem\",\"position\":1,\"name\":\"Inicio\",\"item\":\"https:\/\/ferrolterrapetfriendly.gal\/\"},{\"@type\":\"ListItem\",\"position\":2,\"name\":\"Prueba foto\"}]},{\"@type\":\"WebSite\",\"@id\":\"https:\/\/ferrolterrapetfriendly.gal\/#website\",\"url\":\"https:\/\/ferrolterrapetfriendly.gal\/\",\"name\":\"Ferrolterra Pet Friendly\",\"description\":\"Informaci\u00f3n de utilidad para visitar Ferrolterra con perro\",\"publisher\":{\"@id\":\"https:\/\/ferrolterrapetfriendly.gal\/#organization\"},\"potentialAction\":[{\"@type\":\"SearchAction\",\"target\":{\"@type\":\"EntryPoint\",\"urlTemplate\":\"https:\/\/ferrolterrapetfriendly.gal\/?s={search_term_string}\"},\"query-input\":{\"@type\":\"PropertyValueSpecification\",\"valueRequired\":true,\"valueName\":\"search_term_string\"}}],\"inLanguage\":\"en-GB\"},{\"@type\":\"Organization\",\"@id\":\"https:\/\/ferrolterrapetfriendly.gal\/#organization\",\"name\":\"Ferrolterra Pet Friendly\",\"url\":\"https:\/\/ferrolterrapetfriendly.gal\/\",\"logo\":{\"@type\":\"ImageObject\",\"inLanguage\":\"en-GB\",\"@id\":\"https:\/\/ferrolterrapetfriendly.gal\/#\/schema\/logo\/image\/\",\"url\":\"https:\/\/ferrolterrapetfriendly.gal\/wp-content\/uploads\/Logo-PetFriendly-ES-60px-1.png\",\"contentUrl\":\"https:\/\/ferrolterrapetfriendly.gal\/wp-content\/uploads\/Logo-PetFriendly-ES-60px-1.png\",\"width\":175,\"height\":60,\"caption\":\"Ferrolterra Pet Friendly\"},\"image\":{\"@id\":\"https:\/\/ferrolterrapetfriendly.gal\/#\/schema\/logo\/image\/\"}}]}<\/script>\n<!-- \/ Yoast SEO plugin. -->","yoast_head_json":{"title":"Prueba foto - Ferrolterra Pet Friendly","description":"Contactos de emergencia para ayudar a encontrar perros, gatos y otras mascotas perdidas en Ferrolterra, A Coru\u00f1a, R\u00edas Altas","robots":{"index":"index","follow":"follow","max-snippet":"max-snippet:-1","max-image-preview":"max-image-preview:large","max-video-preview":"max-video-preview:-1"},"canonical":"https:\/\/ferrolterrapetfriendly.gal\/en\/prueba-foto\/","og_locale":"en_GB","og_type":"article","og_title":"Prueba foto - Ferrolterra Pet Friendly","og_description":"Contactos de emergencia para ayudar a encontrar perros, gatos y otras mascotas perdidas en Ferrolterra, A Coru\u00f1a, R\u00edas Altas","og_url":"https:\/\/ferrolterrapetfriendly.gal\/en\/prueba-foto\/","og_site_name":"Ferrolterra Pet Friendly","article_modified_time":"2025-01-24T15:34:42+00:00","og_image":[{"width":1200,"height":500,"url":"https:\/\/ferrolterrapetfriendly.gal\/wp-content\/uploads\/ferrolterra-pet-friendly-contactos_emergencia.jpg","type":"image\/jpeg"}],"twitter_card":"summary_large_image","twitter_misc":{"Estimated reading time":"1 minute"},"schema":{"@context":"https:\/\/schema.org","@graph":[{"@type":"WebPage","@id":"https:\/\/ferrolterrapetfriendly.gal\/prueba-foto\/","url":"https:\/\/ferrolterrapetfriendly.gal\/prueba-foto\/","name":"Prueba foto - Ferrolterra Pet Friendly","isPartOf":{"@id":"https:\/\/ferrolterrapetfriendly.gal\/#website"},"primaryImageOfPage":{"@id":"https:\/\/ferrolterrapetfriendly.gal\/prueba-foto\/#primaryimage"},"image":{"@id":"https:\/\/ferrolterrapetfriendly.gal\/prueba-foto\/#primaryimage"},"thumbnailUrl":"https:\/\/ferrolterrapetfriendly.gal\/wp-content\/uploads\/ferrolterra-pet-friendly-contactos_emergencia.jpg","datePublished":"2025-01-24T15:31:19+00:00","dateModified":"2025-01-24T15:34:42+00:00","description":"Contactos de emergencia para ayudar a encontrar perros, gatos y otras mascotas perdidas en Ferrolterra, A Coru\u00f1a, R\u00edas Altas","breadcrumb":{"@id":"https:\/\/ferrolterrapetfriendly.gal\/prueba-foto\/#breadcrumb"},"inLanguage":"en-GB","potentialAction":[{"@type":"ReadAction","target":["https:\/\/ferrolterrapetfriendly.gal\/prueba-foto\/"]}]},{"@type":"ImageObject","inLanguage":"en-GB","@id":"https:\/\/ferrolterrapetfriendly.gal\/prueba-foto\/#primaryimage","url":"https:\/\/ferrolterrapetfriendly.gal\/wp-content\/uploads\/ferrolterra-pet-friendly-contactos_emergencia.jpg","contentUrl":"https:\/\/ferrolterrapetfriendly.gal\/wp-content\/uploads\/ferrolterra-pet-friendly-contactos_emergencia.jpg"},{"@type":"BreadcrumbList","@id":"https:\/\/ferrolterrapetfriendly.gal\/prueba-foto\/#breadcrumb","itemListElement":[{"@type":"ListItem","position":1,"name":"Inicio","item":"https:\/\/ferrolterrapetfriendly.gal\/"},{"@type":"ListItem","position":2,"name":"Prueba foto"}]},{"@type":"WebSite","@id":"https:\/\/ferrolterrapetfriendly.gal\/#website","url":"https:\/\/ferrolterrapetfriendly.gal\/","name":"Ferrolterra Pet Friendly","description":"Informaci\u00f3n de utilidad para visitar Ferrolterra con perro","publisher":{"@id":"https:\/\/ferrolterrapetfriendly.gal\/#organization"},"potentialAction":[{"@type":"SearchAction","target":{"@type":"EntryPoint","urlTemplate":"https:\/\/ferrolterrapetfriendly.gal\/?s={search_term_string}"},"query-input":{"@type":"PropertyValueSpecification","valueRequired":true,"valueName":"search_term_string"}}],"inLanguage":"en-GB"},{"@type":"Organization","@id":"https:\/\/ferrolterrapetfriendly.gal\/#organization","name":"Ferrolterra Pet Friendly","url":"https:\/\/ferrolterrapetfriendly.gal\/","logo":{"@type":"ImageObject","inLanguage":"en-GB","@id":"https:\/\/ferrolterrapetfriendly.gal\/#\/schema\/logo\/image\/","url":"https:\/\/ferrolterrapetfriendly.gal\/wp-content\/uploads\/Logo-PetFriendly-ES-60px-1.png","contentUrl":"https:\/\/ferrolterrapetfriendly.gal\/wp-content\/uploads\/Logo-PetFriendly-ES-60px-1.png","width":175,"height":60,"caption":"Ferrolterra Pet Friendly"},"image":{"@id":"https:\/\/ferrolterrapetfriendly.gal\/#\/schema\/logo\/image\/"}}]}},"_links":{"self":[{"href":"https:\/\/ferrolterrapetfriendly.gal\/en\/wp-json\/wp\/v2\/pages\/2858","targetHints":{"allow":["GET"]}}],"collection":[{"href":"https:\/\/ferrolterrapetfriendly.gal\/en\/wp-json\/wp\/v2\/pages"}],"about":[{"href":"https:\/\/ferrolterrapetfriendly.gal\/en\/wp-json\/wp\/v2\/types\/page"}],"author":[{"embeddable":true,"href":"https:\/\/ferrolterrapetfriendly.gal\/en\/wp-json\/wp\/v2\/users\/1"}],"replies":[{"embeddable":true,"href":"https:\/\/ferrolterrapetfriendly.gal\/en\/wp-json\/wp\/v2\/comments?post=2858"}],"version-history":[{"count":4,"href":"https:\/\/ferrolterrapetfriendly.gal\/en\/wp-json\/wp\/v2\/pages\/2858\/revisions"}],"predecessor-version":[{"id":2862,"href":"https:\/\/ferrolterrapetfriendly.gal\/en\/wp-json\/wp\/v2\/pages\/2858\/revisions\/2862"}],"wp:attachment":[{"href":"https:\/\/ferrolterrapetfriendly.gal\/en\/wp-json\/wp\/v2\/media?parent=2858"}],"curies":[{"name":"wp","href":"https:\/\/api.w.org\/{rel}","templated":true}]}}