{"id":715,"date":"2024-12-19T10:46:31","date_gmt":"2024-12-19T09:46:31","guid":{"rendered":"https:\/\/ferrolterrapetfriendly.gal\/?page_id=715"},"modified":"2025-01-21T21:29:12","modified_gmt":"2025-01-21T20:29:12","slug":"convivencia","status":"publish","type":"page","link":"https:\/\/ferrolterrapetfriendly.gal\/en\/convivencia\/","title":{"rendered":"Co-existence"},"content":{"rendered":"<div data-elementor-type=\"wp-page\" data-elementor-id=\"715\" class=\"elementor elementor-715\" data-elementor-post-type=\"page\">\n\t\t\t\t<div class=\"elementor-element elementor-element-d149e8e e-flex e-con-boxed e-con e-parent\" data-id=\"d149e8e\" data-element_type=\"container\" data-settings=\"{&quot;background_background&quot;:&quot;classic&quot;}\">\n\t\t\t\t\t<div class=\"e-con-inner\">\n\t\t\t\t<div class=\"elementor-element elementor-element-22fc9f1 elementor-widget elementor-widget-spacer\" data-id=\"22fc9f1\" data-element_type=\"widget\" data-widget_type=\"spacer.default\">\n\t\t\t\t<div class=\"elementor-widget-container\">\n\t\t\t\t\t<div class=\"elementor-spacer\">\n\t\t\t<div class=\"elementor-spacer-inner\"><\/div>\n\t\t<\/div>\n\t\t\t\t<\/div>\n\t\t\t\t<\/div>\n\t\t\t\t\t<\/div>\n\t\t\t\t<\/div>\n\t\t<div class=\"elementor-element elementor-element-d82249b rejilla e-flex e-con-boxed e-con e-parent\" data-id=\"d82249b\" data-element_type=\"container\">\n\t\t\t\t\t<div class=\"e-con-inner\">\n\t\t\t\t\t<\/div>\n\t\t\t\t<\/div>\n\t\t<div class=\"elementor-element elementor-element-79328f4 e-flex e-con-boxed e-con e-parent\" data-id=\"79328f4\" data-element_type=\"container\">\n\t\t\t\t\t<div class=\"e-con-inner\">\n\t\t\t\t<div class=\"elementor-element elementor-element-d6e30c3 elementor-widget elementor-widget-text-editor\" data-id=\"d6e30c3\" data-element_type=\"widget\" data-widget_type=\"text-editor.default\">\n\t\t\t\t<div class=\"elementor-widget-container\">\n\t\t\t\t\t\t\t<p>Are you one of those humans who is lucky enough to share your life with one or more dogs? If you are, this is going to interest you!<\/p><p>We know that you love to take your canine companion everywhere you go. In Ferrolterra, you\u2019re in luck! Here, more and more pet friendly establishments have been cropping up. But to keep this trend growing, it\u2019s important that we comply with some basic rules and leave positive footprints everyplace we visit.<\/p>\t\t\t\t\t\t<\/div>\n\t\t\t\t<\/div>\n\t\t\t\t<div class=\"elementor-element elementor-element-1b35d39 elementor-widget elementor-widget-heading\" data-id=\"1b35d39\" data-element_type=\"widget\" data-widget_type=\"heading.default\">\n\t\t\t\t<div class=\"elementor-widget-container\">\n\t\t\t<h2 class=\"elementor-heading-title elementor-size-default\">Would you like to follow our suggestions?<br>\nHere are a few guidelines!<\/h2>\t\t<\/div>\n\t\t\t\t<\/div>\n\t\t\t\t<div class=\"elementor-element elementor-element-0023de4 elementor-widget elementor-widget-text-editor\" data-id=\"0023de4\" data-element_type=\"widget\" data-widget_type=\"text-editor.default\">\n\t\t\t\t<div class=\"elementor-widget-container\">\n\t\t\t\t\t\t\t<ul><li>No doubt your dog knows his name by heart because you call him 100 times a day, but\u2026 don\u2019t forget to carry his papers with you in case of any eventuality! (For example, a minor accident that requires a visit to a vet: having his pet passport with you will speed up medical attention).<br \/><br \/><\/li><li>Don\u2019t go out without hygienic bags and a small bottle of water to dilute urine on sidewalks, fa\u00e7ades, urban furniture, etc. Let\u2019s keep our image and the environment clean!<br \/><br \/><\/li><li>Yes, we know that your dog is not going to contaminate a fountain by drinking from it. But many people who use fountains may find it annoying. So, let\u2019s be respectful! You can improvise a drinking bowl by pouring the water into a plastic bag!<br \/><br \/><\/li><li>Do you want to enter a business establishment and you\u2019re not sure if your dog can go in with you? If you don\u2019t see a sign on the door, just ask! According to the law, the decision to allow dogs on the premises is at the discretion of the owner of the business, so it\u2019s always best to ask before entering. There may even be places that have never even considered the possibility. But if you ask politely and they see how well-behaved your companion is, they will welcome you with open arms!<br \/><br \/><\/li><li>Let\u2019s make a good impression! If we respect the rules of the establishments, show good manners, keep our dogs clean and try not to bother other clients, we will be setting an example and encouraging other businesses to become pet friendly!<br \/><br \/><\/li><li>When making a reservation at a restaurant, let them know that you\u2019ll be bringing along your dog(s), so they can assign you a table in a quiet area!<br \/><br \/><\/li><li>At hotels, bed and breakfast accommodations, etc., don\u2019t let your dog leave your side, both to avoid stressful situations and to convey a sense of calm to your hosts and the other guests. If you need to leave your dog alone in the room for whatever reason, be sure to ask if the owner if this is possible since it is usually not permitted.<br \/><br \/><\/li><li>If you have plans and your dog won\u2019t be able to accompany you, look for a kennel or a doggy daycare! That way, he won\u2019t be left alone and everyone will be calmer and happier!<br \/><br \/><\/li><li>Always try to be mindful: our four-legged companions are notoriously curious and can unintentionally knock something over or cause damage. So, use a short leash or shorten the one you have to be on the safe side!<br \/><br \/><\/li><li>In places that serve food and drinks, make sure the dog stays under the table or right next to you, so as not to bother the servers and other customers. And if you have forgotten his drinking bowl, you can ask the server if they have any type of container you could use!<br \/><br \/><\/li><li>Remember that on public roads your dog must always be leashed and wear a collar or other restraining element. On rural paths and roads, dogs are allowed to enjoy their freedom, but be careful not to cause any damage, discomfort or risks to other people, animals, or objects.<br \/><br \/><\/li><li>Ferrolterra boast a wide range of natural heritage places, with special protection spaces and species. So, we appreciate your lending a hand to help preserve them, by always respecting the indications. In some places, like As Fragas do Eume Natural Park, your dog must be on a short, non-extendable leash and may be taken along the designated trails. If you want to explore the magnificent beaches of Valdovi\u00f1o, for example, your dog will not be able to accompany you, since the area is home to the habitats of protected species. But we have other beaches where dogs are allowed outside normal hours of use in addition to designated dog-friendly beaches that can be enjoyed all year round.<br \/><br \/><\/li><li>In Galicia people who are accompanied by their service dogs are allowed to bring them everywhere \u2013 they may access all types of establishments and public transport, regardless of whether they are privately or publicly owned. Always have your pet\u2019s documentation with you in case you are asked to show it.<br \/><br \/><\/li><li>Sound like too many rules? Remember that it\u2019s the job of all of us who live with dogs to pave the way towards harmonious coexistence, based on the role model of other countries. To achieve this goal, we must set an example: every time we enter an establishment with our dog, we represent all multi-species families and the way we behave will determine whether others are welcomed or not in the future.<\/li><\/ul><p><br \/>It\u2019s also important for you to bear in mind the needs of your companion: if you are going to travel with him to Ferrolterra, remember there are festivals and pilgrimages going on all year long. Do your homework and find out beforehand, especially if your dog is afraid of fireworks to avoid causing him unnecessary stress.<\/p>\t\t\t\t\t\t<\/div>\n\t\t\t\t<\/div>\n\t\t\t\t<div class=\"elementor-element elementor-element-0ea779e elementor-widget elementor-widget-heading\" data-id=\"0ea779e\" data-element_type=\"widget\" data-widget_type=\"heading.default\">\n\t\t\t\t<div class=\"elementor-widget-container\">\n\t\t\t<h2 class=\"elementor-heading-title elementor-size-default\">Thanks for helping to make the world a more pet friendly place!<\/h2>\t\t<\/div>\n\t\t\t\t<\/div>\n\t\t\t\t\t<\/div>\n\t\t\t\t<\/div>\n\t\t\t\t<\/div>","protected":false},"excerpt":{"rendered":"<p>\u00bfEres uno de esos humanos afortunados que comparte su vida con uno o m\u00e1s perros? \u00a1Entonces esto te interesa! Sabemos que te encanta ir con tu compa\u00f1ero a todas partes y, por suerte, en Ferrolterra son cada vez m\u00e1s los establecimientos pet friendly, pero, para que cada vez tengamos m\u00e1s lugares donde ir y no [&hellip;]<\/p>","protected":false},"author":1,"featured_media":0,"parent":0,"menu_order":0,"comment_status":"closed","ping_status":"closed","template":"","meta":{"_monsterinsights_skip_tracking":false,"_monsterinsights_sitenote_active":false,"_monsterinsights_sitenote_note":"","_monsterinsights_sitenote_category":0,"footnotes":""},"class_list":["post-715","page","type-page","status-publish","hentry"],"yoast_head":"<!-- This site is optimized with the Yoast SEO plugin v24.1 - https:\/\/yoast.com\/wordpress\/plugins\/seo\/ -->\n<title>Convivencia - Ferrolterra Pet Friendly<\/title>\n<meta name=\"description\" content=\"Recomendaciones, manifiesto, para facilitar la convivencia con perros durante la estancia en Ferrolterra, R\u00edas Altas, A Coru\u00f1a\" \/>\n<meta name=\"robots\" content=\"index, follow, max-snippet:-1, max-image-preview:large, max-video-preview:-1\" \/>\n<link rel=\"canonical\" href=\"https:\/\/ferrolterrapetfriendly.gal\/en\/convivencia\/\" \/>\n<meta property=\"og:locale\" content=\"en_GB\" \/>\n<meta property=\"og:type\" content=\"article\" \/>\n<meta property=\"og:title\" content=\"Convivencia - Ferrolterra Pet Friendly\" \/>\n<meta property=\"og:description\" content=\"Recomendaciones, manifiesto, para facilitar la convivencia con perros durante la estancia en Ferrolterra, R\u00edas Altas, A Coru\u00f1a\" \/>\n<meta property=\"og:url\" content=\"https:\/\/ferrolterrapetfriendly.gal\/en\/convivencia\/\" \/>\n<meta property=\"og:site_name\" content=\"Ferrolterra Pet Friendly\" \/>\n<meta property=\"article:modified_time\" content=\"2025-01-21T20:29:12+00:00\" \/>\n<meta name=\"twitter:card\" content=\"summary_large_image\" \/>\n<meta name=\"twitter:label1\" content=\"Estimated reading time\" \/>\n\t<meta name=\"twitter:data1\" content=\"4 minutes\" \/>\n<script type=\"application\/ld+json\" class=\"yoast-schema-graph\">{\"@context\":\"https:\/\/schema.org\",\"@graph\":[{\"@type\":\"WebPage\",\"@id\":\"https:\/\/ferrolterrapetfriendly.gal\/convivencia\/\",\"url\":\"https:\/\/ferrolterrapetfriendly.gal\/convivencia\/\",\"name\":\"Convivencia - Ferrolterra Pet Friendly\",\"isPartOf\":{\"@id\":\"https:\/\/ferrolterrapetfriendly.gal\/#website\"},\"datePublished\":\"2024-12-19T09:46:31+00:00\",\"dateModified\":\"2025-01-21T20:29:12+00:00\",\"description\":\"Recomendaciones, manifiesto, para facilitar la convivencia con perros durante la estancia en Ferrolterra, R\u00edas Altas, A Coru\u00f1a\",\"breadcrumb\":{\"@id\":\"https:\/\/ferrolterrapetfriendly.gal\/convivencia\/#breadcrumb\"},\"inLanguage\":\"en-GB\",\"potentialAction\":[{\"@type\":\"ReadAction\",\"target\":[\"https:\/\/ferrolterrapetfriendly.gal\/convivencia\/\"]}]},{\"@type\":\"BreadcrumbList\",\"@id\":\"https:\/\/ferrolterrapetfriendly.gal\/convivencia\/#breadcrumb\",\"itemListElement\":[{\"@type\":\"ListItem\",\"position\":1,\"name\":\"Inicio\",\"item\":\"https:\/\/ferrolterrapetfriendly.gal\/\"},{\"@type\":\"ListItem\",\"position\":2,\"name\":\"Convivencia\"}]},{\"@type\":\"WebSite\",\"@id\":\"https:\/\/ferrolterrapetfriendly.gal\/#website\",\"url\":\"https:\/\/ferrolterrapetfriendly.gal\/\",\"name\":\"Ferrolterra Pet Friendly\",\"description\":\"Informaci\u00f3n de utilidad para visitar Ferrolterra con perro\",\"publisher\":{\"@id\":\"https:\/\/ferrolterrapetfriendly.gal\/#organization\"},\"potentialAction\":[{\"@type\":\"SearchAction\",\"target\":{\"@type\":\"EntryPoint\",\"urlTemplate\":\"https:\/\/ferrolterrapetfriendly.gal\/?s={search_term_string}\"},\"query-input\":{\"@type\":\"PropertyValueSpecification\",\"valueRequired\":true,\"valueName\":\"search_term_string\"}}],\"inLanguage\":\"en-GB\"},{\"@type\":\"Organization\",\"@id\":\"https:\/\/ferrolterrapetfriendly.gal\/#organization\",\"name\":\"Ferrolterra Pet Friendly\",\"url\":\"https:\/\/ferrolterrapetfriendly.gal\/\",\"logo\":{\"@type\":\"ImageObject\",\"inLanguage\":\"en-GB\",\"@id\":\"https:\/\/ferrolterrapetfriendly.gal\/#\/schema\/logo\/image\/\",\"url\":\"https:\/\/ferrolterrapetfriendly.gal\/wp-content\/uploads\/Logo-PetFriendly-ES-60px-1.png\",\"contentUrl\":\"https:\/\/ferrolterrapetfriendly.gal\/wp-content\/uploads\/Logo-PetFriendly-ES-60px-1.png\",\"width\":175,\"height\":60,\"caption\":\"Ferrolterra Pet Friendly\"},\"image\":{\"@id\":\"https:\/\/ferrolterrapetfriendly.gal\/#\/schema\/logo\/image\/\"}}]}<\/script>\n<!-- \/ Yoast SEO plugin. -->","yoast_head_json":{"title":"Convivencia - Ferrolterra Pet Friendly","description":"Recomendaciones, manifiesto, para facilitar la convivencia con perros durante la estancia en Ferrolterra, R\u00edas Altas, A Coru\u00f1a","robots":{"index":"index","follow":"follow","max-snippet":"max-snippet:-1","max-image-preview":"max-image-preview:large","max-video-preview":"max-video-preview:-1"},"canonical":"https:\/\/ferrolterrapetfriendly.gal\/en\/convivencia\/","og_locale":"en_GB","og_type":"article","og_title":"Convivencia - Ferrolterra Pet Friendly","og_description":"Recomendaciones, manifiesto, para facilitar la convivencia con perros durante la estancia en Ferrolterra, R\u00edas Altas, A Coru\u00f1a","og_url":"https:\/\/ferrolterrapetfriendly.gal\/en\/convivencia\/","og_site_name":"Ferrolterra Pet Friendly","article_modified_time":"2025-01-21T20:29:12+00:00","twitter_card":"summary_large_image","twitter_misc":{"Estimated reading time":"4 minutes"},"schema":{"@context":"https:\/\/schema.org","@graph":[{"@type":"WebPage","@id":"https:\/\/ferrolterrapetfriendly.gal\/convivencia\/","url":"https:\/\/ferrolterrapetfriendly.gal\/convivencia\/","name":"Convivencia - Ferrolterra Pet Friendly","isPartOf":{"@id":"https:\/\/ferrolterrapetfriendly.gal\/#website"},"datePublished":"2024-12-19T09:46:31+00:00","dateModified":"2025-01-21T20:29:12+00:00","description":"Recomendaciones, manifiesto, para facilitar la convivencia con perros durante la estancia en Ferrolterra, R\u00edas Altas, A Coru\u00f1a","breadcrumb":{"@id":"https:\/\/ferrolterrapetfriendly.gal\/convivencia\/#breadcrumb"},"inLanguage":"en-GB","potentialAction":[{"@type":"ReadAction","target":["https:\/\/ferrolterrapetfriendly.gal\/convivencia\/"]}]},{"@type":"BreadcrumbList","@id":"https:\/\/ferrolterrapetfriendly.gal\/convivencia\/#breadcrumb","itemListElement":[{"@type":"ListItem","position":1,"name":"Inicio","item":"https:\/\/ferrolterrapetfriendly.gal\/"},{"@type":"ListItem","position":2,"name":"Convivencia"}]},{"@type":"WebSite","@id":"https:\/\/ferrolterrapetfriendly.gal\/#website","url":"https:\/\/ferrolterrapetfriendly.gal\/","name":"Ferrolterra Pet Friendly","description":"Informaci\u00f3n de utilidad para visitar Ferrolterra con perro","publisher":{"@id":"https:\/\/ferrolterrapetfriendly.gal\/#organization"},"potentialAction":[{"@type":"SearchAction","target":{"@type":"EntryPoint","urlTemplate":"https:\/\/ferrolterrapetfriendly.gal\/?s={search_term_string}"},"query-input":{"@type":"PropertyValueSpecification","valueRequired":true,"valueName":"search_term_string"}}],"inLanguage":"en-GB"},{"@type":"Organization","@id":"https:\/\/ferrolterrapetfriendly.gal\/#organization","name":"Ferrolterra Pet Friendly","url":"https:\/\/ferrolterrapetfriendly.gal\/","logo":{"@type":"ImageObject","inLanguage":"en-GB","@id":"https:\/\/ferrolterrapetfriendly.gal\/#\/schema\/logo\/image\/","url":"https:\/\/ferrolterrapetfriendly.gal\/wp-content\/uploads\/Logo-PetFriendly-ES-60px-1.png","contentUrl":"https:\/\/ferrolterrapetfriendly.gal\/wp-content\/uploads\/Logo-PetFriendly-ES-60px-1.png","width":175,"height":60,"caption":"Ferrolterra Pet Friendly"},"image":{"@id":"https:\/\/ferrolterrapetfriendly.gal\/#\/schema\/logo\/image\/"}}]}},"_links":{"self":[{"href":"https:\/\/ferrolterrapetfriendly.gal\/en\/wp-json\/wp\/v2\/pages\/715","targetHints":{"allow":["GET"]}}],"collection":[{"href":"https:\/\/ferrolterrapetfriendly.gal\/en\/wp-json\/wp\/v2\/pages"}],"about":[{"href":"https:\/\/ferrolterrapetfriendly.gal\/en\/wp-json\/wp\/v2\/types\/page"}],"author":[{"embeddable":true,"href":"https:\/\/ferrolterrapetfriendly.gal\/en\/wp-json\/wp\/v2\/users\/1"}],"replies":[{"embeddable":true,"href":"https:\/\/ferrolterrapetfriendly.gal\/en\/wp-json\/wp\/v2\/comments?post=715"}],"version-history":[{"count":40,"href":"https:\/\/ferrolterrapetfriendly.gal\/en\/wp-json\/wp\/v2\/pages\/715\/revisions"}],"predecessor-version":[{"id":2802,"href":"https:\/\/ferrolterrapetfriendly.gal\/en\/wp-json\/wp\/v2\/pages\/715\/revisions\/2802"}],"wp:attachment":[{"href":"https:\/\/ferrolterrapetfriendly.gal\/en\/wp-json\/wp\/v2\/media?parent=715"}],"curies":[{"name":"wp","href":"https:\/\/api.w.org\/{rel}","templated":true}]}}