{"id":739,"date":"2024-12-19T11:06:03","date_gmt":"2024-12-19T10:06:03","guid":{"rendered":"https:\/\/ferrolterrapetfriendly.gal\/?page_id=739"},"modified":"2025-01-21T21:34:49","modified_gmt":"2025-01-21T20:34:49","slug":"legislacion-y-normativa","status":"publish","type":"page","link":"https:\/\/ferrolterrapetfriendly.gal\/en\/legislacion-y-normativa\/","title":{"rendered":"Legislation &amp; Regulations"},"content":{"rendered":"<div data-elementor-type=\"wp-page\" data-elementor-id=\"739\" class=\"elementor elementor-739\" data-elementor-post-type=\"page\">\n\t\t\t\t<div class=\"elementor-element elementor-element-d149e8e e-flex e-con-boxed e-con e-parent\" data-id=\"d149e8e\" data-element_type=\"container\" data-settings=\"{&quot;background_background&quot;:&quot;classic&quot;}\">\n\t\t\t\t\t<div class=\"e-con-inner\">\n\t\t\t\t<div class=\"elementor-element elementor-element-22fc9f1 elementor-widget elementor-widget-spacer\" data-id=\"22fc9f1\" data-element_type=\"widget\" data-widget_type=\"spacer.default\">\n\t\t\t\t<div class=\"elementor-widget-container\">\n\t\t\t\t\t<div class=\"elementor-spacer\">\n\t\t\t<div class=\"elementor-spacer-inner\"><\/div>\n\t\t<\/div>\n\t\t\t\t<\/div>\n\t\t\t\t<\/div>\n\t\t\t\t\t<\/div>\n\t\t\t\t<\/div>\n\t\t<div class=\"elementor-element elementor-element-d82249b rejilla e-flex e-con-boxed e-con e-parent\" data-id=\"d82249b\" data-element_type=\"container\">\n\t\t\t\t\t<div class=\"e-con-inner\">\n\t\t\t\t\t<\/div>\n\t\t\t\t<\/div>\n\t\t<div class=\"elementor-element elementor-element-79328f4 e-flex e-con-boxed e-con e-parent\" data-id=\"79328f4\" data-element_type=\"container\">\n\t\t\t\t\t<div class=\"e-con-inner\">\n\t\t\t\t<div class=\"elementor-element elementor-element-d6e30c3 elementor-widget elementor-widget-text-editor\" data-id=\"d6e30c3\" data-element_type=\"widget\" data-widget_type=\"text-editor.default\">\n\t\t\t\t<div class=\"elementor-widget-container\">\n\t\t\t\t\t\t\t<p>This is the national and regional legislation currently in force:<\/p>\n<ul>\n<li>Law 7\/2023 of March 28, on the protection of the rights and welfare of animals.&nbsp;<a href=\"https:\/\/www.boe.es\/buscar\/doc.php?id=BOE-A-2023-7936\">Full text in the Official Gazette (BOE)<\/a><br><br><\/li>\n<li>Law 4\/2017 of Oct. 3, on the protection and welfare of pets in Galicia.&nbsp;<a href=\"https:\/\/www.boe.es\/buscar\/act.php?id=BOE-A-2017-12357\">Full text in the Official Gazette (BOE)<\/a><br><br><\/li>\n<li>Law 5\/2018, of December 21, on access to places by individuals with disabilities accompanied by their service dogs.&nbsp;<a href=\"https:\/\/www.boe.es\/buscar\/doc.php?id=BOE-A-2019-1695\">Full text in the Official Gazette (BOE)<\/a><br><br><\/li>\n<\/ul>\n<p>There are also regulations applicable in natural and municipal areas and specific rules are in effect for beach use.<\/p>\n<p>In recent months, with the implementation of the new legislation, we are experiencing significant improvements in terms of the increasing number of places where dogs are welcome. However, the law has also created a lot of confusion. If you have any doubts, before you set off on your trip, don\u2019t hesitate to contact the municipality you are going to visit!<\/p>\n<p>Do you want to enter a business establishment and you\u2019re not sure if your dog can go in with you? If no information is posted or you don\u2019t see a sign on the door, just ask!<\/p>\n<p>According to the law, the decision to allow dogs on the premises is at the discretion of the owner of the business so it\u2019s always best to ask in each case. It\u2019s also important to specify the size of the dog, its breed, particularly if it belongs to any of the ones classified as potentially dangerous, and the number of dogs that will accompany you.<\/p>\n<p>There may even be places that have never even considered the possibility. But if you ask politely and they see how well-behaved your companion is, they will welcome you with open arms!<\/p>\n<p>If you want to participate in an active leisure activity in the company of your dog, always ask first! We\u2019re sure you\u2019ll find the one that best suits your situation and your tastes.<\/p>\n<p>In Galicia people who are accompanied by their service dogs are allowed to bring them everywhere; they may access all types of establishments and public transport, regardless of whether they are privately or publicly owned. Always have your pet\u2019s documentation with you in case you are asked to show it.<\/p>\n<p>Remember, it\u2019s the job of all of us who live with dogs to pave the way towards their integration. And, to achieve this goal, we must set an example. Every time we enter an establishment with our dog, in the eyes of other people we represent all multi-species families and the way we behave will determine whether others are welcomed or not in the future.<\/p>\t\t\t\t\t\t<\/div>\n\t\t\t\t<\/div>\n\t\t\t\t<div class=\"elementor-element elementor-element-0ea779e elementor-widget elementor-widget-heading\" data-id=\"0ea779e\" data-element_type=\"widget\" data-widget_type=\"heading.default\">\n\t\t\t\t<div class=\"elementor-widget-container\">\n\t\t\t<h2 class=\"elementor-heading-title elementor-size-default\">Thanks for helping to make the world a more pet friendly place!<\/h2>\t\t<\/div>\n\t\t\t\t<\/div>\n\t\t\t\t\t<\/div>\n\t\t\t\t<\/div>\n\t\t\t\t<\/div>","protected":false},"excerpt":{"rendered":"<p>\u00c9sta es la legislaci\u00f3n nacional y auton\u00f3mica actualmente en vigor: Ley 7\/2023, de 28 de marzo, de protecci\u00f3n de los derechos y el bienestar de los animales.&nbsp;Texto completo en BOE Ley 4\/2017, de 3 de octubre, de protecci\u00f3n y bienestar de los animales de compa\u00f1\u00eda en Galicia.&nbsp;Texto completo en BOE Ley 5\/2018, de 21 de [&hellip;]<\/p>","protected":false},"author":1,"featured_media":0,"parent":0,"menu_order":0,"comment_status":"closed","ping_status":"closed","template":"","meta":{"_monsterinsights_skip_tracking":false,"_monsterinsights_sitenote_active":false,"_monsterinsights_sitenote_note":"","_monsterinsights_sitenote_category":0,"footnotes":""},"class_list":["post-739","page","type-page","status-publish","hentry"],"yoast_head":"<!-- This site is optimized with the Yoast SEO plugin v24.1 - https:\/\/yoast.com\/wordpress\/plugins\/seo\/ -->\n<title>Legislaci\u00f3n &amp; Normativa - Ferrolterra Pet Friendly<\/title>\n<meta name=\"description\" content=\"Normativa a tener en cuenta si viajas con tu perro, con mascota a las R\u00edas Altas, Galicia. Normativa pet friendly\" \/>\n<meta name=\"robots\" content=\"index, follow, max-snippet:-1, max-image-preview:large, max-video-preview:-1\" \/>\n<link rel=\"canonical\" href=\"https:\/\/ferrolterrapetfriendly.gal\/en\/legislacion-y-normativa\/\" \/>\n<meta property=\"og:locale\" content=\"en_GB\" \/>\n<meta property=\"og:type\" content=\"article\" \/>\n<meta property=\"og:title\" content=\"Legislaci\u00f3n &amp; Normativa - Ferrolterra Pet Friendly\" \/>\n<meta property=\"og:description\" content=\"Normativa a tener en cuenta si viajas con tu perro, con mascota a las R\u00edas Altas, Galicia. Normativa pet friendly\" \/>\n<meta property=\"og:url\" content=\"https:\/\/ferrolterrapetfriendly.gal\/en\/legislacion-y-normativa\/\" \/>\n<meta property=\"og:site_name\" content=\"Ferrolterra Pet Friendly\" \/>\n<meta property=\"article:modified_time\" content=\"2025-01-21T20:34:49+00:00\" \/>\n<meta name=\"twitter:card\" content=\"summary_large_image\" \/>\n<meta name=\"twitter:label1\" content=\"Estimated reading time\" \/>\n\t<meta name=\"twitter:data1\" content=\"2 minutes\" \/>\n<script type=\"application\/ld+json\" class=\"yoast-schema-graph\">{\"@context\":\"https:\/\/schema.org\",\"@graph\":[{\"@type\":\"WebPage\",\"@id\":\"https:\/\/ferrolterrapetfriendly.gal\/legislacion-y-normativa\/\",\"url\":\"https:\/\/ferrolterrapetfriendly.gal\/legislacion-y-normativa\/\",\"name\":\"Legislaci\u00f3n & Normativa - Ferrolterra Pet Friendly\",\"isPartOf\":{\"@id\":\"https:\/\/ferrolterrapetfriendly.gal\/#website\"},\"datePublished\":\"2024-12-19T10:06:03+00:00\",\"dateModified\":\"2025-01-21T20:34:49+00:00\",\"description\":\"Normativa a tener en cuenta si viajas con tu perro, con mascota a las R\u00edas Altas, Galicia. Normativa pet friendly\",\"breadcrumb\":{\"@id\":\"https:\/\/ferrolterrapetfriendly.gal\/legislacion-y-normativa\/#breadcrumb\"},\"inLanguage\":\"en-GB\",\"potentialAction\":[{\"@type\":\"ReadAction\",\"target\":[\"https:\/\/ferrolterrapetfriendly.gal\/legislacion-y-normativa\/\"]}]},{\"@type\":\"BreadcrumbList\",\"@id\":\"https:\/\/ferrolterrapetfriendly.gal\/legislacion-y-normativa\/#breadcrumb\",\"itemListElement\":[{\"@type\":\"ListItem\",\"position\":1,\"name\":\"Inicio\",\"item\":\"https:\/\/ferrolterrapetfriendly.gal\/\"},{\"@type\":\"ListItem\",\"position\":2,\"name\":\"Legislaci\u00f3n &#038; Normativa\"}]},{\"@type\":\"WebSite\",\"@id\":\"https:\/\/ferrolterrapetfriendly.gal\/#website\",\"url\":\"https:\/\/ferrolterrapetfriendly.gal\/\",\"name\":\"Ferrolterra Pet Friendly\",\"description\":\"Informaci\u00f3n de utilidad para visitar Ferrolterra con perro\",\"publisher\":{\"@id\":\"https:\/\/ferrolterrapetfriendly.gal\/#organization\"},\"potentialAction\":[{\"@type\":\"SearchAction\",\"target\":{\"@type\":\"EntryPoint\",\"urlTemplate\":\"https:\/\/ferrolterrapetfriendly.gal\/?s={search_term_string}\"},\"query-input\":{\"@type\":\"PropertyValueSpecification\",\"valueRequired\":true,\"valueName\":\"search_term_string\"}}],\"inLanguage\":\"en-GB\"},{\"@type\":\"Organization\",\"@id\":\"https:\/\/ferrolterrapetfriendly.gal\/#organization\",\"name\":\"Ferrolterra Pet Friendly\",\"url\":\"https:\/\/ferrolterrapetfriendly.gal\/\",\"logo\":{\"@type\":\"ImageObject\",\"inLanguage\":\"en-GB\",\"@id\":\"https:\/\/ferrolterrapetfriendly.gal\/#\/schema\/logo\/image\/\",\"url\":\"https:\/\/ferrolterrapetfriendly.gal\/wp-content\/uploads\/Logo-PetFriendly-ES-60px-1.png\",\"contentUrl\":\"https:\/\/ferrolterrapetfriendly.gal\/wp-content\/uploads\/Logo-PetFriendly-ES-60px-1.png\",\"width\":175,\"height\":60,\"caption\":\"Ferrolterra Pet Friendly\"},\"image\":{\"@id\":\"https:\/\/ferrolterrapetfriendly.gal\/#\/schema\/logo\/image\/\"}}]}<\/script>\n<!-- \/ Yoast SEO plugin. -->","yoast_head_json":{"title":"Legislaci\u00f3n & Normativa - Ferrolterra Pet Friendly","description":"Normativa a tener en cuenta si viajas con tu perro, con mascota a las R\u00edas Altas, Galicia. Normativa pet friendly","robots":{"index":"index","follow":"follow","max-snippet":"max-snippet:-1","max-image-preview":"max-image-preview:large","max-video-preview":"max-video-preview:-1"},"canonical":"https:\/\/ferrolterrapetfriendly.gal\/en\/legislacion-y-normativa\/","og_locale":"en_GB","og_type":"article","og_title":"Legislaci\u00f3n & Normativa - Ferrolterra Pet Friendly","og_description":"Normativa a tener en cuenta si viajas con tu perro, con mascota a las R\u00edas Altas, Galicia. Normativa pet friendly","og_url":"https:\/\/ferrolterrapetfriendly.gal\/en\/legislacion-y-normativa\/","og_site_name":"Ferrolterra Pet Friendly","article_modified_time":"2025-01-21T20:34:49+00:00","twitter_card":"summary_large_image","twitter_misc":{"Estimated reading time":"2 minutes"},"schema":{"@context":"https:\/\/schema.org","@graph":[{"@type":"WebPage","@id":"https:\/\/ferrolterrapetfriendly.gal\/legislacion-y-normativa\/","url":"https:\/\/ferrolterrapetfriendly.gal\/legislacion-y-normativa\/","name":"Legislaci\u00f3n & Normativa - Ferrolterra Pet Friendly","isPartOf":{"@id":"https:\/\/ferrolterrapetfriendly.gal\/#website"},"datePublished":"2024-12-19T10:06:03+00:00","dateModified":"2025-01-21T20:34:49+00:00","description":"Normativa a tener en cuenta si viajas con tu perro, con mascota a las R\u00edas Altas, Galicia. Normativa pet friendly","breadcrumb":{"@id":"https:\/\/ferrolterrapetfriendly.gal\/legislacion-y-normativa\/#breadcrumb"},"inLanguage":"en-GB","potentialAction":[{"@type":"ReadAction","target":["https:\/\/ferrolterrapetfriendly.gal\/legislacion-y-normativa\/"]}]},{"@type":"BreadcrumbList","@id":"https:\/\/ferrolterrapetfriendly.gal\/legislacion-y-normativa\/#breadcrumb","itemListElement":[{"@type":"ListItem","position":1,"name":"Inicio","item":"https:\/\/ferrolterrapetfriendly.gal\/"},{"@type":"ListItem","position":2,"name":"Legislaci\u00f3n &#038; Normativa"}]},{"@type":"WebSite","@id":"https:\/\/ferrolterrapetfriendly.gal\/#website","url":"https:\/\/ferrolterrapetfriendly.gal\/","name":"Ferrolterra Pet Friendly","description":"Informaci\u00f3n de utilidad para visitar Ferrolterra con perro","publisher":{"@id":"https:\/\/ferrolterrapetfriendly.gal\/#organization"},"potentialAction":[{"@type":"SearchAction","target":{"@type":"EntryPoint","urlTemplate":"https:\/\/ferrolterrapetfriendly.gal\/?s={search_term_string}"},"query-input":{"@type":"PropertyValueSpecification","valueRequired":true,"valueName":"search_term_string"}}],"inLanguage":"en-GB"},{"@type":"Organization","@id":"https:\/\/ferrolterrapetfriendly.gal\/#organization","name":"Ferrolterra Pet Friendly","url":"https:\/\/ferrolterrapetfriendly.gal\/","logo":{"@type":"ImageObject","inLanguage":"en-GB","@id":"https:\/\/ferrolterrapetfriendly.gal\/#\/schema\/logo\/image\/","url":"https:\/\/ferrolterrapetfriendly.gal\/wp-content\/uploads\/Logo-PetFriendly-ES-60px-1.png","contentUrl":"https:\/\/ferrolterrapetfriendly.gal\/wp-content\/uploads\/Logo-PetFriendly-ES-60px-1.png","width":175,"height":60,"caption":"Ferrolterra Pet Friendly"},"image":{"@id":"https:\/\/ferrolterrapetfriendly.gal\/#\/schema\/logo\/image\/"}}]}},"_links":{"self":[{"href":"https:\/\/ferrolterrapetfriendly.gal\/en\/wp-json\/wp\/v2\/pages\/739","targetHints":{"allow":["GET"]}}],"collection":[{"href":"https:\/\/ferrolterrapetfriendly.gal\/en\/wp-json\/wp\/v2\/pages"}],"about":[{"href":"https:\/\/ferrolterrapetfriendly.gal\/en\/wp-json\/wp\/v2\/types\/page"}],"author":[{"embeddable":true,"href":"https:\/\/ferrolterrapetfriendly.gal\/en\/wp-json\/wp\/v2\/users\/1"}],"replies":[{"embeddable":true,"href":"https:\/\/ferrolterrapetfriendly.gal\/en\/wp-json\/wp\/v2\/comments?post=739"}],"version-history":[{"count":36,"href":"https:\/\/ferrolterrapetfriendly.gal\/en\/wp-json\/wp\/v2\/pages\/739\/revisions"}],"predecessor-version":[{"id":2818,"href":"https:\/\/ferrolterrapetfriendly.gal\/en\/wp-json\/wp\/v2\/pages\/739\/revisions\/2818"}],"wp:attachment":[{"href":"https:\/\/ferrolterrapetfriendly.gal\/en\/wp-json\/wp\/v2\/media?parent=739"}],"curies":[{"name":"wp","href":"https:\/\/api.w.org\/{rel}","templated":true}]}}