{"id":829,"date":"2024-12-19T13:31:00","date_gmt":"2024-12-19T12:31:00","guid":{"rendered":"https:\/\/ferrolterrapetfriendly.gal\/?page_id=829"},"modified":"2025-01-16T19:28:06","modified_gmt":"2025-01-16T18:28:06","slug":"refugio-de-mouga","status":"publish","type":"page","link":"https:\/\/ferrolterrapetfriendly.gal\/en\/refugio-de-mouga\/","title":{"rendered":"Moug\u00e1 Shelter"},"content":{"rendered":"<div data-elementor-type=\"wp-page\" data-elementor-id=\"829\" class=\"elementor elementor-829\" data-elementor-post-type=\"page\">\n\t\t\t\t<div class=\"elementor-element elementor-element-d149e8e e-flex e-con-boxed e-con e-parent\" data-id=\"d149e8e\" data-element_type=\"container\" data-settings=\"{&quot;background_background&quot;:&quot;classic&quot;}\">\n\t\t\t\t\t<div class=\"e-con-inner\">\n\t\t\t\t<div class=\"elementor-element elementor-element-22fc9f1 elementor-widget elementor-widget-spacer\" data-id=\"22fc9f1\" data-element_type=\"widget\" data-widget_type=\"spacer.default\">\n\t\t\t\t<div class=\"elementor-widget-container\">\n\t\t\t\t\t<div class=\"elementor-spacer\">\n\t\t\t<div class=\"elementor-spacer-inner\"><\/div>\n\t\t<\/div>\n\t\t\t\t<\/div>\n\t\t\t\t<\/div>\n\t\t\t\t\t<\/div>\n\t\t\t\t<\/div>\n\t\t<div class=\"elementor-element elementor-element-d82249b e-flex e-con-boxed e-con e-parent\" data-id=\"d82249b\" data-element_type=\"container\">\n\t\t\t\t\t<div class=\"e-con-inner\">\n\t\t\t\t<div class=\"elementor-element elementor-element-429197c elementor-widget elementor-widget-text-editor\" data-id=\"429197c\" data-element_type=\"widget\" data-widget_type=\"text-editor.default\">\n\t\t\t\t<div class=\"elementor-widget-container\">\n\t\t\t\t\t\t\t<p>Duna, now called Hope, is so happy since her new family adopted her on the spot even though she is confined to a chair due to the abusive treatment she suffered.<\/p>\t\t\t\t\t\t<\/div>\n\t\t\t\t<\/div>\n\t\t\t\t\t<\/div>\n\t\t\t\t<\/div>\n\t\t<div class=\"elementor-element elementor-element-28432ab e-flex e-con-boxed e-con e-parent\" data-id=\"28432ab\" data-element_type=\"container\">\n\t\t\t\t\t<div class=\"e-con-inner\">\n\t\t\t\t\t<\/div>\n\t\t\t\t<\/div>\n\t\t<div class=\"elementor-element elementor-element-79328f4 e-flex e-con-boxed e-con e-parent\" data-id=\"79328f4\" data-element_type=\"container\">\n\t\t\t\t\t<div class=\"e-con-inner\">\n\t\t\t\t<div class=\"elementor-element elementor-element-d6e30c3 elementor-widget elementor-widget-text-editor\" data-id=\"d6e30c3\" data-element_type=\"widget\" data-widget_type=\"text-editor.default\">\n\t\t\t\t<div class=\"elementor-widget-container\">\n\t\t\t\t\t\t\t<p>The Moug\u00e1 Animal Shelter is dedicated to caring for pets that need a new family and a new home. It is open 24\/7 all year round to provide care and rescue lost or abandoned pets.<\/p><p>The Shelter has legal authorization to process adoptions.\u00a0<a href=\"https:\/\/mascuidados.com\/disponibles-para-adoptar\/\" target=\"_blank\" rel=\"noopener\">Click here to meet animals for adoption.<\/a>.<\/p><p>Its team of attendants is experienced in responsible adoption management and they do their best to help the dogs and cats that arrive at the shelter find their ideal new family as soon as possible.<\/p><p>One example of the more than 200 dogs and cats that find a new home every year is\u00a0<em>Duna<\/em>, now\u00a0<strong>Hope<\/strong>who is living a happy life with her new family. They adopted her on the spot even though her limited mobility caused by abusive treatment has confined her to a chair.<\/p><p>The municipalities of the Commonwealth of Ferrol (Ares, Cabanas, Cedeira, Fene, Ferrol, Mugardos, Nar\u00f3n, Neda and Valdovi\u00f1o) are fully aware of the importance of protecting the rights and welfare of animals. They are also mindful of the fundamental role that individuals play in responsible ownership and the need to condemn and prosecute abuse and neglect.<\/p><p>If you see an animal wandering around without his owner, please call 112 or the local police so that the shelter can arrange for him to be collected.<\/p><p>If your companion gets lost or you wish to add another pet to your family through adoption, you can contact the shelter and visit during opening hours.<\/p>\t\t\t\t\t\t<\/div>\n\t\t\t\t<\/div>\n\t\t\t\t<div class=\"elementor-element elementor-element-1b35d39 elementor-widget elementor-widget-heading\" data-id=\"1b35d39\" data-element_type=\"widget\" data-widget_type=\"heading.default\">\n\t\t\t\t<div class=\"elementor-widget-container\">\n\t\t\t<h2 class=\"elementor-heading-title elementor-size-default\">Contact with Moug\u00e1 Shelter<\/h2>\t\t<\/div>\n\t\t\t\t<\/div>\n\t\t\t\t<div class=\"elementor-element elementor-element-0023de4 elementor-widget elementor-widget-text-editor\" data-id=\"0023de4\" data-element_type=\"widget\" data-widget_type=\"text-editor.default\">\n\t\t\t\t<div class=\"elementor-widget-container\">\n\t\t\t\t\t\t\t<p><strong>Visiting hours:<\/strong>\u00a0Monday-Friday 11:30 \u2013 18:30 and Saturday 10:00 \u2013 14:30 (previous appointment necessary)<\/p><p><strong>Telephone hours:<\/strong>\u00a0Monday-Friday 10:30 \u2013 18:30 and Saturday 10:00 \u2013 14:30<\/p><p><a href=\"https:\/\/www.google.com\/maps\/dir\/\/Moug%C3%A1,+15594,+A+Coru%C3%B1a\/@43.5146798,-8.3719819,12z\/data=!4m8!4m7!1m0!1m5!1m1!1s0xd2dd95e807a0d11:0xf57726ced730e25!2m2!1d-8.2895812!2d43.5147094?entry=ttu\" target=\"_blank\" rel=\"noopener\">How to get there (Googe Maps)<\/a><\/p><p><a href=\"tel: 34633381763\">+34 633 38 17 63<\/a><\/p><p><a href=\"mailto:refuxio@ferrol.es\">refuxio@ferrol.es<\/a><\/p><p><a href=\"https:\/\/comarcaferrolterra.wordpress.com\/\" target=\"_blank\" rel=\"noopener\">\u00bfMore info? Click to see Mancomunidade web<\/a><\/p>\t\t\t\t\t\t<\/div>\n\t\t\t\t<\/div>\n\t\t\t\t\t<\/div>\n\t\t\t\t<\/div>\n\t\t\t\t<\/div>","protected":false},"excerpt":{"rendered":"<p>Duna, ahora Hope, es as\u00ed de feliz desde que su nueva familia no dud\u00f3 en adoptarla a pesar de precisar una silla como consecuencia del maltrato sufrido El Refugio de Animales de Moug\u00e1 es un centro dedicado a acoger animales dom\u00e9sticos que precisan una nueva familia, un nuevo hogar. Da servicio las 24 horas del [&hellip;]<\/p>","protected":false},"author":1,"featured_media":0,"parent":0,"menu_order":0,"comment_status":"closed","ping_status":"closed","template":"","meta":{"_monsterinsights_skip_tracking":false,"_monsterinsights_sitenote_active":false,"_monsterinsights_sitenote_note":"","_monsterinsights_sitenote_category":0,"footnotes":""},"class_list":["post-829","page","type-page","status-publish","hentry"],"yoast_head":"<!-- This site is optimized with the Yoast SEO plugin v24.1 - https:\/\/yoast.com\/wordpress\/plugins\/seo\/ -->\n<title>Refugio de Moug\u00e1 - Ferrolterra Pet Friendly<\/title>\n<meta name=\"description\" content=\"Centro que acoge animales que buscan una nueva familia en Ares, Cabanas, Cedeira, Fene, Ferrol, Mugardos, Nar\u00f3n, Neda y Valdovi\u00f1o\" \/>\n<meta name=\"robots\" content=\"index, follow, max-snippet:-1, max-image-preview:large, max-video-preview:-1\" \/>\n<link rel=\"canonical\" href=\"https:\/\/ferrolterrapetfriendly.gal\/en\/refugio-de-mouga\/\" \/>\n<meta property=\"og:locale\" content=\"en_GB\" \/>\n<meta property=\"og:type\" content=\"article\" \/>\n<meta property=\"og:title\" content=\"Refugio de Moug\u00e1 - Ferrolterra Pet Friendly\" \/>\n<meta property=\"og:description\" content=\"Centro que acoge animales que buscan una nueva familia en Ares, Cabanas, Cedeira, Fene, Ferrol, Mugardos, Nar\u00f3n, Neda y Valdovi\u00f1o\" \/>\n<meta property=\"og:url\" content=\"https:\/\/ferrolterrapetfriendly.gal\/en\/refugio-de-mouga\/\" \/>\n<meta property=\"og:site_name\" content=\"Ferrolterra Pet Friendly\" \/>\n<meta property=\"article:modified_time\" content=\"2025-01-16T18:28:06+00:00\" \/>\n<meta name=\"twitter:card\" content=\"summary_large_image\" \/>\n<meta name=\"twitter:label1\" content=\"Estimated reading time\" \/>\n\t<meta name=\"twitter:data1\" content=\"2 minutes\" \/>\n<script type=\"application\/ld+json\" class=\"yoast-schema-graph\">{\"@context\":\"https:\/\/schema.org\",\"@graph\":[{\"@type\":\"WebPage\",\"@id\":\"https:\/\/ferrolterrapetfriendly.gal\/refugio-de-mouga\/\",\"url\":\"https:\/\/ferrolterrapetfriendly.gal\/refugio-de-mouga\/\",\"name\":\"Refugio de Moug\u00e1 - Ferrolterra Pet Friendly\",\"isPartOf\":{\"@id\":\"https:\/\/ferrolterrapetfriendly.gal\/#website\"},\"datePublished\":\"2024-12-19T12:31:00+00:00\",\"dateModified\":\"2025-01-16T18:28:06+00:00\",\"description\":\"Centro que acoge animales que buscan una nueva familia en Ares, Cabanas, Cedeira, Fene, Ferrol, Mugardos, Nar\u00f3n, Neda y Valdovi\u00f1o\",\"breadcrumb\":{\"@id\":\"https:\/\/ferrolterrapetfriendly.gal\/refugio-de-mouga\/#breadcrumb\"},\"inLanguage\":\"en-GB\",\"potentialAction\":[{\"@type\":\"ReadAction\",\"target\":[\"https:\/\/ferrolterrapetfriendly.gal\/refugio-de-mouga\/\"]}]},{\"@type\":\"BreadcrumbList\",\"@id\":\"https:\/\/ferrolterrapetfriendly.gal\/refugio-de-mouga\/#breadcrumb\",\"itemListElement\":[{\"@type\":\"ListItem\",\"position\":1,\"name\":\"Inicio\",\"item\":\"https:\/\/ferrolterrapetfriendly.gal\/\"},{\"@type\":\"ListItem\",\"position\":2,\"name\":\"Refugio de Moug\u00e1\"}]},{\"@type\":\"WebSite\",\"@id\":\"https:\/\/ferrolterrapetfriendly.gal\/#website\",\"url\":\"https:\/\/ferrolterrapetfriendly.gal\/\",\"name\":\"Ferrolterra Pet Friendly\",\"description\":\"Informaci\u00f3n de utilidad para visitar Ferrolterra con perro\",\"publisher\":{\"@id\":\"https:\/\/ferrolterrapetfriendly.gal\/#organization\"},\"potentialAction\":[{\"@type\":\"SearchAction\",\"target\":{\"@type\":\"EntryPoint\",\"urlTemplate\":\"https:\/\/ferrolterrapetfriendly.gal\/?s={search_term_string}\"},\"query-input\":{\"@type\":\"PropertyValueSpecification\",\"valueRequired\":true,\"valueName\":\"search_term_string\"}}],\"inLanguage\":\"en-GB\"},{\"@type\":\"Organization\",\"@id\":\"https:\/\/ferrolterrapetfriendly.gal\/#organization\",\"name\":\"Ferrolterra Pet Friendly\",\"url\":\"https:\/\/ferrolterrapetfriendly.gal\/\",\"logo\":{\"@type\":\"ImageObject\",\"inLanguage\":\"en-GB\",\"@id\":\"https:\/\/ferrolterrapetfriendly.gal\/#\/schema\/logo\/image\/\",\"url\":\"https:\/\/ferrolterrapetfriendly.gal\/wp-content\/uploads\/Logo-PetFriendly-ES-60px-1.png\",\"contentUrl\":\"https:\/\/ferrolterrapetfriendly.gal\/wp-content\/uploads\/Logo-PetFriendly-ES-60px-1.png\",\"width\":175,\"height\":60,\"caption\":\"Ferrolterra Pet Friendly\"},\"image\":{\"@id\":\"https:\/\/ferrolterrapetfriendly.gal\/#\/schema\/logo\/image\/\"}}]}<\/script>\n<!-- \/ Yoast SEO plugin. -->","yoast_head_json":{"title":"Refugio de Moug\u00e1 - Ferrolterra Pet Friendly","description":"Centro que acoge animales que buscan una nueva familia en Ares, Cabanas, Cedeira, Fene, Ferrol, Mugardos, Nar\u00f3n, Neda y Valdovi\u00f1o","robots":{"index":"index","follow":"follow","max-snippet":"max-snippet:-1","max-image-preview":"max-image-preview:large","max-video-preview":"max-video-preview:-1"},"canonical":"https:\/\/ferrolterrapetfriendly.gal\/en\/refugio-de-mouga\/","og_locale":"en_GB","og_type":"article","og_title":"Refugio de Moug\u00e1 - Ferrolterra Pet Friendly","og_description":"Centro que acoge animales que buscan una nueva familia en Ares, Cabanas, Cedeira, Fene, Ferrol, Mugardos, Nar\u00f3n, Neda y Valdovi\u00f1o","og_url":"https:\/\/ferrolterrapetfriendly.gal\/en\/refugio-de-mouga\/","og_site_name":"Ferrolterra Pet Friendly","article_modified_time":"2025-01-16T18:28:06+00:00","twitter_card":"summary_large_image","twitter_misc":{"Estimated reading time":"2 minutes"},"schema":{"@context":"https:\/\/schema.org","@graph":[{"@type":"WebPage","@id":"https:\/\/ferrolterrapetfriendly.gal\/refugio-de-mouga\/","url":"https:\/\/ferrolterrapetfriendly.gal\/refugio-de-mouga\/","name":"Refugio de Moug\u00e1 - Ferrolterra Pet Friendly","isPartOf":{"@id":"https:\/\/ferrolterrapetfriendly.gal\/#website"},"datePublished":"2024-12-19T12:31:00+00:00","dateModified":"2025-01-16T18:28:06+00:00","description":"Centro que acoge animales que buscan una nueva familia en Ares, Cabanas, Cedeira, Fene, Ferrol, Mugardos, Nar\u00f3n, Neda y Valdovi\u00f1o","breadcrumb":{"@id":"https:\/\/ferrolterrapetfriendly.gal\/refugio-de-mouga\/#breadcrumb"},"inLanguage":"en-GB","potentialAction":[{"@type":"ReadAction","target":["https:\/\/ferrolterrapetfriendly.gal\/refugio-de-mouga\/"]}]},{"@type":"BreadcrumbList","@id":"https:\/\/ferrolterrapetfriendly.gal\/refugio-de-mouga\/#breadcrumb","itemListElement":[{"@type":"ListItem","position":1,"name":"Inicio","item":"https:\/\/ferrolterrapetfriendly.gal\/"},{"@type":"ListItem","position":2,"name":"Refugio de Moug\u00e1"}]},{"@type":"WebSite","@id":"https:\/\/ferrolterrapetfriendly.gal\/#website","url":"https:\/\/ferrolterrapetfriendly.gal\/","name":"Ferrolterra Pet Friendly","description":"Informaci\u00f3n de utilidad para visitar Ferrolterra con perro","publisher":{"@id":"https:\/\/ferrolterrapetfriendly.gal\/#organization"},"potentialAction":[{"@type":"SearchAction","target":{"@type":"EntryPoint","urlTemplate":"https:\/\/ferrolterrapetfriendly.gal\/?s={search_term_string}"},"query-input":{"@type":"PropertyValueSpecification","valueRequired":true,"valueName":"search_term_string"}}],"inLanguage":"en-GB"},{"@type":"Organization","@id":"https:\/\/ferrolterrapetfriendly.gal\/#organization","name":"Ferrolterra Pet Friendly","url":"https:\/\/ferrolterrapetfriendly.gal\/","logo":{"@type":"ImageObject","inLanguage":"en-GB","@id":"https:\/\/ferrolterrapetfriendly.gal\/#\/schema\/logo\/image\/","url":"https:\/\/ferrolterrapetfriendly.gal\/wp-content\/uploads\/Logo-PetFriendly-ES-60px-1.png","contentUrl":"https:\/\/ferrolterrapetfriendly.gal\/wp-content\/uploads\/Logo-PetFriendly-ES-60px-1.png","width":175,"height":60,"caption":"Ferrolterra Pet Friendly"},"image":{"@id":"https:\/\/ferrolterrapetfriendly.gal\/#\/schema\/logo\/image\/"}}]}},"_links":{"self":[{"href":"https:\/\/ferrolterrapetfriendly.gal\/en\/wp-json\/wp\/v2\/pages\/829","targetHints":{"allow":["GET"]}}],"collection":[{"href":"https:\/\/ferrolterrapetfriendly.gal\/en\/wp-json\/wp\/v2\/pages"}],"about":[{"href":"https:\/\/ferrolterrapetfriendly.gal\/en\/wp-json\/wp\/v2\/types\/page"}],"author":[{"embeddable":true,"href":"https:\/\/ferrolterrapetfriendly.gal\/en\/wp-json\/wp\/v2\/users\/1"}],"replies":[{"embeddable":true,"href":"https:\/\/ferrolterrapetfriendly.gal\/en\/wp-json\/wp\/v2\/comments?post=829"}],"version-history":[{"count":36,"href":"https:\/\/ferrolterrapetfriendly.gal\/en\/wp-json\/wp\/v2\/pages\/829\/revisions"}],"predecessor-version":[{"id":2777,"href":"https:\/\/ferrolterrapetfriendly.gal\/en\/wp-json\/wp\/v2\/pages\/829\/revisions\/2777"}],"wp:attachment":[{"href":"https:\/\/ferrolterrapetfriendly.gal\/en\/wp-json\/wp\/v2\/media?parent=829"}],"curies":[{"name":"wp","href":"https:\/\/api.w.org\/{rel}","templated":true}]}}