{"id":867,"date":"2024-12-19T13:51:21","date_gmt":"2024-12-19T12:51:21","guid":{"rendered":"https:\/\/ferrolterrapetfriendly.gal\/?page_id=867"},"modified":"2025-01-21T21:38:00","modified_gmt":"2025-01-21T20:38:00","slug":"que-hacer","status":"publish","type":"page","link":"https:\/\/ferrolterrapetfriendly.gal\/en\/que-hacer\/","title":{"rendered":"What to do?"},"content":{"rendered":"<div data-elementor-type=\"wp-page\" data-elementor-id=\"867\" class=\"elementor elementor-867\" data-elementor-post-type=\"page\">\n\t\t\t\t<div class=\"elementor-element elementor-element-d149e8e e-flex e-con-boxed e-con e-parent\" data-id=\"d149e8e\" data-element_type=\"container\" data-settings=\"{&quot;background_background&quot;:&quot;classic&quot;}\">\n\t\t\t\t\t<div class=\"e-con-inner\">\n\t\t\t\t<div class=\"elementor-element elementor-element-22fc9f1 elementor-widget elementor-widget-spacer\" data-id=\"22fc9f1\" data-element_type=\"widget\" data-widget_type=\"spacer.default\">\n\t\t\t\t<div class=\"elementor-widget-container\">\n\t\t\t\t\t<div class=\"elementor-spacer\">\n\t\t\t<div class=\"elementor-spacer-inner\"><\/div>\n\t\t<\/div>\n\t\t\t\t<\/div>\n\t\t\t\t<\/div>\n\t\t\t\t\t<\/div>\n\t\t\t\t<\/div>\n\t\t<div class=\"elementor-element elementor-element-28432ab e-flex e-con-boxed e-con e-parent\" data-id=\"28432ab\" data-element_type=\"container\">\n\t\t\t\t\t<div class=\"e-con-inner\">\n\t\t\t\t<div class=\"elementor-element elementor-element-1b35d39 elementor-widget elementor-widget-heading\" data-id=\"1b35d39\" data-element_type=\"widget\" data-widget_type=\"heading.default\">\n\t\t\t\t<div class=\"elementor-widget-container\">\n\t\t\t<h2 class=\"elementor-heading-title elementor-size-default\">If your companion gets lost<\/h2>\t\t<\/div>\n\t\t\t\t<\/div>\n\t\t\t\t\t<\/div>\n\t\t\t\t<\/div>\n\t\t<div class=\"elementor-element elementor-element-79328f4 e-flex e-con-boxed e-con e-parent\" data-id=\"79328f4\" data-element_type=\"container\">\n\t\t\t\t\t<div class=\"e-con-inner\">\n\t\t\t\t<div class=\"elementor-element elementor-element-d6e30c3 elementor-widget elementor-widget-text-editor\" data-id=\"d6e30c3\" data-element_type=\"widget\" data-widget_type=\"text-editor.default\">\n\t\t\t\t<div class=\"elementor-widget-container\">\n\t\t\t\t\t\t\t<p>First, try to keep calm. If he was frightened by something, it is quite likely that he won\u2019t be far off and is hiding somewhere. Another thing you can do is to go back to the last place you saw him. It will help if you have someone you trust to stay at one place while you go to the other.<\/p><p>Keep the contact phone numbers of your dog\u2019s identification tag and microchip handy and make sure the phones are operative.<\/p><p>Be as quick as you can. Spread the word around. Keep a photo with you, show it and share it. The more people who know about it the better.<\/p><p>The power of social media is incredible!<\/p><p>Report your dog is missing with the Local Police or Civil Guard within forty-eight hours of the time you realized he was missing.<\/p><p>To do this, you\u2019ll need his microchip number. This step is important, as the police might come across your dog while they\u2019re on patrol or someone may notify them that they have seen your pet.<\/p><p>Notify\u00a0<a href=\"https:\/\/ferrolterrapetfriendly.gal\/en\/clinicas-veterinarias\/\" target=\"_blank\" rel=\"noopener\">veterinarians<\/a>, shelters and the\u00a0<a href=\"https:\/\/ferrolterrapetfriendly.gal\/en\/refugio-de-mouga\/\" target=\"_blank\" rel=\"noopener\">Moug\u00e1 Shelter<\/a>.<\/p><p>Give them all the information you can. Indicate the dog\u2019s name, description, microchip number as well as the date, time and place where he was lost. That way they\u2019ll be able to tell you if the data match any animal that someone has reported or that might have been picked up.<\/p><p>Some insurance policies cover the expenses incurred in the search, including ads in newspapers or on the radio. <br> <br>\nGo for it! Don\u2019t give up!<\/p><p>Remember that microchip ID\u2019s, in addition to being mandatory will help bring your dog home.<\/p>\t\t\t\t\t\t<\/div>\n\t\t\t\t<\/div>\n\t\t\t\t<div class=\"elementor-element elementor-element-fb1cd64 elementor-widget elementor-widget-heading\" data-id=\"fb1cd64\" data-element_type=\"widget\" data-widget_type=\"heading.default\">\n\t\t\t\t<div class=\"elementor-widget-container\">\n\t\t\t<h2 class=\"elementor-heading-title elementor-size-default\">If you find a lost or abandoned animal<\/h2>\t\t<\/div>\n\t\t\t\t<\/div>\n\t\t\t\t<div class=\"elementor-element elementor-element-2e2fc6e elementor-widget elementor-widget-text-editor\" data-id=\"2e2fc6e\" data-element_type=\"widget\" data-widget_type=\"text-editor.default\">\n\t\t\t\t<div class=\"elementor-widget-container\">\n\t\t\t\t\t\t\t<p>If the animal cooperates, try to restrain him and never let him out of your sight. It\u2019s quite possible his family will appear soon.<\/p><p>If the animal doesn\u2019t allow anyone to go near him, it\u2019s important to try and keep an eye on him until his family comes to get him.<\/p><p>Don\u2019t take him home! Call 112 so that they can contact the owner and\/or advise them to come and pick him up.<\/p><p>To find the dog\u2019s family, it would be very helpful to take a picture of him and upload it to the social media.<\/p>\t\t\t\t\t\t<\/div>\n\t\t\t\t<\/div>\n\t\t\t\t\t<\/div>\n\t\t\t\t<\/div>\n\t\t\t\t<\/div>","protected":false},"excerpt":{"rendered":"<p>Si se pierde tu compa\u00f1ero Ante todo procura mantener la calma. Si se asust\u00f3 es muy posible que est\u00e9 cerca de ti y se haya escondido. Otra opci\u00f3n es que trate de regresar al \u00faltimo lugar donde estuvisteis. Ser\u00e1 de gran ayuda si cuentas con alguien de vuestra confianza para estar en los dos sitios [&hellip;]<\/p>","protected":false},"author":1,"featured_media":0,"parent":0,"menu_order":0,"comment_status":"closed","ping_status":"closed","template":"","meta":{"_monsterinsights_skip_tracking":false,"_monsterinsights_sitenote_active":false,"_monsterinsights_sitenote_note":"","_monsterinsights_sitenote_category":0,"footnotes":""},"class_list":["post-867","page","type-page","status-publish","hentry"],"yoast_head":"<!-- This site is optimized with the Yoast SEO plugin v24.1 - https:\/\/yoast.com\/wordpress\/plugins\/seo\/ -->\n<title>\u00bfQu\u00e9 hacer? - Ferrolterra Pet Friendly<\/title>\n<meta name=\"description\" content=\"Qu\u00e9 hacer si se pierde tu perro, tu gato, tu mascota. Qu\u00e9 hacer si encuentras un animal perdido o que necesita ayuda\" \/>\n<meta name=\"robots\" content=\"index, follow, max-snippet:-1, max-image-preview:large, max-video-preview:-1\" \/>\n<link rel=\"canonical\" href=\"https:\/\/ferrolterrapetfriendly.gal\/en\/que-hacer\/\" \/>\n<meta property=\"og:locale\" content=\"en_GB\" \/>\n<meta property=\"og:type\" content=\"article\" \/>\n<meta property=\"og:title\" content=\"\u00bfQu\u00e9 hacer? - Ferrolterra Pet Friendly\" \/>\n<meta property=\"og:description\" content=\"Qu\u00e9 hacer si se pierde tu perro, tu gato, tu mascota. Qu\u00e9 hacer si encuentras un animal perdido o que necesita ayuda\" \/>\n<meta property=\"og:url\" content=\"https:\/\/ferrolterrapetfriendly.gal\/en\/que-hacer\/\" \/>\n<meta property=\"og:site_name\" content=\"Ferrolterra Pet Friendly\" \/>\n<meta property=\"article:modified_time\" content=\"2025-01-21T20:38:00+00:00\" \/>\n<meta name=\"twitter:card\" content=\"summary_large_image\" \/>\n<meta name=\"twitter:label1\" content=\"Estimated reading time\" \/>\n\t<meta name=\"twitter:data1\" content=\"2 minutes\" \/>\n<script type=\"application\/ld+json\" class=\"yoast-schema-graph\">{\"@context\":\"https:\/\/schema.org\",\"@graph\":[{\"@type\":\"WebPage\",\"@id\":\"https:\/\/ferrolterrapetfriendly.gal\/que-hacer\/\",\"url\":\"https:\/\/ferrolterrapetfriendly.gal\/que-hacer\/\",\"name\":\"\u00bfQu\u00e9 hacer? - Ferrolterra Pet Friendly\",\"isPartOf\":{\"@id\":\"https:\/\/ferrolterrapetfriendly.gal\/#website\"},\"datePublished\":\"2024-12-19T12:51:21+00:00\",\"dateModified\":\"2025-01-21T20:38:00+00:00\",\"description\":\"Qu\u00e9 hacer si se pierde tu perro, tu gato, tu mascota. Qu\u00e9 hacer si encuentras un animal perdido o que necesita ayuda\",\"breadcrumb\":{\"@id\":\"https:\/\/ferrolterrapetfriendly.gal\/que-hacer\/#breadcrumb\"},\"inLanguage\":\"en-GB\",\"potentialAction\":[{\"@type\":\"ReadAction\",\"target\":[\"https:\/\/ferrolterrapetfriendly.gal\/que-hacer\/\"]}]},{\"@type\":\"BreadcrumbList\",\"@id\":\"https:\/\/ferrolterrapetfriendly.gal\/que-hacer\/#breadcrumb\",\"itemListElement\":[{\"@type\":\"ListItem\",\"position\":1,\"name\":\"Inicio\",\"item\":\"https:\/\/ferrolterrapetfriendly.gal\/\"},{\"@type\":\"ListItem\",\"position\":2,\"name\":\"\u00bfQu\u00e9 hacer?\"}]},{\"@type\":\"WebSite\",\"@id\":\"https:\/\/ferrolterrapetfriendly.gal\/#website\",\"url\":\"https:\/\/ferrolterrapetfriendly.gal\/\",\"name\":\"Ferrolterra Pet Friendly\",\"description\":\"Informaci\u00f3n de utilidad para visitar Ferrolterra con perro\",\"publisher\":{\"@id\":\"https:\/\/ferrolterrapetfriendly.gal\/#organization\"},\"potentialAction\":[{\"@type\":\"SearchAction\",\"target\":{\"@type\":\"EntryPoint\",\"urlTemplate\":\"https:\/\/ferrolterrapetfriendly.gal\/?s={search_term_string}\"},\"query-input\":{\"@type\":\"PropertyValueSpecification\",\"valueRequired\":true,\"valueName\":\"search_term_string\"}}],\"inLanguage\":\"en-GB\"},{\"@type\":\"Organization\",\"@id\":\"https:\/\/ferrolterrapetfriendly.gal\/#organization\",\"name\":\"Ferrolterra Pet Friendly\",\"url\":\"https:\/\/ferrolterrapetfriendly.gal\/\",\"logo\":{\"@type\":\"ImageObject\",\"inLanguage\":\"en-GB\",\"@id\":\"https:\/\/ferrolterrapetfriendly.gal\/#\/schema\/logo\/image\/\",\"url\":\"https:\/\/ferrolterrapetfriendly.gal\/wp-content\/uploads\/Logo-PetFriendly-ES-60px-1.png\",\"contentUrl\":\"https:\/\/ferrolterrapetfriendly.gal\/wp-content\/uploads\/Logo-PetFriendly-ES-60px-1.png\",\"width\":175,\"height\":60,\"caption\":\"Ferrolterra Pet Friendly\"},\"image\":{\"@id\":\"https:\/\/ferrolterrapetfriendly.gal\/#\/schema\/logo\/image\/\"}}]}<\/script>\n<!-- \/ Yoast SEO plugin. -->","yoast_head_json":{"title":"\u00bfQu\u00e9 hacer? - Ferrolterra Pet Friendly","description":"Qu\u00e9 hacer si se pierde tu perro, tu gato, tu mascota. Qu\u00e9 hacer si encuentras un animal perdido o que necesita ayuda","robots":{"index":"index","follow":"follow","max-snippet":"max-snippet:-1","max-image-preview":"max-image-preview:large","max-video-preview":"max-video-preview:-1"},"canonical":"https:\/\/ferrolterrapetfriendly.gal\/en\/que-hacer\/","og_locale":"en_GB","og_type":"article","og_title":"\u00bfQu\u00e9 hacer? - Ferrolterra Pet Friendly","og_description":"Qu\u00e9 hacer si se pierde tu perro, tu gato, tu mascota. Qu\u00e9 hacer si encuentras un animal perdido o que necesita ayuda","og_url":"https:\/\/ferrolterrapetfriendly.gal\/en\/que-hacer\/","og_site_name":"Ferrolterra Pet Friendly","article_modified_time":"2025-01-21T20:38:00+00:00","twitter_card":"summary_large_image","twitter_misc":{"Estimated reading time":"2 minutes"},"schema":{"@context":"https:\/\/schema.org","@graph":[{"@type":"WebPage","@id":"https:\/\/ferrolterrapetfriendly.gal\/que-hacer\/","url":"https:\/\/ferrolterrapetfriendly.gal\/que-hacer\/","name":"\u00bfQu\u00e9 hacer? - Ferrolterra Pet Friendly","isPartOf":{"@id":"https:\/\/ferrolterrapetfriendly.gal\/#website"},"datePublished":"2024-12-19T12:51:21+00:00","dateModified":"2025-01-21T20:38:00+00:00","description":"Qu\u00e9 hacer si se pierde tu perro, tu gato, tu mascota. Qu\u00e9 hacer si encuentras un animal perdido o que necesita ayuda","breadcrumb":{"@id":"https:\/\/ferrolterrapetfriendly.gal\/que-hacer\/#breadcrumb"},"inLanguage":"en-GB","potentialAction":[{"@type":"ReadAction","target":["https:\/\/ferrolterrapetfriendly.gal\/que-hacer\/"]}]},{"@type":"BreadcrumbList","@id":"https:\/\/ferrolterrapetfriendly.gal\/que-hacer\/#breadcrumb","itemListElement":[{"@type":"ListItem","position":1,"name":"Inicio","item":"https:\/\/ferrolterrapetfriendly.gal\/"},{"@type":"ListItem","position":2,"name":"\u00bfQu\u00e9 hacer?"}]},{"@type":"WebSite","@id":"https:\/\/ferrolterrapetfriendly.gal\/#website","url":"https:\/\/ferrolterrapetfriendly.gal\/","name":"Ferrolterra Pet Friendly","description":"Informaci\u00f3n de utilidad para visitar Ferrolterra con perro","publisher":{"@id":"https:\/\/ferrolterrapetfriendly.gal\/#organization"},"potentialAction":[{"@type":"SearchAction","target":{"@type":"EntryPoint","urlTemplate":"https:\/\/ferrolterrapetfriendly.gal\/?s={search_term_string}"},"query-input":{"@type":"PropertyValueSpecification","valueRequired":true,"valueName":"search_term_string"}}],"inLanguage":"en-GB"},{"@type":"Organization","@id":"https:\/\/ferrolterrapetfriendly.gal\/#organization","name":"Ferrolterra Pet Friendly","url":"https:\/\/ferrolterrapetfriendly.gal\/","logo":{"@type":"ImageObject","inLanguage":"en-GB","@id":"https:\/\/ferrolterrapetfriendly.gal\/#\/schema\/logo\/image\/","url":"https:\/\/ferrolterrapetfriendly.gal\/wp-content\/uploads\/Logo-PetFriendly-ES-60px-1.png","contentUrl":"https:\/\/ferrolterrapetfriendly.gal\/wp-content\/uploads\/Logo-PetFriendly-ES-60px-1.png","width":175,"height":60,"caption":"Ferrolterra Pet Friendly"},"image":{"@id":"https:\/\/ferrolterrapetfriendly.gal\/#\/schema\/logo\/image\/"}}]}},"_links":{"self":[{"href":"https:\/\/ferrolterrapetfriendly.gal\/en\/wp-json\/wp\/v2\/pages\/867","targetHints":{"allow":["GET"]}}],"collection":[{"href":"https:\/\/ferrolterrapetfriendly.gal\/en\/wp-json\/wp\/v2\/pages"}],"about":[{"href":"https:\/\/ferrolterrapetfriendly.gal\/en\/wp-json\/wp\/v2\/types\/page"}],"author":[{"embeddable":true,"href":"https:\/\/ferrolterrapetfriendly.gal\/en\/wp-json\/wp\/v2\/users\/1"}],"replies":[{"embeddable":true,"href":"https:\/\/ferrolterrapetfriendly.gal\/en\/wp-json\/wp\/v2\/comments?post=867"}],"version-history":[{"count":21,"href":"https:\/\/ferrolterrapetfriendly.gal\/en\/wp-json\/wp\/v2\/pages\/867\/revisions"}],"predecessor-version":[{"id":2831,"href":"https:\/\/ferrolterrapetfriendly.gal\/en\/wp-json\/wp\/v2\/pages\/867\/revisions\/2831"}],"wp:attachment":[{"href":"https:\/\/ferrolterrapetfriendly.gal\/en\/wp-json\/wp\/v2\/media?parent=867"}],"curies":[{"name":"wp","href":"https:\/\/api.w.org\/{rel}","templated":true}]}}