{"id":882,"date":"2024-12-19T14:01:31","date_gmt":"2024-12-19T13:01:31","guid":{"rendered":"https:\/\/ferrolterrapetfriendly.gal\/?page_id=882"},"modified":"2025-10-16T14:10:38","modified_gmt":"2025-10-16T12:10:38","slug":"contacto","status":"publish","type":"page","link":"https:\/\/ferrolterrapetfriendly.gal\/en\/contacto\/","title":{"rendered":"We look forward to your emails!!"},"content":{"rendered":"<div data-elementor-type=\"wp-page\" data-elementor-id=\"882\" class=\"elementor elementor-882\" data-elementor-post-type=\"page\">\n\t\t\t\t<div class=\"elementor-element elementor-element-d149e8e e-flex e-con-boxed e-con e-parent\" data-id=\"d149e8e\" data-element_type=\"container\" data-settings=\"{&quot;background_background&quot;:&quot;classic&quot;}\">\n\t\t\t\t\t<div class=\"e-con-inner\">\n\t\t\t\t<div class=\"elementor-element elementor-element-22fc9f1 elementor-widget elementor-widget-spacer\" data-id=\"22fc9f1\" data-element_type=\"widget\" data-widget_type=\"spacer.default\">\n\t\t\t\t<div class=\"elementor-widget-container\">\n\t\t\t\t\t<div class=\"elementor-spacer\">\n\t\t\t<div class=\"elementor-spacer-inner\"><\/div>\n\t\t<\/div>\n\t\t\t\t<\/div>\n\t\t\t\t<\/div>\n\t\t\t\t\t<\/div>\n\t\t\t\t<\/div>\n\t\t<div class=\"elementor-element elementor-element-28432ab e-flex e-con-boxed e-con e-parent\" data-id=\"28432ab\" data-element_type=\"container\">\n\t\t\t\t\t<div class=\"e-con-inner\">\n\t\t\t\t\t<\/div>\n\t\t\t\t<\/div>\n\t\t<div class=\"elementor-element elementor-element-79328f4 e-flex e-con-boxed e-con e-parent\" data-id=\"79328f4\" data-element_type=\"container\">\n\t\t\t\t\t<div class=\"e-con-inner\">\n\t\t\t\t<div class=\"elementor-element elementor-element-d6e30c3 elementor-widget elementor-widget-text-editor\" data-id=\"d6e30c3\" data-element_type=\"widget\" data-widget_type=\"text-editor.default\">\n\t\t\t\t<div class=\"elementor-widget-container\">\n\t\t\t\t\t\t\t<p>Woof woof!  We would be delighted to hear from you with your suggestions and sniff out new establishments and experiences to enjoy Ferrolterra in the company of our canine companions.<\/p>\t\t\t\t\t\t<\/div>\n\t\t\t\t<\/div>\n\t\t\t\t\t<\/div>\n\t\t\t\t<\/div>\n\t\t<div class=\"elementor-element elementor-element-5189fca e-flex e-con-boxed e-con e-parent\" data-id=\"5189fca\" data-element_type=\"container\">\n\t\t\t\t\t<div class=\"e-con-inner\">\n\t\t<div class=\"elementor-element elementor-element-8a935c0 e-con-full e-flex e-con e-child\" data-id=\"8a935c0\" data-element_type=\"container\">\n\t\t\t\t<div class=\"elementor-element elementor-element-8653fab elementor-icon-list--layout-traditional elementor-list-item-link-full_width elementor-widget elementor-widget-icon-list\" data-id=\"8653fab\" data-element_type=\"widget\" data-widget_type=\"icon-list.default\">\n\t\t\t\t<div class=\"elementor-widget-container\">\n\t\t\t\t\t<ul class=\"elementor-icon-list-items\">\n\t\t\t\t\t\t\t<li class=\"elementor-icon-list-item\">\n\t\t\t\t\t\t\t\t\t\t\t<a href=\"tel: 34691673556\">\n\n\t\t\t\t\t\t\t\t\t\t\t\t<span class=\"elementor-icon-list-icon\">\n\t\t\t\t\t\t\t<svg aria-hidden=\"true\" class=\"e-font-icon-svg e-fas-phone-alt\" viewbox=\"0 0 512 512\" xmlns=\"http:\/\/www.w3.org\/2000\/svg\"><path d=\"M497.39 361.8l-112-48a24 24 0 0 0-28 6.9l-49.6 60.6A370.66 370.66 0 0 1 130.6 204.11l60.6-49.6a23.94 23.94 0 0 0 6.9-28l-48-112A24.16 24.16 0 0 0 122.6.61l-104 24A24 24 0 0 0 0 48c0 256.5 207.9 464 464 464a24 24 0 0 0 23.4-18.6l24-104a24.29 24.29 0 0 0-14.01-27.6z\"><\/path><\/svg>\t\t\t\t\t\t<\/span>\n\t\t\t\t\t\t\t\t\t\t<span class=\"elementor-icon-list-text\">+34 691 67 35 56<\/span>\n\t\t\t\t\t\t\t\t\t\t\t<\/a>\n\t\t\t\t\t\t\t\t\t<\/li>\n\t\t\t\t\t\t\t\t<li class=\"elementor-icon-list-item\">\n\t\t\t\t\t\t\t\t\t\t\t<a href=\"mailto:contacto@ferrolterra.petfriendly.gal\">\n\n\t\t\t\t\t\t\t\t\t\t\t\t<span class=\"elementor-icon-list-icon\">\n\t\t\t\t\t\t\t<svg aria-hidden=\"true\" class=\"e-font-icon-svg e-fas-envelope\" viewbox=\"0 0 512 512\" xmlns=\"http:\/\/www.w3.org\/2000\/svg\"><path d=\"M502.3 190.8c3.9-3.1 9.7-.2 9.7 4.7V400c0 26.5-21.5 48-48 48H48c-26.5 0-48-21.5-48-48V195.6c0-5 5.7-7.8 9.7-4.7 22.4 17.4 52.1 39.5 154.1 113.6 21.1 15.4 56.7 47.8 92.2 47.6 35.7.3 72-32.8 92.3-47.6 102-74.1 131.6-96.3 154-113.7zM256 320c23.2.4 56.6-29.2 73.4-41.4 132.7-96.3 142.8-104.7 173.4-128.7 5.8-4.5 9.2-11.5 9.2-18.9v-19c0-26.5-21.5-48-48-48H48C21.5 64 0 85.5 0 112v19c0 7.4 3.4 14.3 9.2 18.9 30.6 23.9 40.7 32.4 173.4 128.7 16.8 12.2 50.2 41.8 73.4 41.4z\"><\/path><\/svg>\t\t\t\t\t\t<\/span>\n\t\t\t\t\t\t\t\t\t\t<span class=\"elementor-icon-list-text\">contacto@ferrolterra.petfriendly.gal<\/span>\n\t\t\t\t\t\t\t\t\t\t\t<\/a>\n\t\t\t\t\t\t\t\t\t<\/li>\n\t\t\t\t\t\t<\/ul>\n\t\t\t\t<\/div>\n\t\t\t\t<\/div>\n\t\t\t\t<\/div>\n\t\t<div class=\"elementor-element elementor-element-e19751d e-con-full e-flex e-con e-child\" data-id=\"e19751d\" data-element_type=\"container\">\n\t\t\t\t<div class=\"elementor-element elementor-element-2c271a9 elementor-widget elementor-widget-shortcode\" data-id=\"2c271a9\" data-element_type=\"widget\" data-widget_type=\"shortcode.default\">\n\t\t\t\t<div class=\"elementor-widget-container\">\n\t\t\t\t\t<div class=\"elementor-shortcode\">\n<div class=\"wpcf7 no-js\" id=\"wpcf7-f2090-o1\" lang=\"es-ES\" dir=\"ltr\" data-wpcf7-id=\"2090\">\n<div class=\"screen-reader-response\"><p role=\"status\" aria-live=\"polite\" aria-atomic=\"true\"><\/p> <ul><\/ul><\/div>\n<form action=\"\/en\/wp-json\/wp\/v2\/pages\/882#wpcf7-f2090-o1\" method=\"post\" class=\"wpcf7-form init\" aria-label=\"Formulario de contacto\" novalidate=\"novalidate\" data-status=\"init\" data-trp-original-action=\"\/en\/wp-json\/wp\/v2\/pages\/882#wpcf7-f2090-o1\">\n<div style=\"display: none;\">\n<input type=\"hidden\" name=\"_wpcf7\" value=\"2090\" \/>\n<input type=\"hidden\" name=\"_wpcf7_version\" value=\"6.0.2\" \/>\n<input type=\"hidden\" name=\"_wpcf7_locale\" value=\"es_ES\" \/>\n<input type=\"hidden\" name=\"_wpcf7_unit_tag\" value=\"wpcf7-f2090-o1\" \/>\n<input type=\"hidden\" name=\"_wpcf7_container_post\" value=\"0\" \/>\n<input type=\"hidden\" name=\"_wpcf7_posted_data_hash\" value=\"\" \/>\n<input type=\"hidden\" name=\"_wpcf7_recaptcha_response\" value=\"\" \/>\n<\/div>\n<p><span class=\"wpcf7-form-control-wrap\" data-name=\"your-name\"><input size=\"40\" maxlength=\"400\" class=\"wpcf7-form-control wpcf7-text wpcf7-validates-as-required\" aria-required=\"true\" aria-invalid=\"false\" placeholder=\"Name\" value=\"\" type=\"text\" name=\"your-name\" \/><\/span>\n<\/p>\n<p><span class=\"wpcf7-form-control-wrap\" data-name=\"your-email\"><input size=\"40\" maxlength=\"400\" class=\"wpcf7-form-control wpcf7-email wpcf7-validates-as-required wpcf7-text wpcf7-validates-as-email\" aria-required=\"true\" aria-invalid=\"false\" placeholder=\"E-mail\" value=\"\" type=\"email\" name=\"your-email\" \/><\/span>\n<\/p>\n<p><span class=\"wpcf7-form-control-wrap\" data-name=\"your-message\"><textarea cols=\"40\" rows=\"3\" maxlength=\"2000\" class=\"wpcf7-form-control wpcf7-textarea wpcf7-validates-as-required\" aria-required=\"true\" aria-invalid=\"false\" placeholder=\"Message\" name=\"your-message\"><\/textarea><\/span>\n<\/p>\n<p><span class=\"texto-info\">The Mancomunidade de Concellos da Comarca de Ferrol will use the information provided to respond to your query. You can access, rectify and delete the data, as well as exercise other rights, as explained in the additional information available at <a href=\"\/en\/politica-de-privacidad\/\" target=\"_blank\">Privacy Policy<\/a>.<\/span>\n<\/p>\n<p><span class=\"wpcf7-form-control-wrap\" data-name=\"acceptance-19\"><span class=\"wpcf7-form-control wpcf7-acceptance\"><span class=\"wpcf7-list-item\"><label><input type=\"checkbox\" name=\"acceptance-19\" value=\"1\" aria-invalid=\"false\" \/><span class=\"wpcf7-list-item-label\">I have read and accept the Privacy Policy<\/span><\/label><\/span><\/span><\/span>\n<\/p>\n<p><input class=\"wpcf7-form-control wpcf7-submit has-spinner\" type=\"submit\" value=\"Send\" \/>\n<\/p><div class=\"wpcf7-response-output\" aria-hidden=\"true\"><\/div>\n<input type=\"hidden\" name=\"trp-form-language\" value=\"en\"\/><\/form>\n<\/div>\n<\/div>\n\t\t\t\t<\/div>\n\t\t\t\t<\/div>\n\t\t\t\t<\/div>\n\t\t\t\t\t<\/div>\n\t\t\t\t<\/div>\n\t\t\t\t<\/div>","protected":false},"excerpt":{"rendered":"<p>\u00a1Guau! Nos hace muy felices recibir sugerencias y olfatear nuevos establecimientos y experiencias para disfrutar Ferrolterra en compa\u00f1\u00eda canina +34 691 67 35 56 contacto@ferrolterra.petfriendly.gal<\/p>","protected":false},"author":1,"featured_media":0,"parent":0,"menu_order":0,"comment_status":"closed","ping_status":"closed","template":"","meta":{"_monsterinsights_skip_tracking":false,"_monsterinsights_sitenote_active":false,"_monsterinsights_sitenote_note":"","_monsterinsights_sitenote_category":0,"footnotes":""},"class_list":["post-882","page","type-page","status-publish","hentry"],"yoast_head":"<!-- This site is optimized with the Yoast SEO plugin v24.1 - https:\/\/yoast.com\/wordpress\/plugins\/seo\/ -->\n<title>\u00a1Esperamos tu correo! - Ferrolterra Pet Friendly<\/title>\n<meta name=\"description\" content=\"\u00a1Cont\u00e1ctanos! Somos muy felices recibir sugerencias y olfatear nuevos establecimientos y experiencias en Ferrolterra con compa\u00f1\u00eda canina\" \/>\n<meta name=\"robots\" content=\"index, follow, max-snippet:-1, max-image-preview:large, max-video-preview:-1\" \/>\n<link rel=\"canonical\" href=\"https:\/\/ferrolterrapetfriendly.gal\/en\/contacto\/\" \/>\n<meta property=\"og:locale\" content=\"en_GB\" \/>\n<meta property=\"og:type\" content=\"article\" \/>\n<meta property=\"og:title\" content=\"\u00a1Esperamos tu correo! - Ferrolterra Pet Friendly\" \/>\n<meta property=\"og:description\" content=\"\u00a1Cont\u00e1ctanos! Somos muy felices recibir sugerencias y olfatear nuevos establecimientos y experiencias en Ferrolterra con compa\u00f1\u00eda canina\" \/>\n<meta property=\"og:url\" content=\"https:\/\/ferrolterrapetfriendly.gal\/en\/contacto\/\" \/>\n<meta property=\"og:site_name\" content=\"Ferrolterra Pet Friendly\" \/>\n<meta property=\"article:modified_time\" content=\"2025-10-16T12:10:38+00:00\" \/>\n<meta name=\"twitter:card\" content=\"summary_large_image\" \/>\n<meta name=\"twitter:label1\" content=\"Estimated reading time\" \/>\n\t<meta name=\"twitter:data1\" content=\"1 minute\" \/>\n<script type=\"application\/ld+json\" class=\"yoast-schema-graph\">{\"@context\":\"https:\/\/schema.org\",\"@graph\":[{\"@type\":\"WebPage\",\"@id\":\"https:\/\/ferrolterrapetfriendly.gal\/contacto\/\",\"url\":\"https:\/\/ferrolterrapetfriendly.gal\/contacto\/\",\"name\":\"\u00a1Esperamos tu correo! - Ferrolterra Pet Friendly\",\"isPartOf\":{\"@id\":\"https:\/\/ferrolterrapetfriendly.gal\/#website\"},\"datePublished\":\"2024-12-19T13:01:31+00:00\",\"dateModified\":\"2025-10-16T12:10:38+00:00\",\"description\":\"\u00a1Cont\u00e1ctanos! Somos muy felices recibir sugerencias y olfatear nuevos establecimientos y experiencias en Ferrolterra con compa\u00f1\u00eda canina\",\"breadcrumb\":{\"@id\":\"https:\/\/ferrolterrapetfriendly.gal\/contacto\/#breadcrumb\"},\"inLanguage\":\"en-GB\",\"potentialAction\":[{\"@type\":\"ReadAction\",\"target\":[\"https:\/\/ferrolterrapetfriendly.gal\/contacto\/\"]}]},{\"@type\":\"BreadcrumbList\",\"@id\":\"https:\/\/ferrolterrapetfriendly.gal\/contacto\/#breadcrumb\",\"itemListElement\":[{\"@type\":\"ListItem\",\"position\":1,\"name\":\"Inicio\",\"item\":\"https:\/\/ferrolterrapetfriendly.gal\/\"},{\"@type\":\"ListItem\",\"position\":2,\"name\":\"\u00a1Esperamos tu correo!\"}]},{\"@type\":\"WebSite\",\"@id\":\"https:\/\/ferrolterrapetfriendly.gal\/#website\",\"url\":\"https:\/\/ferrolterrapetfriendly.gal\/\",\"name\":\"Ferrolterra Pet Friendly\",\"description\":\"Informaci\u00f3n de utilidad para visitar Ferrolterra con perro\",\"publisher\":{\"@id\":\"https:\/\/ferrolterrapetfriendly.gal\/#organization\"},\"potentialAction\":[{\"@type\":\"SearchAction\",\"target\":{\"@type\":\"EntryPoint\",\"urlTemplate\":\"https:\/\/ferrolterrapetfriendly.gal\/?s={search_term_string}\"},\"query-input\":{\"@type\":\"PropertyValueSpecification\",\"valueRequired\":true,\"valueName\":\"search_term_string\"}}],\"inLanguage\":\"en-GB\"},{\"@type\":\"Organization\",\"@id\":\"https:\/\/ferrolterrapetfriendly.gal\/#organization\",\"name\":\"Ferrolterra Pet Friendly\",\"url\":\"https:\/\/ferrolterrapetfriendly.gal\/\",\"logo\":{\"@type\":\"ImageObject\",\"inLanguage\":\"en-GB\",\"@id\":\"https:\/\/ferrolterrapetfriendly.gal\/#\/schema\/logo\/image\/\",\"url\":\"https:\/\/ferrolterrapetfriendly.gal\/wp-content\/uploads\/Logo-PetFriendly-ES-60px-1.png\",\"contentUrl\":\"https:\/\/ferrolterrapetfriendly.gal\/wp-content\/uploads\/Logo-PetFriendly-ES-60px-1.png\",\"width\":175,\"height\":60,\"caption\":\"Ferrolterra Pet Friendly\"},\"image\":{\"@id\":\"https:\/\/ferrolterrapetfriendly.gal\/#\/schema\/logo\/image\/\"}}]}<\/script>\n<!-- \/ Yoast SEO plugin. -->","yoast_head_json":{"title":"\u00a1Esperamos tu correo! - Ferrolterra Pet Friendly","description":"\u00a1Cont\u00e1ctanos! Somos muy felices recibir sugerencias y olfatear nuevos establecimientos y experiencias en Ferrolterra con compa\u00f1\u00eda canina","robots":{"index":"index","follow":"follow","max-snippet":"max-snippet:-1","max-image-preview":"max-image-preview:large","max-video-preview":"max-video-preview:-1"},"canonical":"https:\/\/ferrolterrapetfriendly.gal\/en\/contacto\/","og_locale":"en_GB","og_type":"article","og_title":"\u00a1Esperamos tu correo! - Ferrolterra Pet Friendly","og_description":"\u00a1Cont\u00e1ctanos! Somos muy felices recibir sugerencias y olfatear nuevos establecimientos y experiencias en Ferrolterra con compa\u00f1\u00eda canina","og_url":"https:\/\/ferrolterrapetfriendly.gal\/en\/contacto\/","og_site_name":"Ferrolterra Pet Friendly","article_modified_time":"2025-10-16T12:10:38+00:00","twitter_card":"summary_large_image","twitter_misc":{"Estimated reading time":"1 minute"},"schema":{"@context":"https:\/\/schema.org","@graph":[{"@type":"WebPage","@id":"https:\/\/ferrolterrapetfriendly.gal\/contacto\/","url":"https:\/\/ferrolterrapetfriendly.gal\/contacto\/","name":"\u00a1Esperamos tu correo! - Ferrolterra Pet Friendly","isPartOf":{"@id":"https:\/\/ferrolterrapetfriendly.gal\/#website"},"datePublished":"2024-12-19T13:01:31+00:00","dateModified":"2025-10-16T12:10:38+00:00","description":"\u00a1Cont\u00e1ctanos! Somos muy felices recibir sugerencias y olfatear nuevos establecimientos y experiencias en Ferrolterra con compa\u00f1\u00eda canina","breadcrumb":{"@id":"https:\/\/ferrolterrapetfriendly.gal\/contacto\/#breadcrumb"},"inLanguage":"en-GB","potentialAction":[{"@type":"ReadAction","target":["https:\/\/ferrolterrapetfriendly.gal\/contacto\/"]}]},{"@type":"BreadcrumbList","@id":"https:\/\/ferrolterrapetfriendly.gal\/contacto\/#breadcrumb","itemListElement":[{"@type":"ListItem","position":1,"name":"Inicio","item":"https:\/\/ferrolterrapetfriendly.gal\/"},{"@type":"ListItem","position":2,"name":"\u00a1Esperamos tu correo!"}]},{"@type":"WebSite","@id":"https:\/\/ferrolterrapetfriendly.gal\/#website","url":"https:\/\/ferrolterrapetfriendly.gal\/","name":"Ferrolterra Pet Friendly","description":"Informaci\u00f3n de utilidad para visitar Ferrolterra con perro","publisher":{"@id":"https:\/\/ferrolterrapetfriendly.gal\/#organization"},"potentialAction":[{"@type":"SearchAction","target":{"@type":"EntryPoint","urlTemplate":"https:\/\/ferrolterrapetfriendly.gal\/?s={search_term_string}"},"query-input":{"@type":"PropertyValueSpecification","valueRequired":true,"valueName":"search_term_string"}}],"inLanguage":"en-GB"},{"@type":"Organization","@id":"https:\/\/ferrolterrapetfriendly.gal\/#organization","name":"Ferrolterra Pet Friendly","url":"https:\/\/ferrolterrapetfriendly.gal\/","logo":{"@type":"ImageObject","inLanguage":"en-GB","@id":"https:\/\/ferrolterrapetfriendly.gal\/#\/schema\/logo\/image\/","url":"https:\/\/ferrolterrapetfriendly.gal\/wp-content\/uploads\/Logo-PetFriendly-ES-60px-1.png","contentUrl":"https:\/\/ferrolterrapetfriendly.gal\/wp-content\/uploads\/Logo-PetFriendly-ES-60px-1.png","width":175,"height":60,"caption":"Ferrolterra Pet Friendly"},"image":{"@id":"https:\/\/ferrolterrapetfriendly.gal\/#\/schema\/logo\/image\/"}}]}},"_links":{"self":[{"href":"https:\/\/ferrolterrapetfriendly.gal\/en\/wp-json\/wp\/v2\/pages\/882","targetHints":{"allow":["GET"]}}],"collection":[{"href":"https:\/\/ferrolterrapetfriendly.gal\/en\/wp-json\/wp\/v2\/pages"}],"about":[{"href":"https:\/\/ferrolterrapetfriendly.gal\/en\/wp-json\/wp\/v2\/types\/page"}],"author":[{"embeddable":true,"href":"https:\/\/ferrolterrapetfriendly.gal\/en\/wp-json\/wp\/v2\/users\/1"}],"replies":[{"embeddable":true,"href":"https:\/\/ferrolterrapetfriendly.gal\/en\/wp-json\/wp\/v2\/comments?post=882"}],"version-history":[{"count":57,"href":"https:\/\/ferrolterrapetfriendly.gal\/en\/wp-json\/wp\/v2\/pages\/882\/revisions"}],"predecessor-version":[{"id":3317,"href":"https:\/\/ferrolterrapetfriendly.gal\/en\/wp-json\/wp\/v2\/pages\/882\/revisions\/3317"}],"wp:attachment":[{"href":"https:\/\/ferrolterrapetfriendly.gal\/en\/wp-json\/wp\/v2\/media?parent=882"}],"curies":[{"name":"wp","href":"https:\/\/api.w.org\/{rel}","templated":true}]}}