{"id":3548,"date":"2026-03-02T11:54:13","date_gmt":"2026-03-02T10:54:13","guid":{"rendered":"https:\/\/ferrolterrapetfriendly.gal\/?page_id=3548"},"modified":"2026-03-02T12:02:11","modified_gmt":"2026-03-02T11:02:11","slug":"farmacias-veterinarias","status":"publish","type":"page","link":"https:\/\/ferrolterrapetfriendly.gal\/gl\/farmacias-veterinarias\/","title":{"rendered":"Farmacias veterinarias"},"content":{"rendered":"<div data-elementor-type=\"wp-page\" data-elementor-id=\"3548\" class=\"elementor elementor-3548\" data-elementor-post-type=\"page\">\n\t\t\t\t<div class=\"elementor-element elementor-element-25a6148 e-con-full e-flex e-con e-parent\" data-id=\"25a6148\" data-element_type=\"container\">\n\t\t<div class=\"elementor-element elementor-element-9396bb4 e-con-full scrollable-container e-flex e-con e-child\" data-id=\"9396bb4\" data-element_type=\"container\">\n\t\t\t\t<div class=\"elementor-element elementor-element-84edb9c elementor-hidden-widescreen elementor-hidden-desktop elementor-hidden-laptop elementor-hidden-tablet_extra elementor-hidden-tablet elementor-hidden-mobile_extra elementor-hidden-mobile elementor-widget elementor-widget-heading\" data-id=\"84edb9c\" data-element_type=\"widget\" data-widget_type=\"heading.default\">\n\t\t\t\t<div class=\"elementor-widget-container\">\n\t\t\t<h2 class=\"elementor-heading-title elementor-size-default\">Ordenar resultados<\/h2>\t\t<\/div>\n\t\t\t\t<\/div>\n\t\t\t\t<div class=\"elementor-element elementor-element-5e69105 elementor-hidden-widescreen elementor-hidden-desktop elementor-hidden-laptop elementor-hidden-tablet_extra elementor-hidden-tablet elementor-hidden-mobile_extra elementor-hidden-mobile elementor-widget elementor-widget-jet-smart-filters-sorting\" data-id=\"5e69105\" data-element_type=\"widget\" data-widget_type=\"jet-smart-filters-sorting.default\">\n\t\t\t\t<div class=\"elementor-widget-container\">\n\t\t\t<div class=\"jet-smart-filters-sorting jet-filter\"><div class=\"jet-sorting jet-sorting--flex-column\"  data-smart-filter=\"sorting\" data-query-type=\"sort\" data-query-var=\"standard\" data-content-provider=\"jet-engine-maps\" data-query-id=\"default\" data-apply-type=\"ajax\" data-apply-on=\"value\" data-additional-providers=\"[&quot;jet-engine\\\/lista-hosteleria&quot;]\">\n\t\t<select\n\t\tclass=\"jet-sorting-select\"\n\t\tname=\"select-name\"\n\t\t\t\taria-label=\"Sort filter\"\n\t>\n\t\t\t\t\t<option value=\"\">Ordenar por...<\/option>\n\t\t\t\t\t\t\t\t\t\t<option\n\t\t\t\tvalue=\"{&quot;orderby&quot;:&quot;title&quot;,&quot;order&quot;:&quot;ASC&quot;}\"\n\t\t\t\t\t\t\t>Orden alfab\u00e9tico<\/option>\n\t\t\t\t\t\t\t\t<option\n\t\t\t\tvalue=\"{&quot;orderby&quot;:&quot;date&quot;,&quot;order&quot;:&quot;DESC&quot;}\"\n\t\t\t\t\t\t\t>Reci\u00e9n incorporados<\/option>\n\t\t\t<\/select>\n<\/div><\/div>\t\t<\/div>\n\t\t\t\t<\/div>\n\t\t\t\t<div class=\"elementor-element elementor-element-209d75f elementor-hidden-widescreen elementor-hidden-desktop elementor-hidden-laptop elementor-hidden-tablet_extra elementor-hidden-tablet elementor-hidden-mobile_extra elementor-hidden-mobile elementor-widget elementor-widget-heading\" data-id=\"209d75f\" data-element_type=\"widget\" data-widget_type=\"heading.default\">\n\t\t\t\t<div class=\"elementor-widget-container\">\n\t\t\t<h2 class=\"elementor-heading-title elementor-size-default\">Alojamientos por municipio<\/h2>\t\t<\/div>\n\t\t\t\t<\/div>\n\t\t\t\t<div class=\"elementor-element elementor-element-1d26d0c jet-smart-filter-content-position-line jet-smart-filter-group-position-column elementor-widget elementor-widget-jet-smart-filters-select\" data-id=\"1d26d0c\" data-element_type=\"widget\" data-widget_type=\"jet-smart-filters-select.default\">\n\t\t\t\t<div class=\"elementor-widget-container\">\n\t\t\t<div class=\"jet-smart-filters-select jet-filter\" data-indexer-rule=\"show\" data-show-counter=\"\" data-change-counter=\"always\"><div class=\"jet-select\" data-query-type=\"tax_query\" data-query-var=\"municipio_servicio\" data-smart-filter=\"select\" data-filter-id=\"1250\" data-apply-type=\"ajax\" data-content-provider=\"jet-engine-maps\" data-additional-providers=\"[&quot;jet-engine\\\/lista-autolavados&quot;]\" data-query-id=\"default\" data-active-label=\"\" data-layout-options=\"{&quot;show_label&quot;:&quot;&quot;,&quot;display_options&quot;:{&quot;show_items_label&quot;:false,&quot;show_decorator&quot;:false,&quot;filter_image_size&quot;:&quot;full&quot;,&quot;show_counter&quot;:false}}\" data-query-var-suffix=\"\" data-apply-on=\"value\">\n\t\t\t\t<select\n\t\t\tclass=\"jet-select__control\"\n\t\t\tname=\"municipio_servicio\"\n\t\t\t\t\t\taria-label=\"Municipio servicio\"\n\t\t>\n\t\t\n\t\t\t\t\t<option\n\t\t\t\tvalue=\"\"\n\t\t\t\tdata-label=\"Selecciona municipio...\"\n\t\t\t\tdata-counter-prefix=\"\"\n\t\t\t\tdata-counter-suffix=\"\"\n\t\t\t\t\t\t\t>Selecciona municipio<\/option>\n\t\t\t\t\t\t<option\n\t\t\t\tvalue=\"79\"\n\t\t\t\tdata-label=\"Ares\"\n\t\t\t\tdata-counter-prefix=\"\"\n\t\t\t\tdata-counter-suffix=\"\"\n\t\t\t\t\t\t\t>Ares<\/option>\n\t\t\t\t\t\t<option\n\t\t\t\tvalue=\"80\"\n\t\t\t\tdata-label=\"As Pontes\"\n\t\t\t\tdata-counter-prefix=\"\"\n\t\t\t\tdata-counter-suffix=\"\"\n\t\t\t\t\t\t\t>As Pontes<\/option>\n\t\t\t\t\t\t<option\n\t\t\t\tvalue=\"82\"\n\t\t\t\tdata-label=\"Cabanas\"\n\t\t\t\tdata-counter-prefix=\"\"\n\t\t\t\tdata-counter-suffix=\"\"\n\t\t\t\t\t\t\t>Cabanas<\/option>\n\t\t\t\t\t\t<option\n\t\t\t\tvalue=\"83\"\n\t\t\t\tdata-label=\"Cari\u00f1o\"\n\t\t\t\tdata-counter-prefix=\"\"\n\t\t\t\tdata-counter-suffix=\"\"\n\t\t\t\t\t\t\t>Cari\u00f1o<\/option>\n\t\t\t\t\t\t<option\n\t\t\t\tvalue=\"76\"\n\t\t\t\tdata-label=\"Cedeira\"\n\t\t\t\tdata-counter-prefix=\"\"\n\t\t\t\tdata-counter-suffix=\"\"\n\t\t\t\t\t\t\t>Cedeira<\/option>\n\t\t\t\t\t\t<option\n\t\t\t\tvalue=\"85\"\n\t\t\t\tdata-label=\"Fene\"\n\t\t\t\tdata-counter-prefix=\"\"\n\t\t\t\tdata-counter-suffix=\"\"\n\t\t\t\t\t\t\t>Fene<\/option>\n\t\t\t\t\t\t<option\n\t\t\t\tvalue=\"77\"\n\t\t\t\tdata-label=\"Ferrol\"\n\t\t\t\tdata-counter-prefix=\"\"\n\t\t\t\tdata-counter-suffix=\"\"\n\t\t\t\t\t\t\t>Ferrol<\/option>\n\t\t\t\t\t\t<option\n\t\t\t\tvalue=\"87\"\n\t\t\t\tdata-label=\"Moeche\"\n\t\t\t\tdata-counter-prefix=\"\"\n\t\t\t\tdata-counter-suffix=\"\"\n\t\t\t\t\t\t\t>Moeche<\/option>\n\t\t\t\t\t\t<option\n\t\t\t\tvalue=\"89\"\n\t\t\t\tdata-label=\"Mugardos\"\n\t\t\t\tdata-counter-prefix=\"\"\n\t\t\t\tdata-counter-suffix=\"\"\n\t\t\t\t\t\t\t>Mugardos<\/option>\n\t\t\t\t\t\t<option\n\t\t\t\tvalue=\"90\"\n\t\t\t\tdata-label=\"Nar\u00f3n\"\n\t\t\t\tdata-counter-prefix=\"\"\n\t\t\t\tdata-counter-suffix=\"\"\n\t\t\t\t\t\t\t>Nar\u00f3n<\/option>\n\t\t\t\t\t\t<option\n\t\t\t\tvalue=\"91\"\n\t\t\t\tdata-label=\"Neda\"\n\t\t\t\tdata-counter-prefix=\"\"\n\t\t\t\tdata-counter-suffix=\"\"\n\t\t\t\t\t\t\t>Neda<\/option>\n\t\t\t\t\t\t<option\n\t\t\t\tvalue=\"92\"\n\t\t\t\tdata-label=\"Ortigueira\"\n\t\t\t\tdata-counter-prefix=\"\"\n\t\t\t\tdata-counter-suffix=\"\"\n\t\t\t\t\t\t\t>Ortigueira<\/option>\n\t\t\t\t\t\t<option\n\t\t\t\tvalue=\"93\"\n\t\t\t\tdata-label=\"Pontedeume\"\n\t\t\t\tdata-counter-prefix=\"\"\n\t\t\t\tdata-counter-suffix=\"\"\n\t\t\t\t\t\t\t>Pontedeume<\/option>\n\t\t\t\t\t\t<option\n\t\t\t\tvalue=\"94\"\n\t\t\t\tdata-label=\"San Sadurni\u00f1o\"\n\t\t\t\tdata-counter-prefix=\"\"\n\t\t\t\tdata-counter-suffix=\"\"\n\t\t\t\t\t\t\t>San Sadurni\u00f1o<\/option>\n\t\t\t<\/select>\n\t<\/div>\n<\/div>\t\t<\/div>\n\t\t\t\t<\/div>\n\t\t\t\t<div class=\"elementor-element elementor-element-75e0e09 elementor-widget elementor-widget-jet-smart-filters-remove-filters hide-widget\" data-id=\"75e0e09\" data-element_type=\"widget\" data-widget_type=\"jet-smart-filters-remove-filters.default\">\n\t\t\t\t<div class=\"elementor-widget-container\">\n\t\t\t<div class=\"jet-smart-filters-remove-filters jet-filter\"><div class=\"jet-remove-all-filters hide\">\n\t<button\n\t\ttype=\"button\"\n\t\tclass=\"jet-remove-all-filters__button\"\n\t\tdata-content-provider=\"jet-engine-maps\"\n\t\tdata-additional-providers=\"[&quot;jet-engine\\\/lista-autolavados&quot;]\"\n\t\tdata-apply-type=\"ajax\"\n\t\tdata-query-id=\"default\"\n\t\t\t>\n\t\tRestablecer filtros\t<\/button>\n<\/div><\/div>\t\t<\/div>\n\t\t\t\t<\/div>\n\t\t\t\t<div class=\"elementor-element elementor-element-e96ec30 elementor-widget elementor-widget-jet-listing-grid\" data-id=\"e96ec30\" data-element_type=\"widget\" id=\"lista-autolavados\" data-settings=\"{&quot;columns&quot;:&quot;1&quot;}\" data-widget_type=\"jet-listing-grid.default\">\n\t\t\t\t<div class=\"elementor-widget-container\">\n\t\t\t<div class=\"jet-listing-grid jet-listing\"><div class=\"jet-listing-not-found jet-listing-grid__items\" data-nav=\"{&quot;enabled&quot;:false,&quot;type&quot;:null,&quot;more_el&quot;:null,&quot;query&quot;:[],&quot;widget_settings&quot;:{&quot;lisitng_id&quot;:1880,&quot;posts_num&quot;:100,&quot;columns&quot;:1,&quot;columns_tablet&quot;:1,&quot;columns_mobile&quot;:1,&quot;is_archive_template&quot;:&quot;&quot;,&quot;post_status&quot;:[&quot;publish&quot;],&quot;use_random_posts_num&quot;:&quot;&quot;,&quot;max_posts_num&quot;:9,&quot;not_found_message&quot;:&quot;No existen farmacias veterinarias en el municipio seleccionado&quot;,&quot;is_masonry&quot;:false,&quot;equal_columns_height&quot;:&quot;&quot;,&quot;use_load_more&quot;:&quot;&quot;,&quot;load_more_id&quot;:&quot;&quot;,&quot;load_more_type&quot;:&quot;click&quot;,&quot;load_more_offset&quot;:{&quot;unit&quot;:&quot;px&quot;,&quot;size&quot;:0,&quot;sizes&quot;:[]},&quot;use_custom_post_types&quot;:&quot;yes&quot;,&quot;custom_post_types&quot;:[&quot;registro-servicio&quot;],&quot;hide_widget_if&quot;:&quot;&quot;,&quot;carousel_enabled&quot;:&quot;&quot;,&quot;slides_to_scroll&quot;:&quot;1&quot;,&quot;arrows&quot;:&quot;true&quot;,&quot;arrow_icon&quot;:&quot;fa fa-angle-left&quot;,&quot;dots&quot;:&quot;&quot;,&quot;autoplay&quot;:&quot;true&quot;,&quot;pause_on_hover&quot;:&quot;true&quot;,&quot;autoplay_speed&quot;:5000,&quot;infinite&quot;:&quot;true&quot;,&quot;center_mode&quot;:&quot;&quot;,&quot;effect&quot;:&quot;slide&quot;,&quot;speed&quot;:500,&quot;inject_alternative_items&quot;:&quot;&quot;,&quot;injection_items&quot;:[],&quot;scroll_slider_enabled&quot;:&quot;&quot;,&quot;scroll_slider_on&quot;:[&quot;desktop&quot;,&quot;tablet&quot;,&quot;mobile&quot;],&quot;custom_query&quot;:&quot;yes&quot;,&quot;custom_query_id&quot;:&quot;38&quot;,&quot;_element_id&quot;:&quot;lista-autolavados&quot;}}\" data-queried-id=\"3548|WP_Post\">No existen farmacias veterinarias en el municipio seleccionado<\/div><\/div>\t\t<\/div>\n\t\t\t\t<\/div>\n\t\t\t\t<\/div>\n\t\t<div class=\"elementor-element elementor-element-0da009c e-con-full fixed-container e-flex e-con e-child\" data-id=\"0da009c\" data-element_type=\"container\">\n\t\t\t\t<div class=\"elementor-element elementor-element-b4a9e95 elementor-widget elementor-widget-jet-engine-maps-listing\" data-id=\"b4a9e95\" data-element_type=\"widget\" data-widget_type=\"jet-engine-maps-listing.default\">\n\t\t\t\t<div class=\"elementor-widget-container\">\n\t\t\t<div class=\"jet-map-listing jet-listing-grid--541 popup-has-pin leaflet-provider\" data-init=\"{&quot;zoomControl&quot;:true,&quot;fullscreenControl&quot;:true,&quot;streetViewControl&quot;:true,&quot;mapTypeControl&quot;:true}\" data-markers=\"[]\" data-general=\"{&quot;api&quot;:&quot;https:\\\/\\\/ferrolterrapetfriendly.gal\\\/gl\\\/wp-json\\\/jet-engine\\\/v2\\\/get-map-marker-info\\\/&quot;,&quot;restNonce&quot;:&quot;2d2dff8058&quot;,&quot;listingID&quot;:541,&quot;source&quot;:&quot;posts&quot;,&quot;width&quot;:250,&quot;offset&quot;:40,&quot;clustererImg&quot;:&quot;https:\\\/\\\/ferrolterrapetfriendly.gal\\\/wp-content\\\/plugins\\\/jet-engine\\\/includes\\\/modules\\\/maps-listings\\\/assets\\\/lib\\\/markerclustererplus\\\/img\\\/m&quot;,&quot;marker&quot;:{&quot;type&quot;:&quot;image&quot;,&quot;url&quot;:&quot;https:\\\/\\\/ferrolterrapetfriendly.gal\\\/wp-content\\\/uploads\\\/icon-servicios.png&quot;},&quot;autoCenter&quot;:true,&quot;maxZoom&quot;:18,&quot;minZoom&quot;:false,&quot;customCenter&quot;:false,&quot;customZoom&quot;:11,&quot;popupPreloader&quot;:true,&quot;querySeparator&quot;:&quot;?&quot;,&quot;markerClustering&quot;:true,&quot;clusterMaxZoom&quot;:&quot;&quot;,&quot;clusterRadius&quot;:&quot;&quot;,&quot;popupOpenOn&quot;:&quot;click&quot;,&quot;centeringOnOpen&quot;:true,&quot;zoomOnOpen&quot;:false,&quot;advanced&quot;:{&quot;zoom_control&quot;:&quot;auto&quot;,&quot;scrollwheel&quot;:true}}\" data-listing-source=\"query\" data-query-id=\"38\" data-queried-id=\"3548|WP_Post\"><\/div>\t\t<\/div>\n\t\t\t\t<\/div>\n\t\t\t\t<\/div>\n\t\t\t\t<\/div>\n\t\t\t\t<\/div>","protected":false},"excerpt":{"rendered":"<p>Ordenar resultados Ordenar por&#8230;Orden alfab\u00e9ticoReci\u00e9n incorporados Alojamientos por municipio Selecciona municipio&#8230;AresAs PontesCabanasCari\u00f1oCedeiraFeneFerrolMoecheMugardosNar\u00f3nNedaOrtigueiraPontedeumeSan Sadurni\u00f1o Restablecer filtros +34881569585 &#8211; +34602650299<\/p>","protected":false},"author":1,"featured_media":0,"parent":0,"menu_order":0,"comment_status":"closed","ping_status":"closed","template":"","meta":{"_monsterinsights_skip_tracking":false,"_monsterinsights_sitenote_active":false,"_monsterinsights_sitenote_note":"","_monsterinsights_sitenote_category":0,"footnotes":""},"class_list":["post-3548","page","type-page","status-publish","hentry"],"yoast_head":"<!-- This site is optimized with the Yoast SEO plugin v24.1 - https:\/\/yoast.com\/wordpress\/plugins\/seo\/ -->\n<title>Farmacias veterinarias - Ferrolterra Pet Friendly<\/title>\n<meta name=\"description\" content=\"Servicio de autolavado para mascotas en A Coru\u00f1a, R\u00edas Altas, Galicia. Autolavado y autosecado. Autoservicio para aseo de perros\" \/>\n<meta name=\"robots\" content=\"index, follow, max-snippet:-1, max-image-preview:large, max-video-preview:-1\" \/>\n<link rel=\"canonical\" href=\"https:\/\/ferrolterrapetfriendly.gal\/gl\/farmacias-veterinarias\/\" \/>\n<meta property=\"og:locale\" content=\"gl_ES\" \/>\n<meta property=\"og:type\" content=\"article\" \/>\n<meta property=\"og:title\" content=\"Farmacias veterinarias - Ferrolterra Pet Friendly\" \/>\n<meta property=\"og:description\" content=\"Servicio de autolavado para mascotas en A Coru\u00f1a, R\u00edas Altas, Galicia. Autolavado y autosecado. Autoservicio para aseo de perros\" \/>\n<meta property=\"og:url\" content=\"https:\/\/ferrolterrapetfriendly.gal\/gl\/farmacias-veterinarias\/\" \/>\n<meta property=\"og:site_name\" content=\"Ferrolterra Pet Friendly\" \/>\n<meta property=\"article:modified_time\" content=\"2026-03-02T11:02:11+00:00\" \/>\n<meta name=\"twitter:card\" content=\"summary_large_image\" \/>\n<meta name=\"twitter:label1\" content=\"Tempo de lectura\" \/>\n\t<meta name=\"twitter:data1\" content=\"5 minutos\" \/>\n<script type=\"application\/ld+json\" class=\"yoast-schema-graph\">{\"@context\":\"https:\/\/schema.org\",\"@graph\":[{\"@type\":\"WebPage\",\"@id\":\"https:\/\/ferrolterrapetfriendly.gal\/farmacias-veterinarias\/\",\"url\":\"https:\/\/ferrolterrapetfriendly.gal\/farmacias-veterinarias\/\",\"name\":\"Farmacias veterinarias - Ferrolterra Pet Friendly\",\"isPartOf\":{\"@id\":\"https:\/\/ferrolterrapetfriendly.gal\/#website\"},\"datePublished\":\"2026-03-02T10:54:13+00:00\",\"dateModified\":\"2026-03-02T11:02:11+00:00\",\"description\":\"Servicio de autolavado para mascotas en A Coru\u00f1a, R\u00edas Altas, Galicia. Autolavado y autosecado. Autoservicio para aseo de perros\",\"breadcrumb\":{\"@id\":\"https:\/\/ferrolterrapetfriendly.gal\/farmacias-veterinarias\/#breadcrumb\"},\"inLanguage\":\"gl-ES\",\"potentialAction\":[{\"@type\":\"ReadAction\",\"target\":[\"https:\/\/ferrolterrapetfriendly.gal\/farmacias-veterinarias\/\"]}]},{\"@type\":\"BreadcrumbList\",\"@id\":\"https:\/\/ferrolterrapetfriendly.gal\/farmacias-veterinarias\/#breadcrumb\",\"itemListElement\":[{\"@type\":\"ListItem\",\"position\":1,\"name\":\"Inicio\",\"item\":\"https:\/\/ferrolterrapetfriendly.gal\/\"},{\"@type\":\"ListItem\",\"position\":2,\"name\":\"Farmacias veterinarias\"}]},{\"@type\":\"WebSite\",\"@id\":\"https:\/\/ferrolterrapetfriendly.gal\/#website\",\"url\":\"https:\/\/ferrolterrapetfriendly.gal\/\",\"name\":\"Ferrolterra Pet Friendly\",\"description\":\"Informaci\u00f3n de utilidad para visitar Ferrolterra con perro\",\"publisher\":{\"@id\":\"https:\/\/ferrolterrapetfriendly.gal\/#organization\"},\"potentialAction\":[{\"@type\":\"SearchAction\",\"target\":{\"@type\":\"EntryPoint\",\"urlTemplate\":\"https:\/\/ferrolterrapetfriendly.gal\/?s={search_term_string}\"},\"query-input\":{\"@type\":\"PropertyValueSpecification\",\"valueRequired\":true,\"valueName\":\"search_term_string\"}}],\"inLanguage\":\"gl-ES\"},{\"@type\":\"Organization\",\"@id\":\"https:\/\/ferrolterrapetfriendly.gal\/#organization\",\"name\":\"Ferrolterra Pet Friendly\",\"url\":\"https:\/\/ferrolterrapetfriendly.gal\/\",\"logo\":{\"@type\":\"ImageObject\",\"inLanguage\":\"gl-ES\",\"@id\":\"https:\/\/ferrolterrapetfriendly.gal\/#\/schema\/logo\/image\/\",\"url\":\"https:\/\/ferrolterrapetfriendly.gal\/wp-content\/uploads\/Logo-PetFriendly-ES-60px-1.png\",\"contentUrl\":\"https:\/\/ferrolterrapetfriendly.gal\/wp-content\/uploads\/Logo-PetFriendly-ES-60px-1.png\",\"width\":175,\"height\":60,\"caption\":\"Ferrolterra Pet Friendly\"},\"image\":{\"@id\":\"https:\/\/ferrolterrapetfriendly.gal\/#\/schema\/logo\/image\/\"}}]}<\/script>\n<!-- \/ Yoast SEO plugin. -->","yoast_head_json":{"title":"Farmacias veterinarias - Ferrolterra Pet Friendly","description":"Servicio de autolavado para mascotas en A Coru\u00f1a, R\u00edas Altas, Galicia. Autolavado y autosecado. Autoservicio para aseo de perros","robots":{"index":"index","follow":"follow","max-snippet":"max-snippet:-1","max-image-preview":"max-image-preview:large","max-video-preview":"max-video-preview:-1"},"canonical":"https:\/\/ferrolterrapetfriendly.gal\/gl\/farmacias-veterinarias\/","og_locale":"gl_ES","og_type":"article","og_title":"Farmacias veterinarias - Ferrolterra Pet Friendly","og_description":"Servicio de autolavado para mascotas en A Coru\u00f1a, R\u00edas Altas, Galicia. Autolavado y autosecado. Autoservicio para aseo de perros","og_url":"https:\/\/ferrolterrapetfriendly.gal\/gl\/farmacias-veterinarias\/","og_site_name":"Ferrolterra Pet Friendly","article_modified_time":"2026-03-02T11:02:11+00:00","twitter_card":"summary_large_image","twitter_misc":{"Tempo de lectura":"5 minutos"},"schema":{"@context":"https:\/\/schema.org","@graph":[{"@type":"WebPage","@id":"https:\/\/ferrolterrapetfriendly.gal\/farmacias-veterinarias\/","url":"https:\/\/ferrolterrapetfriendly.gal\/farmacias-veterinarias\/","name":"Farmacias veterinarias - Ferrolterra Pet Friendly","isPartOf":{"@id":"https:\/\/ferrolterrapetfriendly.gal\/#website"},"datePublished":"2026-03-02T10:54:13+00:00","dateModified":"2026-03-02T11:02:11+00:00","description":"Servicio de autolavado para mascotas en A Coru\u00f1a, R\u00edas Altas, Galicia. Autolavado y autosecado. Autoservicio para aseo de perros","breadcrumb":{"@id":"https:\/\/ferrolterrapetfriendly.gal\/farmacias-veterinarias\/#breadcrumb"},"inLanguage":"gl-ES","potentialAction":[{"@type":"ReadAction","target":["https:\/\/ferrolterrapetfriendly.gal\/farmacias-veterinarias\/"]}]},{"@type":"BreadcrumbList","@id":"https:\/\/ferrolterrapetfriendly.gal\/farmacias-veterinarias\/#breadcrumb","itemListElement":[{"@type":"ListItem","position":1,"name":"Inicio","item":"https:\/\/ferrolterrapetfriendly.gal\/"},{"@type":"ListItem","position":2,"name":"Farmacias veterinarias"}]},{"@type":"WebSite","@id":"https:\/\/ferrolterrapetfriendly.gal\/#website","url":"https:\/\/ferrolterrapetfriendly.gal\/","name":"Ferrolterra Pet Friendly","description":"Informaci\u00f3n de utilidad para visitar Ferrolterra con perro","publisher":{"@id":"https:\/\/ferrolterrapetfriendly.gal\/#organization"},"potentialAction":[{"@type":"SearchAction","target":{"@type":"EntryPoint","urlTemplate":"https:\/\/ferrolterrapetfriendly.gal\/?s={search_term_string}"},"query-input":{"@type":"PropertyValueSpecification","valueRequired":true,"valueName":"search_term_string"}}],"inLanguage":"gl-ES"},{"@type":"Organization","@id":"https:\/\/ferrolterrapetfriendly.gal\/#organization","name":"Ferrolterra Pet Friendly","url":"https:\/\/ferrolterrapetfriendly.gal\/","logo":{"@type":"ImageObject","inLanguage":"gl-ES","@id":"https:\/\/ferrolterrapetfriendly.gal\/#\/schema\/logo\/image\/","url":"https:\/\/ferrolterrapetfriendly.gal\/wp-content\/uploads\/Logo-PetFriendly-ES-60px-1.png","contentUrl":"https:\/\/ferrolterrapetfriendly.gal\/wp-content\/uploads\/Logo-PetFriendly-ES-60px-1.png","width":175,"height":60,"caption":"Ferrolterra Pet Friendly"},"image":{"@id":"https:\/\/ferrolterrapetfriendly.gal\/#\/schema\/logo\/image\/"}}]}},"_links":{"self":[{"href":"https:\/\/ferrolterrapetfriendly.gal\/gl\/wp-json\/wp\/v2\/pages\/3548","targetHints":{"allow":["GET"]}}],"collection":[{"href":"https:\/\/ferrolterrapetfriendly.gal\/gl\/wp-json\/wp\/v2\/pages"}],"about":[{"href":"https:\/\/ferrolterrapetfriendly.gal\/gl\/wp-json\/wp\/v2\/types\/page"}],"author":[{"embeddable":true,"href":"https:\/\/ferrolterrapetfriendly.gal\/gl\/wp-json\/wp\/v2\/users\/1"}],"replies":[{"embeddable":true,"href":"https:\/\/ferrolterrapetfriendly.gal\/gl\/wp-json\/wp\/v2\/comments?post=3548"}],"version-history":[{"count":11,"href":"https:\/\/ferrolterrapetfriendly.gal\/gl\/wp-json\/wp\/v2\/pages\/3548\/revisions"}],"predecessor-version":[{"id":3560,"href":"https:\/\/ferrolterrapetfriendly.gal\/gl\/wp-json\/wp\/v2\/pages\/3548\/revisions\/3560"}],"wp:attachment":[{"href":"https:\/\/ferrolterrapetfriendly.gal\/gl\/wp-json\/wp\/v2\/media?parent=3548"}],"curies":[{"name":"wp","href":"https:\/\/api.w.org\/{rel}","templated":true}]}}