{"id":715,"date":"2024-12-19T10:46:31","date_gmt":"2024-12-19T09:46:31","guid":{"rendered":"https:\/\/ferrolterrapetfriendly.gal\/?page_id=715"},"modified":"2025-01-21T21:29:12","modified_gmt":"2025-01-21T20:29:12","slug":"convivencia","status":"publish","type":"page","link":"https:\/\/ferrolterrapetfriendly.gal\/gl\/convivencia\/","title":{"rendered":"Convivencia"},"content":{"rendered":"<div data-elementor-type=\"wp-page\" data-elementor-id=\"715\" class=\"elementor elementor-715\" data-elementor-post-type=\"page\">\n\t\t\t\t<div class=\"elementor-element elementor-element-d149e8e e-flex e-con-boxed e-con e-parent\" data-id=\"d149e8e\" data-element_type=\"container\" data-settings=\"{&quot;background_background&quot;:&quot;classic&quot;}\">\n\t\t\t\t\t<div class=\"e-con-inner\">\n\t\t\t\t<div class=\"elementor-element elementor-element-22fc9f1 elementor-widget elementor-widget-spacer\" data-id=\"22fc9f1\" data-element_type=\"widget\" data-widget_type=\"spacer.default\">\n\t\t\t\t<div class=\"elementor-widget-container\">\n\t\t\t\t\t<div class=\"elementor-spacer\">\n\t\t\t<div class=\"elementor-spacer-inner\"><\/div>\n\t\t<\/div>\n\t\t\t\t<\/div>\n\t\t\t\t<\/div>\n\t\t\t\t\t<\/div>\n\t\t\t\t<\/div>\n\t\t<div class=\"elementor-element elementor-element-d82249b rejilla e-flex e-con-boxed e-con e-parent\" data-id=\"d82249b\" data-element_type=\"container\">\n\t\t\t\t\t<div class=\"e-con-inner\">\n\t\t\t\t\t<\/div>\n\t\t\t\t<\/div>\n\t\t<div class=\"elementor-element elementor-element-79328f4 e-flex e-con-boxed e-con e-parent\" data-id=\"79328f4\" data-element_type=\"container\">\n\t\t\t\t\t<div class=\"e-con-inner\">\n\t\t\t\t<div class=\"elementor-element elementor-element-d6e30c3 elementor-widget elementor-widget-text-editor\" data-id=\"d6e30c3\" data-element_type=\"widget\" data-widget_type=\"text-editor.default\">\n\t\t\t\t<div class=\"elementor-widget-container\">\n\t\t\t\t\t\t\t<p>Es unha desas persoas afortunadas que comparte a s\u00faa vida cun ou m\u00e1is cans? Ent\u00f3n isto inter\u00e9sache!<\/p><p>Sabemos que che encanta ir co teu compa\u00f1eiro a todos os sitios e, por sorte, en Ferrolterra son cada vez m\u00e1is os establecementos pet friendly, pero para que cada vez te\u00f1amos m\u00e1is lugares a onde ir co noso can \u00e9 importante que cumpramos unhas normas b\u00e1sicas e que deixemos a mellor das nosas pegadas en cada lugar que visitemos.<\/p>\t\t\t\t\t\t<\/div>\n\t\t\t\t<\/div>\n\t\t\t\t<div class=\"elementor-element elementor-element-1b35d39 elementor-widget elementor-widget-heading\" data-id=\"1b35d39\" data-element_type=\"widget\" data-widget_type=\"heading.default\">\n\t\t\t\t<div class=\"elementor-widget-container\">\n\t\t\t<h2 class=\"elementor-heading-title elementor-size-default\">Ap\u00fantaste ao noso manifesto?<br>\nVelaqu\u00ed tes unhas cantas recomendaci\u00f3ns!<\/h2>\t\t<\/div>\n\t\t\t\t<\/div>\n\t\t\t\t<div class=\"elementor-element elementor-element-0023de4 elementor-widget elementor-widget-text-editor\" data-id=\"0023de4\" data-element_type=\"widget\" data-widget_type=\"text-editor.default\">\n\t\t\t\t<div class=\"elementor-widget-container\">\n\t\t\t\t\t\t\t<ul><li>O teu can seguro que sabe de memoria o seu nome porque o chamas cen veces ao d\u00eda, pero iso non quita para que leves a s\u00faa documentaci\u00f3n encima por se xorde alg\u00fan imprevisto, como pode ser un pequeno accidente que requira ir a un veterinario; neste caso, levar o seu pasaporte permitir\u00e1 axilizar a atenci\u00f3n que precise.<br \/><br \/><\/li><li>Non saias sen bolsas hixi\u00e9nicas e unha botella de auga para dilu\u00edr os ouri\u00f1os nas beirarr\u00faas, fachadas, mobiliario urbano etc. \u00c9 moi importante que mante\u00f1amos limpa a nosa imaxe e a nosa contorna!<br \/><br \/><\/li><li>O teu can non vai contaminar unha fonte por beber dela, isto ben o sabemos, pero o certo \u00e9 que pode resultar molesto para moitos humanos que a utilizan, e \u00e9 importante que sexamos respectuosos cos demais. Unha posible soluci\u00f3n \u00e9 improvisar un bebedoiro botando a auga nunha bolsa.<br \/><br \/><\/li><li>Queres entrar nun establecemento e non sabes se o teu can pode entrar contigo? Se non ten cartel na porta que o aclare, debes preguntar. A lexislaci\u00f3n deixa a criterio dos propietarios dos establecementos darlles a benvida \u00e1s persoas que van en compa\u00f1\u00eda dos seus cans, as\u00ed que \u00e9 mellor preguntar antes de entrar. Haber\u00e1 sitios que nunca pensaron en tal cousa, pero seguro que che abrir\u00e1n as s\u00faas portas se lle preguntas educadamente e se comproban o ben que se porta o teu compa\u00f1eiro.<br \/><br \/><\/li><li>\u00c9 importante dar unha boa impresi\u00f3n. Se respectamos as normas dos establecementos, mostramos bos modais, levamos limpo o noso can e non molestamos os demais usuarios, estaremos dando exemplo e animando a outros locais a que se convertan en pet friendly.<br \/><br \/><\/li><li>Se vas reservar nun restaurante, avisa que vas co teu can ou cans. Deste xeito, poderanche asignar unha mesa nunha zona tranquila!<br \/><br \/><\/li><li>En hoteis, casas rurais etc., tenta que estea contigo sempre, tanto para evitarlle situaci\u00f3ns de tensi\u00f3n como para lles transmitir tranquilidade aos teus anfitri\u00f3ns e a outros h\u00f3spedes. Se necesitases deixalo no cuarto polo motivo que sexa, pregunta se \u00e9 posible, porque non adoita estar permitido.<br \/><br \/><\/li><li>Se tes alg\u00fan plan e non pode acompa\u00f1arte, busca un hotel ou unha garder\u00eda canina. \u00c9 unha forma de evitar que estea s\u00f3 e, as\u00ed, quedaremos todos m\u00e1is tranquilos e contentos.<br \/><br \/><\/li><li>Procura estar atento sempre, xa que a curiosidade dos nosos compa\u00f1eiros de catro patas \u00e9 notoria e poden tirar ou estragar algo sen querer. Utiliza correa curta ou acurta a que leves para evitar que isto ocorra.<br \/><br \/><\/li><li>Nos locais onde se consuma comida ou bebida, tenta que se acomode baixo a mesa ou ao teu lado, co fin de evitar molestar a quen te estea atendendo e a outros clientes. E, se esqueciches o bebedoiro, pregunta sempre se te\u00f1en alg\u00fan utensilio que poidas utilizar.<br \/><br \/><\/li><li>\u00c1 hora do paseo, lembra que na v\u00eda p\u00fablica debe ir sempre con correa e colar ou con outro elemento de retenci\u00f3n. Nas sendas e cami\u00f1os de \u00e1mbito rural, onde est\u00e1 permitido que goce en liberdade, ten coidado de que non lles ocasione danos, molestias nin riscos a outras persoas, animais ou cousas.<br \/><br \/><\/li><li>En Ferrolterra, temos un gran patrimonio natural con espazos e especies de especial protecci\u00f3n, as\u00ed que che agradecemos que nos axudes a coidalo e que respectes sempre as indicaci\u00f3ns. Nalg\u00fans lugares, como o Parque Natural Fragas do Eume, o teu compa\u00f1eiro s\u00f3 poder\u00e1 acompa\u00f1arte se vai con correa curta non extensible e polos carreiros habilitados. Se desexas descubrir, por exemplo, as marabillosas praias de Valdovi\u00f1o, non poder\u00e1 ir contigo, xa que nese h\u00e1bitat viven especies protexidas; por\u00e9n, temos praias onde si poderedes gozar f\u00f3ra do horario de uso e praias caninas todo o ano.<br \/><br \/><\/li><li>Se vas co teu can de asistencia, has de saber que en Galicia ten garantido o acceso contigo a calquera lugar, establecemento ou transporte de uso p\u00fablico, con independencia da s\u00faa titularidade p\u00fablica ou privada. \u00c9 importante que leves sempre a s\u00faa documentaci\u00f3n por se cha piden.<br \/><br \/><\/li><li>Par\u00e9cenche demasiadas normas? Lembra que \u00e9 labor de todas e de todos os que vivimos con cans abrir o cami\u00f1o cara a unha convivencia similar \u00e1 doutros pa\u00edses. Para conseguir isto debemos dar exemplo e ser conscientes de que, cada vez que imos co noso can a un establecemento, representamos a todas as familias multiespecie e de que do noso comportamento pode depender a benvida ou non a outras no futuro.<\/li><\/ul><p><br \/>\u00c9 importante tam\u00e9n ter presentes as necesidades do noso compa\u00f1eiro: se imos facer unha escapada con el a Ferrolterra, hai que ter en conta que hai festas e romar\u00edas que se celebran ao longo de todo o ano, por iso conv\u00e9n informarse antes, sobre todo se o noso can lle ten medo \u00e1 pirotecnia, para lle evitar unha tensi\u00f3n innecesaria.<\/p>\t\t\t\t\t\t<\/div>\n\t\t\t\t<\/div>\n\t\t\t\t<div class=\"elementor-element elementor-element-0ea779e elementor-widget elementor-widget-heading\" data-id=\"0ea779e\" data-element_type=\"widget\" data-widget_type=\"heading.default\">\n\t\t\t\t<div class=\"elementor-widget-container\">\n\t\t\t<h2 class=\"elementor-heading-title elementor-size-default\">Grazas por colaborar para conseguir un mundo m\u00e1is pet friendly!!<\/h2>\t\t<\/div>\n\t\t\t\t<\/div>\n\t\t\t\t\t<\/div>\n\t\t\t\t<\/div>\n\t\t\t\t<\/div>","protected":false},"excerpt":{"rendered":"<p>\u00bfEres uno de esos humanos afortunados que comparte su vida con uno o m\u00e1s perros? \u00a1Entonces esto te interesa! Sabemos que te encanta ir con tu compa\u00f1ero a todas partes y, por suerte, en Ferrolterra son cada vez m\u00e1s los establecimientos pet friendly, pero, para que cada vez tengamos m\u00e1s lugares donde ir y no [&hellip;]<\/p>","protected":false},"author":1,"featured_media":0,"parent":0,"menu_order":0,"comment_status":"closed","ping_status":"closed","template":"","meta":{"_monsterinsights_skip_tracking":false,"_monsterinsights_sitenote_active":false,"_monsterinsights_sitenote_note":"","_monsterinsights_sitenote_category":0,"footnotes":""},"class_list":["post-715","page","type-page","status-publish","hentry"],"yoast_head":"<!-- This site is optimized with the Yoast SEO plugin v24.1 - https:\/\/yoast.com\/wordpress\/plugins\/seo\/ -->\n<title>Convivencia - Ferrolterra Pet Friendly<\/title>\n<meta name=\"description\" content=\"Recomendaciones, manifiesto, para facilitar la convivencia con perros durante la estancia en Ferrolterra, R\u00edas Altas, A Coru\u00f1a\" \/>\n<meta name=\"robots\" content=\"index, follow, max-snippet:-1, max-image-preview:large, max-video-preview:-1\" \/>\n<link rel=\"canonical\" href=\"https:\/\/ferrolterrapetfriendly.gal\/gl\/convivencia\/\" \/>\n<meta property=\"og:locale\" content=\"gl_ES\" \/>\n<meta property=\"og:type\" content=\"article\" \/>\n<meta property=\"og:title\" content=\"Convivencia - Ferrolterra Pet Friendly\" \/>\n<meta property=\"og:description\" content=\"Recomendaciones, manifiesto, para facilitar la convivencia con perros durante la estancia en Ferrolterra, R\u00edas Altas, A Coru\u00f1a\" \/>\n<meta property=\"og:url\" content=\"https:\/\/ferrolterrapetfriendly.gal\/gl\/convivencia\/\" \/>\n<meta property=\"og:site_name\" content=\"Ferrolterra Pet Friendly\" \/>\n<meta property=\"article:modified_time\" content=\"2025-01-21T20:29:12+00:00\" \/>\n<meta name=\"twitter:card\" content=\"summary_large_image\" \/>\n<meta name=\"twitter:label1\" content=\"Tempo de lectura\" \/>\n\t<meta name=\"twitter:data1\" content=\"4 minutos\" \/>\n<script type=\"application\/ld+json\" class=\"yoast-schema-graph\">{\"@context\":\"https:\/\/schema.org\",\"@graph\":[{\"@type\":\"WebPage\",\"@id\":\"https:\/\/ferrolterrapetfriendly.gal\/convivencia\/\",\"url\":\"https:\/\/ferrolterrapetfriendly.gal\/convivencia\/\",\"name\":\"Convivencia - Ferrolterra Pet Friendly\",\"isPartOf\":{\"@id\":\"https:\/\/ferrolterrapetfriendly.gal\/#website\"},\"datePublished\":\"2024-12-19T09:46:31+00:00\",\"dateModified\":\"2025-01-21T20:29:12+00:00\",\"description\":\"Recomendaciones, manifiesto, para facilitar la convivencia con perros durante la estancia en Ferrolterra, R\u00edas Altas, A Coru\u00f1a\",\"breadcrumb\":{\"@id\":\"https:\/\/ferrolterrapetfriendly.gal\/convivencia\/#breadcrumb\"},\"inLanguage\":\"gl-ES\",\"potentialAction\":[{\"@type\":\"ReadAction\",\"target\":[\"https:\/\/ferrolterrapetfriendly.gal\/convivencia\/\"]}]},{\"@type\":\"BreadcrumbList\",\"@id\":\"https:\/\/ferrolterrapetfriendly.gal\/convivencia\/#breadcrumb\",\"itemListElement\":[{\"@type\":\"ListItem\",\"position\":1,\"name\":\"Inicio\",\"item\":\"https:\/\/ferrolterrapetfriendly.gal\/\"},{\"@type\":\"ListItem\",\"position\":2,\"name\":\"Convivencia\"}]},{\"@type\":\"WebSite\",\"@id\":\"https:\/\/ferrolterrapetfriendly.gal\/#website\",\"url\":\"https:\/\/ferrolterrapetfriendly.gal\/\",\"name\":\"Ferrolterra Pet Friendly\",\"description\":\"Informaci\u00f3n de utilidad para visitar Ferrolterra con perro\",\"publisher\":{\"@id\":\"https:\/\/ferrolterrapetfriendly.gal\/#organization\"},\"potentialAction\":[{\"@type\":\"SearchAction\",\"target\":{\"@type\":\"EntryPoint\",\"urlTemplate\":\"https:\/\/ferrolterrapetfriendly.gal\/?s={search_term_string}\"},\"query-input\":{\"@type\":\"PropertyValueSpecification\",\"valueRequired\":true,\"valueName\":\"search_term_string\"}}],\"inLanguage\":\"gl-ES\"},{\"@type\":\"Organization\",\"@id\":\"https:\/\/ferrolterrapetfriendly.gal\/#organization\",\"name\":\"Ferrolterra Pet Friendly\",\"url\":\"https:\/\/ferrolterrapetfriendly.gal\/\",\"logo\":{\"@type\":\"ImageObject\",\"inLanguage\":\"gl-ES\",\"@id\":\"https:\/\/ferrolterrapetfriendly.gal\/#\/schema\/logo\/image\/\",\"url\":\"https:\/\/ferrolterrapetfriendly.gal\/wp-content\/uploads\/Logo-PetFriendly-ES-60px-1.png\",\"contentUrl\":\"https:\/\/ferrolterrapetfriendly.gal\/wp-content\/uploads\/Logo-PetFriendly-ES-60px-1.png\",\"width\":175,\"height\":60,\"caption\":\"Ferrolterra Pet Friendly\"},\"image\":{\"@id\":\"https:\/\/ferrolterrapetfriendly.gal\/#\/schema\/logo\/image\/\"}}]}<\/script>\n<!-- \/ Yoast SEO plugin. -->","yoast_head_json":{"title":"Convivencia - Ferrolterra Pet Friendly","description":"Recomendaciones, manifiesto, para facilitar la convivencia con perros durante la estancia en Ferrolterra, R\u00edas Altas, A Coru\u00f1a","robots":{"index":"index","follow":"follow","max-snippet":"max-snippet:-1","max-image-preview":"max-image-preview:large","max-video-preview":"max-video-preview:-1"},"canonical":"https:\/\/ferrolterrapetfriendly.gal\/gl\/convivencia\/","og_locale":"gl_ES","og_type":"article","og_title":"Convivencia - Ferrolterra Pet Friendly","og_description":"Recomendaciones, manifiesto, para facilitar la convivencia con perros durante la estancia en Ferrolterra, R\u00edas Altas, A Coru\u00f1a","og_url":"https:\/\/ferrolterrapetfriendly.gal\/gl\/convivencia\/","og_site_name":"Ferrolterra Pet Friendly","article_modified_time":"2025-01-21T20:29:12+00:00","twitter_card":"summary_large_image","twitter_misc":{"Tempo de lectura":"4 minutos"},"schema":{"@context":"https:\/\/schema.org","@graph":[{"@type":"WebPage","@id":"https:\/\/ferrolterrapetfriendly.gal\/convivencia\/","url":"https:\/\/ferrolterrapetfriendly.gal\/convivencia\/","name":"Convivencia - Ferrolterra Pet Friendly","isPartOf":{"@id":"https:\/\/ferrolterrapetfriendly.gal\/#website"},"datePublished":"2024-12-19T09:46:31+00:00","dateModified":"2025-01-21T20:29:12+00:00","description":"Recomendaciones, manifiesto, para facilitar la convivencia con perros durante la estancia en Ferrolterra, R\u00edas Altas, A Coru\u00f1a","breadcrumb":{"@id":"https:\/\/ferrolterrapetfriendly.gal\/convivencia\/#breadcrumb"},"inLanguage":"gl-ES","potentialAction":[{"@type":"ReadAction","target":["https:\/\/ferrolterrapetfriendly.gal\/convivencia\/"]}]},{"@type":"BreadcrumbList","@id":"https:\/\/ferrolterrapetfriendly.gal\/convivencia\/#breadcrumb","itemListElement":[{"@type":"ListItem","position":1,"name":"Inicio","item":"https:\/\/ferrolterrapetfriendly.gal\/"},{"@type":"ListItem","position":2,"name":"Convivencia"}]},{"@type":"WebSite","@id":"https:\/\/ferrolterrapetfriendly.gal\/#website","url":"https:\/\/ferrolterrapetfriendly.gal\/","name":"Ferrolterra Pet Friendly","description":"Informaci\u00f3n de utilidad para visitar Ferrolterra con perro","publisher":{"@id":"https:\/\/ferrolterrapetfriendly.gal\/#organization"},"potentialAction":[{"@type":"SearchAction","target":{"@type":"EntryPoint","urlTemplate":"https:\/\/ferrolterrapetfriendly.gal\/?s={search_term_string}"},"query-input":{"@type":"PropertyValueSpecification","valueRequired":true,"valueName":"search_term_string"}}],"inLanguage":"gl-ES"},{"@type":"Organization","@id":"https:\/\/ferrolterrapetfriendly.gal\/#organization","name":"Ferrolterra Pet Friendly","url":"https:\/\/ferrolterrapetfriendly.gal\/","logo":{"@type":"ImageObject","inLanguage":"gl-ES","@id":"https:\/\/ferrolterrapetfriendly.gal\/#\/schema\/logo\/image\/","url":"https:\/\/ferrolterrapetfriendly.gal\/wp-content\/uploads\/Logo-PetFriendly-ES-60px-1.png","contentUrl":"https:\/\/ferrolterrapetfriendly.gal\/wp-content\/uploads\/Logo-PetFriendly-ES-60px-1.png","width":175,"height":60,"caption":"Ferrolterra Pet Friendly"},"image":{"@id":"https:\/\/ferrolterrapetfriendly.gal\/#\/schema\/logo\/image\/"}}]}},"_links":{"self":[{"href":"https:\/\/ferrolterrapetfriendly.gal\/gl\/wp-json\/wp\/v2\/pages\/715","targetHints":{"allow":["GET"]}}],"collection":[{"href":"https:\/\/ferrolterrapetfriendly.gal\/gl\/wp-json\/wp\/v2\/pages"}],"about":[{"href":"https:\/\/ferrolterrapetfriendly.gal\/gl\/wp-json\/wp\/v2\/types\/page"}],"author":[{"embeddable":true,"href":"https:\/\/ferrolterrapetfriendly.gal\/gl\/wp-json\/wp\/v2\/users\/1"}],"replies":[{"embeddable":true,"href":"https:\/\/ferrolterrapetfriendly.gal\/gl\/wp-json\/wp\/v2\/comments?post=715"}],"version-history":[{"count":40,"href":"https:\/\/ferrolterrapetfriendly.gal\/gl\/wp-json\/wp\/v2\/pages\/715\/revisions"}],"predecessor-version":[{"id":2802,"href":"https:\/\/ferrolterrapetfriendly.gal\/gl\/wp-json\/wp\/v2\/pages\/715\/revisions\/2802"}],"wp:attachment":[{"href":"https:\/\/ferrolterrapetfriendly.gal\/gl\/wp-json\/wp\/v2\/media?parent=715"}],"curies":[{"name":"wp","href":"https:\/\/api.w.org\/{rel}","templated":true}]}}