{"id":739,"date":"2024-12-19T11:06:03","date_gmt":"2024-12-19T10:06:03","guid":{"rendered":"https:\/\/ferrolterrapetfriendly.gal\/?page_id=739"},"modified":"2025-01-21T21:34:49","modified_gmt":"2025-01-21T20:34:49","slug":"legislacion-y-normativa","status":"publish","type":"page","link":"https:\/\/ferrolterrapetfriendly.gal\/gl\/legislacion-y-normativa\/","title":{"rendered":"Lexislaci\u00f3n e Normativa"},"content":{"rendered":"<div data-elementor-type=\"wp-page\" data-elementor-id=\"739\" class=\"elementor elementor-739\" data-elementor-post-type=\"page\">\n\t\t\t\t<div class=\"elementor-element elementor-element-d149e8e e-flex e-con-boxed e-con e-parent\" data-id=\"d149e8e\" data-element_type=\"container\" data-settings=\"{&quot;background_background&quot;:&quot;classic&quot;}\">\n\t\t\t\t\t<div class=\"e-con-inner\">\n\t\t\t\t<div class=\"elementor-element elementor-element-22fc9f1 elementor-widget elementor-widget-spacer\" data-id=\"22fc9f1\" data-element_type=\"widget\" data-widget_type=\"spacer.default\">\n\t\t\t\t<div class=\"elementor-widget-container\">\n\t\t\t\t\t<div class=\"elementor-spacer\">\n\t\t\t<div class=\"elementor-spacer-inner\"><\/div>\n\t\t<\/div>\n\t\t\t\t<\/div>\n\t\t\t\t<\/div>\n\t\t\t\t\t<\/div>\n\t\t\t\t<\/div>\n\t\t<div class=\"elementor-element elementor-element-d82249b rejilla e-flex e-con-boxed e-con e-parent\" data-id=\"d82249b\" data-element_type=\"container\">\n\t\t\t\t\t<div class=\"e-con-inner\">\n\t\t\t\t\t<\/div>\n\t\t\t\t<\/div>\n\t\t<div class=\"elementor-element elementor-element-79328f4 e-flex e-con-boxed e-con e-parent\" data-id=\"79328f4\" data-element_type=\"container\">\n\t\t\t\t\t<div class=\"e-con-inner\">\n\t\t\t\t<div class=\"elementor-element elementor-element-d6e30c3 elementor-widget elementor-widget-text-editor\" data-id=\"d6e30c3\" data-element_type=\"widget\" data-widget_type=\"text-editor.default\">\n\t\t\t\t<div class=\"elementor-widget-container\">\n\t\t\t\t\t\t\t<p>Esta \u00e9 a lexislaci\u00f3n nacional e auton\u00f3mica que est\u00e1 actualmente en vigor:<\/p>\n<ul>\n<li>Lei 7\/2023, do 28 de marzo, de protecci\u00f3n dos dereitos e o benestar dos animais.&nbsp;<a href=\"https:\/\/www.boe.es\/buscar\/doc.php?id=BOE-A-2023-7936\">Texto completo no BOE<\/a><br><br><\/li>\n<li>Lei 4\/2017, do 3 de outubro, de protecci\u00f3n e benestar dos animais de compa\u00f1\u00eda en Galicia.&nbsp;<a href=\"https:\/\/www.boe.es\/buscar\/act.php?id=BOE-A-2017-12357\">Texto completo no BOE<\/a><br><br><\/li>\n<li>Lei 5\/2018, do 21 de decembro, de acceso \u00e1 contorna das persoas con discapacidade acompa\u00f1adas de cans de asistencia.&nbsp;<a href=\"https:\/\/www.boe.es\/buscar\/doc.php?id=BOE-A-2019-1695\">Texto completo no BOE<\/a><br><br><\/li>\n<\/ul>\n<p>Existen tam\u00e9n normativas relativas aos espazos naturais, municipais, e tam\u00e9n \u00e1s praias.<\/p>\n<p>Nestes \u00faltimos meses, coa entrada en vigor da nova lexislaci\u00f3n, estamos a vivir importantes melloras no que \u00e1 benvida de cans se refire, pero tam\u00e9n moito desconcerto. Se che xorde algunha d\u00fabida \u00e1 hora de preparar a t\u00faa viaxe, ponte en contacto co municipio que vaias visitar.<\/p>\n<p>Queres entrar nalg\u00fan establecemento e tes d\u00fabidas acerca de se o teu can pode entrar contigo? Se non ten informaci\u00f3n publicada respecto disto nin un cartel na porta que o aclare, pregunta.<\/p>\n<p>A lexislaci\u00f3n deixa a criterio dos propietarios dos establecementos darlles a benvida \u00e1s persoas que van en compa\u00f1\u00eda dos seus cans, as\u00ed que o mellor \u00e9 sempre preguntar. Especifica se vas cun can ou con m\u00e1is dun, o seu tama\u00f1o e se pertence a algunha das razas consideradas como potencialmente perigosas.<\/p>\n<p>Haber\u00e1 sitios que nunca pensaron nisto, pero seguro que che abrir\u00e1n as s\u00faas portas de par en par se lles preguntas educadamente e se ben o ben que se porta o teu compa\u00f1eiro.<\/p>\n<p>Queres participar nalgunha actividade de lecer activo en compa\u00f1\u00eda do teu can? Se \u00e9 as\u00ed, pregunta sempre. Seguro que atopar\u00e1s as que m\u00e1is se adapten \u00e1s s\u00faas condici\u00f3ns e aos vosos gustos.<\/p>\n<p>Se vas co teu can de asistencia, has de saber que Galicia ten garantido o acceso contigo a calquera lugar, establecemento ou transporte de uso p\u00fablico, con independencia da s\u00faa titularidade p\u00fablica ou privada. \u00c9 importante que leves sempre a s\u00faa documentaci\u00f3n por se cha piden.<\/p>\n<p>Lembra que \u00e9 labor de todas e de todos os que vivimos con cans abrir o cami\u00f1o cara a unha convivencia similar \u00e1 doutros pa\u00edses. Para conseguir isto debemos dar exemplo e ser conscientes de que, cada vez que imos co noso can a un establecemento, representamos a todas as familias multiespecie e de que do noso comportamento pode depender a benvida ou non a outras no futuro.<\/p>\t\t\t\t\t\t<\/div>\n\t\t\t\t<\/div>\n\t\t\t\t<div class=\"elementor-element elementor-element-0ea779e elementor-widget elementor-widget-heading\" data-id=\"0ea779e\" data-element_type=\"widget\" data-widget_type=\"heading.default\">\n\t\t\t\t<div class=\"elementor-widget-container\">\n\t\t\t<h2 class=\"elementor-heading-title elementor-size-default\">Grazas por colaborar para conseguir un mundo m\u00e1is pet friendly!!<\/h2>\t\t<\/div>\n\t\t\t\t<\/div>\n\t\t\t\t\t<\/div>\n\t\t\t\t<\/div>\n\t\t\t\t<\/div>","protected":false},"excerpt":{"rendered":"<p>\u00c9sta es la legislaci\u00f3n nacional y auton\u00f3mica actualmente en vigor: Ley 7\/2023, de 28 de marzo, de protecci\u00f3n de los derechos y el bienestar de los animales.&nbsp;Texto completo en BOE Ley 4\/2017, de 3 de octubre, de protecci\u00f3n y bienestar de los animales de compa\u00f1\u00eda en Galicia.&nbsp;Texto completo en BOE Ley 5\/2018, de 21 de [&hellip;]<\/p>","protected":false},"author":1,"featured_media":0,"parent":0,"menu_order":0,"comment_status":"closed","ping_status":"closed","template":"","meta":{"_monsterinsights_skip_tracking":false,"_monsterinsights_sitenote_active":false,"_monsterinsights_sitenote_note":"","_monsterinsights_sitenote_category":0,"footnotes":""},"class_list":["post-739","page","type-page","status-publish","hentry"],"yoast_head":"<!-- This site is optimized with the Yoast SEO plugin v24.1 - https:\/\/yoast.com\/wordpress\/plugins\/seo\/ -->\n<title>Legislaci\u00f3n &amp; Normativa - Ferrolterra Pet Friendly<\/title>\n<meta name=\"description\" content=\"Normativa a tener en cuenta si viajas con tu perro, con mascota a las R\u00edas Altas, Galicia. Normativa pet friendly\" \/>\n<meta name=\"robots\" content=\"index, follow, max-snippet:-1, max-image-preview:large, max-video-preview:-1\" \/>\n<link rel=\"canonical\" href=\"https:\/\/ferrolterrapetfriendly.gal\/gl\/legislacion-y-normativa\/\" \/>\n<meta property=\"og:locale\" content=\"gl_ES\" \/>\n<meta property=\"og:type\" content=\"article\" \/>\n<meta property=\"og:title\" content=\"Legislaci\u00f3n &amp; Normativa - Ferrolterra Pet Friendly\" \/>\n<meta property=\"og:description\" content=\"Normativa a tener en cuenta si viajas con tu perro, con mascota a las R\u00edas Altas, Galicia. Normativa pet friendly\" \/>\n<meta property=\"og:url\" content=\"https:\/\/ferrolterrapetfriendly.gal\/gl\/legislacion-y-normativa\/\" \/>\n<meta property=\"og:site_name\" content=\"Ferrolterra Pet Friendly\" \/>\n<meta property=\"article:modified_time\" content=\"2025-01-21T20:34:49+00:00\" \/>\n<meta name=\"twitter:card\" content=\"summary_large_image\" \/>\n<meta name=\"twitter:label1\" content=\"Tempo de lectura\" \/>\n\t<meta name=\"twitter:data1\" content=\"2 minutos\" \/>\n<script type=\"application\/ld+json\" class=\"yoast-schema-graph\">{\"@context\":\"https:\/\/schema.org\",\"@graph\":[{\"@type\":\"WebPage\",\"@id\":\"https:\/\/ferrolterrapetfriendly.gal\/legislacion-y-normativa\/\",\"url\":\"https:\/\/ferrolterrapetfriendly.gal\/legislacion-y-normativa\/\",\"name\":\"Legislaci\u00f3n & Normativa - Ferrolterra Pet Friendly\",\"isPartOf\":{\"@id\":\"https:\/\/ferrolterrapetfriendly.gal\/#website\"},\"datePublished\":\"2024-12-19T10:06:03+00:00\",\"dateModified\":\"2025-01-21T20:34:49+00:00\",\"description\":\"Normativa a tener en cuenta si viajas con tu perro, con mascota a las R\u00edas Altas, Galicia. Normativa pet friendly\",\"breadcrumb\":{\"@id\":\"https:\/\/ferrolterrapetfriendly.gal\/legislacion-y-normativa\/#breadcrumb\"},\"inLanguage\":\"gl-ES\",\"potentialAction\":[{\"@type\":\"ReadAction\",\"target\":[\"https:\/\/ferrolterrapetfriendly.gal\/legislacion-y-normativa\/\"]}]},{\"@type\":\"BreadcrumbList\",\"@id\":\"https:\/\/ferrolterrapetfriendly.gal\/legislacion-y-normativa\/#breadcrumb\",\"itemListElement\":[{\"@type\":\"ListItem\",\"position\":1,\"name\":\"Inicio\",\"item\":\"https:\/\/ferrolterrapetfriendly.gal\/\"},{\"@type\":\"ListItem\",\"position\":2,\"name\":\"Legislaci\u00f3n &#038; Normativa\"}]},{\"@type\":\"WebSite\",\"@id\":\"https:\/\/ferrolterrapetfriendly.gal\/#website\",\"url\":\"https:\/\/ferrolterrapetfriendly.gal\/\",\"name\":\"Ferrolterra Pet Friendly\",\"description\":\"Informaci\u00f3n de utilidad para visitar Ferrolterra con perro\",\"publisher\":{\"@id\":\"https:\/\/ferrolterrapetfriendly.gal\/#organization\"},\"potentialAction\":[{\"@type\":\"SearchAction\",\"target\":{\"@type\":\"EntryPoint\",\"urlTemplate\":\"https:\/\/ferrolterrapetfriendly.gal\/?s={search_term_string}\"},\"query-input\":{\"@type\":\"PropertyValueSpecification\",\"valueRequired\":true,\"valueName\":\"search_term_string\"}}],\"inLanguage\":\"gl-ES\"},{\"@type\":\"Organization\",\"@id\":\"https:\/\/ferrolterrapetfriendly.gal\/#organization\",\"name\":\"Ferrolterra Pet Friendly\",\"url\":\"https:\/\/ferrolterrapetfriendly.gal\/\",\"logo\":{\"@type\":\"ImageObject\",\"inLanguage\":\"gl-ES\",\"@id\":\"https:\/\/ferrolterrapetfriendly.gal\/#\/schema\/logo\/image\/\",\"url\":\"https:\/\/ferrolterrapetfriendly.gal\/wp-content\/uploads\/Logo-PetFriendly-ES-60px-1.png\",\"contentUrl\":\"https:\/\/ferrolterrapetfriendly.gal\/wp-content\/uploads\/Logo-PetFriendly-ES-60px-1.png\",\"width\":175,\"height\":60,\"caption\":\"Ferrolterra Pet Friendly\"},\"image\":{\"@id\":\"https:\/\/ferrolterrapetfriendly.gal\/#\/schema\/logo\/image\/\"}}]}<\/script>\n<!-- \/ Yoast SEO plugin. -->","yoast_head_json":{"title":"Legislaci\u00f3n & Normativa - Ferrolterra Pet Friendly","description":"Normativa a tener en cuenta si viajas con tu perro, con mascota a las R\u00edas Altas, Galicia. Normativa pet friendly","robots":{"index":"index","follow":"follow","max-snippet":"max-snippet:-1","max-image-preview":"max-image-preview:large","max-video-preview":"max-video-preview:-1"},"canonical":"https:\/\/ferrolterrapetfriendly.gal\/gl\/legislacion-y-normativa\/","og_locale":"gl_ES","og_type":"article","og_title":"Legislaci\u00f3n & Normativa - Ferrolterra Pet Friendly","og_description":"Normativa a tener en cuenta si viajas con tu perro, con mascota a las R\u00edas Altas, Galicia. Normativa pet friendly","og_url":"https:\/\/ferrolterrapetfriendly.gal\/gl\/legislacion-y-normativa\/","og_site_name":"Ferrolterra Pet Friendly","article_modified_time":"2025-01-21T20:34:49+00:00","twitter_card":"summary_large_image","twitter_misc":{"Tempo de lectura":"2 minutos"},"schema":{"@context":"https:\/\/schema.org","@graph":[{"@type":"WebPage","@id":"https:\/\/ferrolterrapetfriendly.gal\/legislacion-y-normativa\/","url":"https:\/\/ferrolterrapetfriendly.gal\/legislacion-y-normativa\/","name":"Legislaci\u00f3n & Normativa - Ferrolterra Pet Friendly","isPartOf":{"@id":"https:\/\/ferrolterrapetfriendly.gal\/#website"},"datePublished":"2024-12-19T10:06:03+00:00","dateModified":"2025-01-21T20:34:49+00:00","description":"Normativa a tener en cuenta si viajas con tu perro, con mascota a las R\u00edas Altas, Galicia. Normativa pet friendly","breadcrumb":{"@id":"https:\/\/ferrolterrapetfriendly.gal\/legislacion-y-normativa\/#breadcrumb"},"inLanguage":"gl-ES","potentialAction":[{"@type":"ReadAction","target":["https:\/\/ferrolterrapetfriendly.gal\/legislacion-y-normativa\/"]}]},{"@type":"BreadcrumbList","@id":"https:\/\/ferrolterrapetfriendly.gal\/legislacion-y-normativa\/#breadcrumb","itemListElement":[{"@type":"ListItem","position":1,"name":"Inicio","item":"https:\/\/ferrolterrapetfriendly.gal\/"},{"@type":"ListItem","position":2,"name":"Legislaci\u00f3n &#038; Normativa"}]},{"@type":"WebSite","@id":"https:\/\/ferrolterrapetfriendly.gal\/#website","url":"https:\/\/ferrolterrapetfriendly.gal\/","name":"Ferrolterra Pet Friendly","description":"Informaci\u00f3n de utilidad para visitar Ferrolterra con perro","publisher":{"@id":"https:\/\/ferrolterrapetfriendly.gal\/#organization"},"potentialAction":[{"@type":"SearchAction","target":{"@type":"EntryPoint","urlTemplate":"https:\/\/ferrolterrapetfriendly.gal\/?s={search_term_string}"},"query-input":{"@type":"PropertyValueSpecification","valueRequired":true,"valueName":"search_term_string"}}],"inLanguage":"gl-ES"},{"@type":"Organization","@id":"https:\/\/ferrolterrapetfriendly.gal\/#organization","name":"Ferrolterra Pet Friendly","url":"https:\/\/ferrolterrapetfriendly.gal\/","logo":{"@type":"ImageObject","inLanguage":"gl-ES","@id":"https:\/\/ferrolterrapetfriendly.gal\/#\/schema\/logo\/image\/","url":"https:\/\/ferrolterrapetfriendly.gal\/wp-content\/uploads\/Logo-PetFriendly-ES-60px-1.png","contentUrl":"https:\/\/ferrolterrapetfriendly.gal\/wp-content\/uploads\/Logo-PetFriendly-ES-60px-1.png","width":175,"height":60,"caption":"Ferrolterra Pet Friendly"},"image":{"@id":"https:\/\/ferrolterrapetfriendly.gal\/#\/schema\/logo\/image\/"}}]}},"_links":{"self":[{"href":"https:\/\/ferrolterrapetfriendly.gal\/gl\/wp-json\/wp\/v2\/pages\/739","targetHints":{"allow":["GET"]}}],"collection":[{"href":"https:\/\/ferrolterrapetfriendly.gal\/gl\/wp-json\/wp\/v2\/pages"}],"about":[{"href":"https:\/\/ferrolterrapetfriendly.gal\/gl\/wp-json\/wp\/v2\/types\/page"}],"author":[{"embeddable":true,"href":"https:\/\/ferrolterrapetfriendly.gal\/gl\/wp-json\/wp\/v2\/users\/1"}],"replies":[{"embeddable":true,"href":"https:\/\/ferrolterrapetfriendly.gal\/gl\/wp-json\/wp\/v2\/comments?post=739"}],"version-history":[{"count":36,"href":"https:\/\/ferrolterrapetfriendly.gal\/gl\/wp-json\/wp\/v2\/pages\/739\/revisions"}],"predecessor-version":[{"id":2818,"href":"https:\/\/ferrolterrapetfriendly.gal\/gl\/wp-json\/wp\/v2\/pages\/739\/revisions\/2818"}],"wp:attachment":[{"href":"https:\/\/ferrolterrapetfriendly.gal\/gl\/wp-json\/wp\/v2\/media?parent=739"}],"curies":[{"name":"wp","href":"https:\/\/api.w.org\/{rel}","templated":true}]}}