{"id":829,"date":"2024-12-19T13:31:00","date_gmt":"2024-12-19T12:31:00","guid":{"rendered":"https:\/\/ferrolterrapetfriendly.gal\/?page_id=829"},"modified":"2025-01-16T19:28:06","modified_gmt":"2025-01-16T18:28:06","slug":"refugio-de-mouga","status":"publish","type":"page","link":"https:\/\/ferrolterrapetfriendly.gal\/gl\/refugio-de-mouga\/","title":{"rendered":"Refuxio de Moug\u00e1"},"content":{"rendered":"<div data-elementor-type=\"wp-page\" data-elementor-id=\"829\" class=\"elementor elementor-829\" data-elementor-post-type=\"page\">\n\t\t\t\t<div class=\"elementor-element elementor-element-d149e8e e-flex e-con-boxed e-con e-parent\" data-id=\"d149e8e\" data-element_type=\"container\" data-settings=\"{&quot;background_background&quot;:&quot;classic&quot;}\">\n\t\t\t\t\t<div class=\"e-con-inner\">\n\t\t\t\t<div class=\"elementor-element elementor-element-22fc9f1 elementor-widget elementor-widget-spacer\" data-id=\"22fc9f1\" data-element_type=\"widget\" data-widget_type=\"spacer.default\">\n\t\t\t\t<div class=\"elementor-widget-container\">\n\t\t\t\t\t<div class=\"elementor-spacer\">\n\t\t\t<div class=\"elementor-spacer-inner\"><\/div>\n\t\t<\/div>\n\t\t\t\t<\/div>\n\t\t\t\t<\/div>\n\t\t\t\t\t<\/div>\n\t\t\t\t<\/div>\n\t\t<div class=\"elementor-element elementor-element-d82249b e-flex e-con-boxed e-con e-parent\" data-id=\"d82249b\" data-element_type=\"container\">\n\t\t\t\t\t<div class=\"e-con-inner\">\n\t\t\t\t<div class=\"elementor-element elementor-element-429197c elementor-widget elementor-widget-text-editor\" data-id=\"429197c\" data-element_type=\"widget\" data-widget_type=\"text-editor.default\">\n\t\t\t\t<div class=\"elementor-widget-container\">\n\t\t\t\t\t\t\t<p>Duna, agora Hope, \u00e9 as\u00ed de feliz desde que a s\u00faa nova familia non dubidou en adoptala a pesar de precisar unha cadeira por mor dos malos tratos que sufriu.<\/p>\t\t\t\t\t\t<\/div>\n\t\t\t\t<\/div>\n\t\t\t\t\t<\/div>\n\t\t\t\t<\/div>\n\t\t<div class=\"elementor-element elementor-element-28432ab e-flex e-con-boxed e-con e-parent\" data-id=\"28432ab\" data-element_type=\"container\">\n\t\t\t\t\t<div class=\"e-con-inner\">\n\t\t\t\t\t<\/div>\n\t\t\t\t<\/div>\n\t\t<div class=\"elementor-element elementor-element-79328f4 e-flex e-con-boxed e-con e-parent\" data-id=\"79328f4\" data-element_type=\"container\">\n\t\t\t\t\t<div class=\"e-con-inner\">\n\t\t\t\t<div class=\"elementor-element elementor-element-d6e30c3 elementor-widget elementor-widget-text-editor\" data-id=\"d6e30c3\" data-element_type=\"widget\" data-widget_type=\"text-editor.default\">\n\t\t\t\t<div class=\"elementor-widget-container\">\n\t\t\t\t\t\t\t<p>O refuxio de animais de Moug\u00e1 \u00e9 un centro dedicado a acoller animais dom\u00e9sticos que precisan unha nova familia, un novo fogar. D\u00e1 servizo as 24 horas do d\u00eda durante todo o ano para atender e recoller animais dom\u00e9sticos que est\u00e1n perdidos ou abandonados.<\/p><p>O refuxio est\u00e1 legalmente autorizado para a tramitaci\u00f3n de adopci\u00f3ns.\u00a0<a href=\"https:\/\/mascuidados.com\/gl\/disponibles\/\" target=\"_blank\" rel=\"noopener\">Podes consultar aqu\u00ed os animais dispo\u00f1ibles para adopci\u00f3n<\/a>.<\/p><p>O seu equipo ten unha grande experiencia na xesti\u00f3n responsable de adopci\u00f3ns e fai todo o posible para lles axudar aos cans e aos gatos que chegan ao refuxio a que atopen a s\u00faa nova familia ideal canto antes.<\/p><p>Un exemplo dos m\u00e1is de 200 cans e gatos que anualmente atopan un novo fogar \u00e9 Duna, agora Hope, que vive feliz coa s\u00faa nova familia, quen non dubidou en adoptala a pesar de precisar unha cadeira para desprazarse como consecuencia dos malos tratos aos que se viu sometida.\u00a0<em>Duna<\/em>, ahora\u00a0<strong>Hope<\/strong>, que vive feliz con su nueva familia que no dud\u00f3 en adoptarla a presar de precisar una silla para desplazarse como consecuencia del maltrato sufrido.<\/p><p>Os municipios integrantes da mancomunidade de Ferrol (Ares, Cabanas, Cedeira, Fene, Ferrol, Mugardos, Nar\u00f3n, Neda e Valdovi\u00f1o) son plenamente conscientes da importancia da protecci\u00f3n dos dereitos e do benestar dos animais, as\u00ed como do papel fundamental das persoas na tenza responsable e na condena e persecuci\u00f3n dos malos tratos e do abandono.<\/p><p>Se ves un animal deambulando sen a presenza dos seus titores, por favor, chama ao 112 ou \u00e1 Polic\u00eda local para que o refuxio o poida recoller.<\/p><p>Se se extraviou o teu compa\u00f1eiro ou se desexas incrementar a familia mediante a adopci\u00f3n, podes po\u00f1erte en contacto co refuxio ou achegarte a visitalo nos horarios de atenci\u00f3n ao p\u00fablico.<\/p>\t\t\t\t\t\t<\/div>\n\t\t\t\t<\/div>\n\t\t\t\t<div class=\"elementor-element elementor-element-1b35d39 elementor-widget elementor-widget-heading\" data-id=\"1b35d39\" data-element_type=\"widget\" data-widget_type=\"heading.default\">\n\t\t\t\t<div class=\"elementor-widget-container\">\n\t\t\t<h2 class=\"elementor-heading-title elementor-size-default\">C\u00f3mo chegar ao  Refuxio de Moug\u00e1<\/h2>\t\t<\/div>\n\t\t\t\t<\/div>\n\t\t\t\t<div class=\"elementor-element elementor-element-0023de4 elementor-widget elementor-widget-text-editor\" data-id=\"0023de4\" data-element_type=\"widget\" data-widget_type=\"text-editor.default\">\n\t\t\t\t<div class=\"elementor-widget-container\">\n\t\t\t\t\t\t\t<p><strong>Horarios de visita:<\/strong>\u00a0de luns a venres de 11:30 a 18:30 e os s\u00e1bados de 10:00 a 14:30 (con cita previa)<\/p><p><strong>Horario de atenci\u00f3n telef\u00f3nica:<\/strong>\u00a0de luns a venres de 10:30 a 18:30 e os s\u00e1bados de 10:00 a 14:30<\/p><p><a href=\"https:\/\/www.google.com\/maps\/dir\/\/Moug%C3%A1,+15594,+A+Coru%C3%B1a\/@43.5146798,-8.3719819,12z\/data=!4m8!4m7!1m0!1m5!1m1!1s0xd2dd95e807a0d11:0xf57726ced730e25!2m2!1d-8.2895812!2d43.5147094?entry=ttu\" target=\"_blank\" rel=\"noopener\">Click aqu\u00ed para obter a ruta de acceso en Googe Maps<\/a><\/p><p><a href=\"tel: 34633381763\">+34 633 38 17 63<\/a><\/p><p><a href=\"mailto:refuxio@ferrol.es\">refuxio@ferrol.es<\/a><\/p><p><a href=\"https:\/\/comarcaferrolterra.wordpress.com\/\" target=\"_blank\" rel=\"noopener\">\u00bfM\u00e1is info? Visita a web da Mancomunidade<\/a><\/p>\t\t\t\t\t\t<\/div>\n\t\t\t\t<\/div>\n\t\t\t\t\t<\/div>\n\t\t\t\t<\/div>\n\t\t\t\t<\/div>","protected":false},"excerpt":{"rendered":"<p>Duna, ahora Hope, es as\u00ed de feliz desde que su nueva familia no dud\u00f3 en adoptarla a pesar de precisar una silla como consecuencia del maltrato sufrido El Refugio de Animales de Moug\u00e1 es un centro dedicado a acoger animales dom\u00e9sticos que precisan una nueva familia, un nuevo hogar. Da servicio las 24 horas del [&hellip;]<\/p>","protected":false},"author":1,"featured_media":0,"parent":0,"menu_order":0,"comment_status":"closed","ping_status":"closed","template":"","meta":{"_monsterinsights_skip_tracking":false,"_monsterinsights_sitenote_active":false,"_monsterinsights_sitenote_note":"","_monsterinsights_sitenote_category":0,"footnotes":""},"class_list":["post-829","page","type-page","status-publish","hentry"],"yoast_head":"<!-- This site is optimized with the Yoast SEO plugin v24.1 - https:\/\/yoast.com\/wordpress\/plugins\/seo\/ -->\n<title>Refugio de Moug\u00e1 - Ferrolterra Pet Friendly<\/title>\n<meta name=\"description\" content=\"Centro que acoge animales que buscan una nueva familia en Ares, Cabanas, Cedeira, Fene, Ferrol, Mugardos, Nar\u00f3n, Neda y Valdovi\u00f1o\" \/>\n<meta name=\"robots\" content=\"index, follow, max-snippet:-1, max-image-preview:large, max-video-preview:-1\" \/>\n<link rel=\"canonical\" href=\"https:\/\/ferrolterrapetfriendly.gal\/gl\/refugio-de-mouga\/\" \/>\n<meta property=\"og:locale\" content=\"gl_ES\" \/>\n<meta property=\"og:type\" content=\"article\" \/>\n<meta property=\"og:title\" content=\"Refugio de Moug\u00e1 - Ferrolterra Pet Friendly\" \/>\n<meta property=\"og:description\" content=\"Centro que acoge animales que buscan una nueva familia en Ares, Cabanas, Cedeira, Fene, Ferrol, Mugardos, Nar\u00f3n, Neda y Valdovi\u00f1o\" \/>\n<meta property=\"og:url\" content=\"https:\/\/ferrolterrapetfriendly.gal\/gl\/refugio-de-mouga\/\" \/>\n<meta property=\"og:site_name\" content=\"Ferrolterra Pet Friendly\" \/>\n<meta property=\"article:modified_time\" content=\"2025-01-16T18:28:06+00:00\" \/>\n<meta name=\"twitter:card\" content=\"summary_large_image\" \/>\n<meta name=\"twitter:label1\" content=\"Tempo de lectura\" \/>\n\t<meta name=\"twitter:data1\" content=\"2 minutos\" \/>\n<script type=\"application\/ld+json\" class=\"yoast-schema-graph\">{\"@context\":\"https:\/\/schema.org\",\"@graph\":[{\"@type\":\"WebPage\",\"@id\":\"https:\/\/ferrolterrapetfriendly.gal\/refugio-de-mouga\/\",\"url\":\"https:\/\/ferrolterrapetfriendly.gal\/refugio-de-mouga\/\",\"name\":\"Refugio de Moug\u00e1 - Ferrolterra Pet Friendly\",\"isPartOf\":{\"@id\":\"https:\/\/ferrolterrapetfriendly.gal\/#website\"},\"datePublished\":\"2024-12-19T12:31:00+00:00\",\"dateModified\":\"2025-01-16T18:28:06+00:00\",\"description\":\"Centro que acoge animales que buscan una nueva familia en Ares, Cabanas, Cedeira, Fene, Ferrol, Mugardos, Nar\u00f3n, Neda y Valdovi\u00f1o\",\"breadcrumb\":{\"@id\":\"https:\/\/ferrolterrapetfriendly.gal\/refugio-de-mouga\/#breadcrumb\"},\"inLanguage\":\"gl-ES\",\"potentialAction\":[{\"@type\":\"ReadAction\",\"target\":[\"https:\/\/ferrolterrapetfriendly.gal\/refugio-de-mouga\/\"]}]},{\"@type\":\"BreadcrumbList\",\"@id\":\"https:\/\/ferrolterrapetfriendly.gal\/refugio-de-mouga\/#breadcrumb\",\"itemListElement\":[{\"@type\":\"ListItem\",\"position\":1,\"name\":\"Inicio\",\"item\":\"https:\/\/ferrolterrapetfriendly.gal\/\"},{\"@type\":\"ListItem\",\"position\":2,\"name\":\"Refugio de Moug\u00e1\"}]},{\"@type\":\"WebSite\",\"@id\":\"https:\/\/ferrolterrapetfriendly.gal\/#website\",\"url\":\"https:\/\/ferrolterrapetfriendly.gal\/\",\"name\":\"Ferrolterra Pet Friendly\",\"description\":\"Informaci\u00f3n de utilidad para visitar Ferrolterra con perro\",\"publisher\":{\"@id\":\"https:\/\/ferrolterrapetfriendly.gal\/#organization\"},\"potentialAction\":[{\"@type\":\"SearchAction\",\"target\":{\"@type\":\"EntryPoint\",\"urlTemplate\":\"https:\/\/ferrolterrapetfriendly.gal\/?s={search_term_string}\"},\"query-input\":{\"@type\":\"PropertyValueSpecification\",\"valueRequired\":true,\"valueName\":\"search_term_string\"}}],\"inLanguage\":\"gl-ES\"},{\"@type\":\"Organization\",\"@id\":\"https:\/\/ferrolterrapetfriendly.gal\/#organization\",\"name\":\"Ferrolterra Pet Friendly\",\"url\":\"https:\/\/ferrolterrapetfriendly.gal\/\",\"logo\":{\"@type\":\"ImageObject\",\"inLanguage\":\"gl-ES\",\"@id\":\"https:\/\/ferrolterrapetfriendly.gal\/#\/schema\/logo\/image\/\",\"url\":\"https:\/\/ferrolterrapetfriendly.gal\/wp-content\/uploads\/Logo-PetFriendly-ES-60px-1.png\",\"contentUrl\":\"https:\/\/ferrolterrapetfriendly.gal\/wp-content\/uploads\/Logo-PetFriendly-ES-60px-1.png\",\"width\":175,\"height\":60,\"caption\":\"Ferrolterra Pet Friendly\"},\"image\":{\"@id\":\"https:\/\/ferrolterrapetfriendly.gal\/#\/schema\/logo\/image\/\"}}]}<\/script>\n<!-- \/ Yoast SEO plugin. -->","yoast_head_json":{"title":"Refugio de Moug\u00e1 - Ferrolterra Pet Friendly","description":"Centro que acoge animales que buscan una nueva familia en Ares, Cabanas, Cedeira, Fene, Ferrol, Mugardos, Nar\u00f3n, Neda y Valdovi\u00f1o","robots":{"index":"index","follow":"follow","max-snippet":"max-snippet:-1","max-image-preview":"max-image-preview:large","max-video-preview":"max-video-preview:-1"},"canonical":"https:\/\/ferrolterrapetfriendly.gal\/gl\/refugio-de-mouga\/","og_locale":"gl_ES","og_type":"article","og_title":"Refugio de Moug\u00e1 - Ferrolterra Pet Friendly","og_description":"Centro que acoge animales que buscan una nueva familia en Ares, Cabanas, Cedeira, Fene, Ferrol, Mugardos, Nar\u00f3n, Neda y Valdovi\u00f1o","og_url":"https:\/\/ferrolterrapetfriendly.gal\/gl\/refugio-de-mouga\/","og_site_name":"Ferrolterra Pet Friendly","article_modified_time":"2025-01-16T18:28:06+00:00","twitter_card":"summary_large_image","twitter_misc":{"Tempo de lectura":"2 minutos"},"schema":{"@context":"https:\/\/schema.org","@graph":[{"@type":"WebPage","@id":"https:\/\/ferrolterrapetfriendly.gal\/refugio-de-mouga\/","url":"https:\/\/ferrolterrapetfriendly.gal\/refugio-de-mouga\/","name":"Refugio de Moug\u00e1 - Ferrolterra Pet Friendly","isPartOf":{"@id":"https:\/\/ferrolterrapetfriendly.gal\/#website"},"datePublished":"2024-12-19T12:31:00+00:00","dateModified":"2025-01-16T18:28:06+00:00","description":"Centro que acoge animales que buscan una nueva familia en Ares, Cabanas, Cedeira, Fene, Ferrol, Mugardos, Nar\u00f3n, Neda y Valdovi\u00f1o","breadcrumb":{"@id":"https:\/\/ferrolterrapetfriendly.gal\/refugio-de-mouga\/#breadcrumb"},"inLanguage":"gl-ES","potentialAction":[{"@type":"ReadAction","target":["https:\/\/ferrolterrapetfriendly.gal\/refugio-de-mouga\/"]}]},{"@type":"BreadcrumbList","@id":"https:\/\/ferrolterrapetfriendly.gal\/refugio-de-mouga\/#breadcrumb","itemListElement":[{"@type":"ListItem","position":1,"name":"Inicio","item":"https:\/\/ferrolterrapetfriendly.gal\/"},{"@type":"ListItem","position":2,"name":"Refugio de Moug\u00e1"}]},{"@type":"WebSite","@id":"https:\/\/ferrolterrapetfriendly.gal\/#website","url":"https:\/\/ferrolterrapetfriendly.gal\/","name":"Ferrolterra Pet Friendly","description":"Informaci\u00f3n de utilidad para visitar Ferrolterra con perro","publisher":{"@id":"https:\/\/ferrolterrapetfriendly.gal\/#organization"},"potentialAction":[{"@type":"SearchAction","target":{"@type":"EntryPoint","urlTemplate":"https:\/\/ferrolterrapetfriendly.gal\/?s={search_term_string}"},"query-input":{"@type":"PropertyValueSpecification","valueRequired":true,"valueName":"search_term_string"}}],"inLanguage":"gl-ES"},{"@type":"Organization","@id":"https:\/\/ferrolterrapetfriendly.gal\/#organization","name":"Ferrolterra Pet Friendly","url":"https:\/\/ferrolterrapetfriendly.gal\/","logo":{"@type":"ImageObject","inLanguage":"gl-ES","@id":"https:\/\/ferrolterrapetfriendly.gal\/#\/schema\/logo\/image\/","url":"https:\/\/ferrolterrapetfriendly.gal\/wp-content\/uploads\/Logo-PetFriendly-ES-60px-1.png","contentUrl":"https:\/\/ferrolterrapetfriendly.gal\/wp-content\/uploads\/Logo-PetFriendly-ES-60px-1.png","width":175,"height":60,"caption":"Ferrolterra Pet Friendly"},"image":{"@id":"https:\/\/ferrolterrapetfriendly.gal\/#\/schema\/logo\/image\/"}}]}},"_links":{"self":[{"href":"https:\/\/ferrolterrapetfriendly.gal\/gl\/wp-json\/wp\/v2\/pages\/829","targetHints":{"allow":["GET"]}}],"collection":[{"href":"https:\/\/ferrolterrapetfriendly.gal\/gl\/wp-json\/wp\/v2\/pages"}],"about":[{"href":"https:\/\/ferrolterrapetfriendly.gal\/gl\/wp-json\/wp\/v2\/types\/page"}],"author":[{"embeddable":true,"href":"https:\/\/ferrolterrapetfriendly.gal\/gl\/wp-json\/wp\/v2\/users\/1"}],"replies":[{"embeddable":true,"href":"https:\/\/ferrolterrapetfriendly.gal\/gl\/wp-json\/wp\/v2\/comments?post=829"}],"version-history":[{"count":36,"href":"https:\/\/ferrolterrapetfriendly.gal\/gl\/wp-json\/wp\/v2\/pages\/829\/revisions"}],"predecessor-version":[{"id":2777,"href":"https:\/\/ferrolterrapetfriendly.gal\/gl\/wp-json\/wp\/v2\/pages\/829\/revisions\/2777"}],"wp:attachment":[{"href":"https:\/\/ferrolterrapetfriendly.gal\/gl\/wp-json\/wp\/v2\/media?parent=829"}],"curies":[{"name":"wp","href":"https:\/\/api.w.org\/{rel}","templated":true}]}}