{"id":867,"date":"2024-12-19T13:51:21","date_gmt":"2024-12-19T12:51:21","guid":{"rendered":"https:\/\/ferrolterrapetfriendly.gal\/?page_id=867"},"modified":"2025-01-21T21:38:00","modified_gmt":"2025-01-21T20:38:00","slug":"que-hacer","status":"publish","type":"page","link":"https:\/\/ferrolterrapetfriendly.gal\/gl\/que-hacer\/","title":{"rendered":"Que facer?"},"content":{"rendered":"<div data-elementor-type=\"wp-page\" data-elementor-id=\"867\" class=\"elementor elementor-867\" data-elementor-post-type=\"page\">\n\t\t\t\t<div class=\"elementor-element elementor-element-d149e8e e-flex e-con-boxed e-con e-parent\" data-id=\"d149e8e\" data-element_type=\"container\" data-settings=\"{&quot;background_background&quot;:&quot;classic&quot;}\">\n\t\t\t\t\t<div class=\"e-con-inner\">\n\t\t\t\t<div class=\"elementor-element elementor-element-22fc9f1 elementor-widget elementor-widget-spacer\" data-id=\"22fc9f1\" data-element_type=\"widget\" data-widget_type=\"spacer.default\">\n\t\t\t\t<div class=\"elementor-widget-container\">\n\t\t\t\t\t<div class=\"elementor-spacer\">\n\t\t\t<div class=\"elementor-spacer-inner\"><\/div>\n\t\t<\/div>\n\t\t\t\t<\/div>\n\t\t\t\t<\/div>\n\t\t\t\t\t<\/div>\n\t\t\t\t<\/div>\n\t\t<div class=\"elementor-element elementor-element-28432ab e-flex e-con-boxed e-con e-parent\" data-id=\"28432ab\" data-element_type=\"container\">\n\t\t\t\t\t<div class=\"e-con-inner\">\n\t\t\t\t<div class=\"elementor-element elementor-element-1b35d39 elementor-widget elementor-widget-heading\" data-id=\"1b35d39\" data-element_type=\"widget\" data-widget_type=\"heading.default\">\n\t\t\t\t<div class=\"elementor-widget-container\">\n\t\t\t<h2 class=\"elementor-heading-title elementor-size-default\">Se se perde o teu compa\u00f1eiro<\/h2>\t\t<\/div>\n\t\t\t\t<\/div>\n\t\t\t\t\t<\/div>\n\t\t\t\t<\/div>\n\t\t<div class=\"elementor-element elementor-element-79328f4 e-flex e-con-boxed e-con e-parent\" data-id=\"79328f4\" data-element_type=\"container\">\n\t\t\t\t\t<div class=\"e-con-inner\">\n\t\t\t\t<div class=\"elementor-element elementor-element-d6e30c3 elementor-widget elementor-widget-text-editor\" data-id=\"d6e30c3\" data-element_type=\"widget\" data-widget_type=\"text-editor.default\">\n\t\t\t\t<div class=\"elementor-widget-container\">\n\t\t\t\t\t\t\t<p>Ante todo procura manter a calma. Se se asustou, \u00e9 moi posible que estea preto de ti e que se escondese. Outra opci\u00f3n \u00e9 que trate de regresar ao \u00faltimo lugar onde estivestes. Ser\u00e1 de grande axuda se contas con algu\u00e9n da t\u00faa confianza para estar nos dous sitios \u00e1 vez.<\/p><p>Ten \u00e1 man, e sempre operativos, os n\u00fameros de tel\u00e9fono de contacto da s\u00faa placa de identificaci\u00f3n e do microchip.<\/p><p>S\u00e9 todo o \u00e1xil que poidas. Corre a voz polos arredores. Leva a s\u00faa foto contigo, ens\u00ednaa e comp\u00e1rtea. Cantas m\u00e1is persoas o saiban, mellor.<\/p><p>O poder das redes sociais \u00e9 incrible!<\/p><p>Presenta a denuncia da s\u00faa desaparici\u00f3n na Polic\u00eda local ou na Garda Civil no prazo m\u00e1ximo de corenta e oito horas desde que notases a s\u00faa falta.<\/p><p>Para iso, necesitar\u00e1s o n\u00famero do seu microchip. Este paso \u00e9 importante, xa que deste xeito poden velo mentres est\u00e1n de patrulla ou recibir alg\u00fan aviso de algu\u00e9n que o vise.<\/p><p>Avisa os\u00a0<a href=\"https:\/\/ferrolterrapetfriendly.gal\/gl\/clinicas-veterinarias\/\" target=\"_blank\" rel=\"noopener\">veterinarios<\/a>, as protectoras e\u00a0<a href=\"https:\/\/ferrolterrapetfriendly.gal\/gl\/refugio-de-mouga\/\" target=\"_blank\" rel=\"noopener\">Refuxio de Moug\u00e1<\/a>.<\/p><p>Facil\u00edtalles todos os datos que poidas. Indica o seu nome, descrici\u00f3n, n\u00famero de microchip e, ademais, a data, a hora e o lugar no que se perdeu, e as\u00ed poder\u00e1n dicirche se se corresponde coas caracter\u00edsticas dun animal que recollesen ou que lles entregasen.<\/p><p>Algunhas p\u00f3lizas de seguros cobren os gastos orixinados pola busca, inclu\u00edda a inserci\u00f3n de anuncios na prensa ou na radio.<\/p><p>Lembra que a identificaci\u00f3n con microchip, ademais de obrigatoria, \u00e9 de grande axuda para facilitar o regreso \u00e1 casa.<\/p>\t\t\t\t\t\t<\/div>\n\t\t\t\t<\/div>\n\t\t\t\t<div class=\"elementor-element elementor-element-fb1cd64 elementor-widget elementor-widget-heading\" data-id=\"fb1cd64\" data-element_type=\"widget\" data-widget_type=\"heading.default\">\n\t\t\t\t<div class=\"elementor-widget-container\">\n\t\t\t<h2 class=\"elementor-heading-title elementor-size-default\">Se atopas un animal perdido ou abandonado<\/h2>\t\t<\/div>\n\t\t\t\t<\/div>\n\t\t\t\t<div class=\"elementor-element elementor-element-2e2fc6e elementor-widget elementor-widget-text-editor\" data-id=\"2e2fc6e\" data-element_type=\"widget\" data-widget_type=\"text-editor.default\">\n\t\t\t\t<div class=\"elementor-widget-container\">\n\t\t\t\t\t\t\t<p>Iintenta suxeitalo sempre que che deixe e procura non perdelo nunca de vista, \u00e9 posible que en breve apareza a s\u00faa familia.<\/p><p>No caso de que non permita que ningu\u00e9n se achegue, \u00e9 moi importante supervisalo en todo momento ata que cheguen a buscalo.<\/p><p>Non o leves para a casa! Chama ao 112 para que se po\u00f1an en contacto co seu titular ou para que dean a orde de que vaian recollelo.<\/p><p>Pode ser de grande axuda para atopar a s\u00faa familia que lle fagas unha foto e que a subas \u00e1s redes sociais.<\/p>\t\t\t\t\t\t<\/div>\n\t\t\t\t<\/div>\n\t\t\t\t\t<\/div>\n\t\t\t\t<\/div>\n\t\t\t\t<\/div>","protected":false},"excerpt":{"rendered":"<p>Si se pierde tu compa\u00f1ero Ante todo procura mantener la calma. Si se asust\u00f3 es muy posible que est\u00e9 cerca de ti y se haya escondido. Otra opci\u00f3n es que trate de regresar al \u00faltimo lugar donde estuvisteis. Ser\u00e1 de gran ayuda si cuentas con alguien de vuestra confianza para estar en los dos sitios [&hellip;]<\/p>","protected":false},"author":1,"featured_media":0,"parent":0,"menu_order":0,"comment_status":"closed","ping_status":"closed","template":"","meta":{"_monsterinsights_skip_tracking":false,"_monsterinsights_sitenote_active":false,"_monsterinsights_sitenote_note":"","_monsterinsights_sitenote_category":0,"footnotes":""},"class_list":["post-867","page","type-page","status-publish","hentry"],"yoast_head":"<!-- This site is optimized with the Yoast SEO plugin v24.1 - https:\/\/yoast.com\/wordpress\/plugins\/seo\/ -->\n<title>\u00bfQu\u00e9 hacer? - Ferrolterra Pet Friendly<\/title>\n<meta name=\"description\" content=\"Qu\u00e9 hacer si se pierde tu perro, tu gato, tu mascota. Qu\u00e9 hacer si encuentras un animal perdido o que necesita ayuda\" \/>\n<meta name=\"robots\" content=\"index, follow, max-snippet:-1, max-image-preview:large, max-video-preview:-1\" \/>\n<link rel=\"canonical\" href=\"https:\/\/ferrolterrapetfriendly.gal\/gl\/que-hacer\/\" \/>\n<meta property=\"og:locale\" content=\"gl_ES\" \/>\n<meta property=\"og:type\" content=\"article\" \/>\n<meta property=\"og:title\" content=\"\u00bfQu\u00e9 hacer? - Ferrolterra Pet Friendly\" \/>\n<meta property=\"og:description\" content=\"Qu\u00e9 hacer si se pierde tu perro, tu gato, tu mascota. Qu\u00e9 hacer si encuentras un animal perdido o que necesita ayuda\" \/>\n<meta property=\"og:url\" content=\"https:\/\/ferrolterrapetfriendly.gal\/gl\/que-hacer\/\" \/>\n<meta property=\"og:site_name\" content=\"Ferrolterra Pet Friendly\" \/>\n<meta property=\"article:modified_time\" content=\"2025-01-21T20:38:00+00:00\" \/>\n<meta name=\"twitter:card\" content=\"summary_large_image\" \/>\n<meta name=\"twitter:label1\" content=\"Tempo de lectura\" \/>\n\t<meta name=\"twitter:data1\" content=\"2 minutos\" \/>\n<script type=\"application\/ld+json\" class=\"yoast-schema-graph\">{\"@context\":\"https:\/\/schema.org\",\"@graph\":[{\"@type\":\"WebPage\",\"@id\":\"https:\/\/ferrolterrapetfriendly.gal\/que-hacer\/\",\"url\":\"https:\/\/ferrolterrapetfriendly.gal\/que-hacer\/\",\"name\":\"\u00bfQu\u00e9 hacer? - Ferrolterra Pet Friendly\",\"isPartOf\":{\"@id\":\"https:\/\/ferrolterrapetfriendly.gal\/#website\"},\"datePublished\":\"2024-12-19T12:51:21+00:00\",\"dateModified\":\"2025-01-21T20:38:00+00:00\",\"description\":\"Qu\u00e9 hacer si se pierde tu perro, tu gato, tu mascota. Qu\u00e9 hacer si encuentras un animal perdido o que necesita ayuda\",\"breadcrumb\":{\"@id\":\"https:\/\/ferrolterrapetfriendly.gal\/que-hacer\/#breadcrumb\"},\"inLanguage\":\"gl-ES\",\"potentialAction\":[{\"@type\":\"ReadAction\",\"target\":[\"https:\/\/ferrolterrapetfriendly.gal\/que-hacer\/\"]}]},{\"@type\":\"BreadcrumbList\",\"@id\":\"https:\/\/ferrolterrapetfriendly.gal\/que-hacer\/#breadcrumb\",\"itemListElement\":[{\"@type\":\"ListItem\",\"position\":1,\"name\":\"Inicio\",\"item\":\"https:\/\/ferrolterrapetfriendly.gal\/\"},{\"@type\":\"ListItem\",\"position\":2,\"name\":\"\u00bfQu\u00e9 hacer?\"}]},{\"@type\":\"WebSite\",\"@id\":\"https:\/\/ferrolterrapetfriendly.gal\/#website\",\"url\":\"https:\/\/ferrolterrapetfriendly.gal\/\",\"name\":\"Ferrolterra Pet Friendly\",\"description\":\"Informaci\u00f3n de utilidad para visitar Ferrolterra con perro\",\"publisher\":{\"@id\":\"https:\/\/ferrolterrapetfriendly.gal\/#organization\"},\"potentialAction\":[{\"@type\":\"SearchAction\",\"target\":{\"@type\":\"EntryPoint\",\"urlTemplate\":\"https:\/\/ferrolterrapetfriendly.gal\/?s={search_term_string}\"},\"query-input\":{\"@type\":\"PropertyValueSpecification\",\"valueRequired\":true,\"valueName\":\"search_term_string\"}}],\"inLanguage\":\"gl-ES\"},{\"@type\":\"Organization\",\"@id\":\"https:\/\/ferrolterrapetfriendly.gal\/#organization\",\"name\":\"Ferrolterra Pet Friendly\",\"url\":\"https:\/\/ferrolterrapetfriendly.gal\/\",\"logo\":{\"@type\":\"ImageObject\",\"inLanguage\":\"gl-ES\",\"@id\":\"https:\/\/ferrolterrapetfriendly.gal\/#\/schema\/logo\/image\/\",\"url\":\"https:\/\/ferrolterrapetfriendly.gal\/wp-content\/uploads\/Logo-PetFriendly-ES-60px-1.png\",\"contentUrl\":\"https:\/\/ferrolterrapetfriendly.gal\/wp-content\/uploads\/Logo-PetFriendly-ES-60px-1.png\",\"width\":175,\"height\":60,\"caption\":\"Ferrolterra Pet Friendly\"},\"image\":{\"@id\":\"https:\/\/ferrolterrapetfriendly.gal\/#\/schema\/logo\/image\/\"}}]}<\/script>\n<!-- \/ Yoast SEO plugin. -->","yoast_head_json":{"title":"\u00bfQu\u00e9 hacer? - Ferrolterra Pet Friendly","description":"Qu\u00e9 hacer si se pierde tu perro, tu gato, tu mascota. Qu\u00e9 hacer si encuentras un animal perdido o que necesita ayuda","robots":{"index":"index","follow":"follow","max-snippet":"max-snippet:-1","max-image-preview":"max-image-preview:large","max-video-preview":"max-video-preview:-1"},"canonical":"https:\/\/ferrolterrapetfriendly.gal\/gl\/que-hacer\/","og_locale":"gl_ES","og_type":"article","og_title":"\u00bfQu\u00e9 hacer? - Ferrolterra Pet Friendly","og_description":"Qu\u00e9 hacer si se pierde tu perro, tu gato, tu mascota. Qu\u00e9 hacer si encuentras un animal perdido o que necesita ayuda","og_url":"https:\/\/ferrolterrapetfriendly.gal\/gl\/que-hacer\/","og_site_name":"Ferrolterra Pet Friendly","article_modified_time":"2025-01-21T20:38:00+00:00","twitter_card":"summary_large_image","twitter_misc":{"Tempo de lectura":"2 minutos"},"schema":{"@context":"https:\/\/schema.org","@graph":[{"@type":"WebPage","@id":"https:\/\/ferrolterrapetfriendly.gal\/que-hacer\/","url":"https:\/\/ferrolterrapetfriendly.gal\/que-hacer\/","name":"\u00bfQu\u00e9 hacer? - Ferrolterra Pet Friendly","isPartOf":{"@id":"https:\/\/ferrolterrapetfriendly.gal\/#website"},"datePublished":"2024-12-19T12:51:21+00:00","dateModified":"2025-01-21T20:38:00+00:00","description":"Qu\u00e9 hacer si se pierde tu perro, tu gato, tu mascota. Qu\u00e9 hacer si encuentras un animal perdido o que necesita ayuda","breadcrumb":{"@id":"https:\/\/ferrolterrapetfriendly.gal\/que-hacer\/#breadcrumb"},"inLanguage":"gl-ES","potentialAction":[{"@type":"ReadAction","target":["https:\/\/ferrolterrapetfriendly.gal\/que-hacer\/"]}]},{"@type":"BreadcrumbList","@id":"https:\/\/ferrolterrapetfriendly.gal\/que-hacer\/#breadcrumb","itemListElement":[{"@type":"ListItem","position":1,"name":"Inicio","item":"https:\/\/ferrolterrapetfriendly.gal\/"},{"@type":"ListItem","position":2,"name":"\u00bfQu\u00e9 hacer?"}]},{"@type":"WebSite","@id":"https:\/\/ferrolterrapetfriendly.gal\/#website","url":"https:\/\/ferrolterrapetfriendly.gal\/","name":"Ferrolterra Pet Friendly","description":"Informaci\u00f3n de utilidad para visitar Ferrolterra con perro","publisher":{"@id":"https:\/\/ferrolterrapetfriendly.gal\/#organization"},"potentialAction":[{"@type":"SearchAction","target":{"@type":"EntryPoint","urlTemplate":"https:\/\/ferrolterrapetfriendly.gal\/?s={search_term_string}"},"query-input":{"@type":"PropertyValueSpecification","valueRequired":true,"valueName":"search_term_string"}}],"inLanguage":"gl-ES"},{"@type":"Organization","@id":"https:\/\/ferrolterrapetfriendly.gal\/#organization","name":"Ferrolterra Pet Friendly","url":"https:\/\/ferrolterrapetfriendly.gal\/","logo":{"@type":"ImageObject","inLanguage":"gl-ES","@id":"https:\/\/ferrolterrapetfriendly.gal\/#\/schema\/logo\/image\/","url":"https:\/\/ferrolterrapetfriendly.gal\/wp-content\/uploads\/Logo-PetFriendly-ES-60px-1.png","contentUrl":"https:\/\/ferrolterrapetfriendly.gal\/wp-content\/uploads\/Logo-PetFriendly-ES-60px-1.png","width":175,"height":60,"caption":"Ferrolterra Pet Friendly"},"image":{"@id":"https:\/\/ferrolterrapetfriendly.gal\/#\/schema\/logo\/image\/"}}]}},"_links":{"self":[{"href":"https:\/\/ferrolterrapetfriendly.gal\/gl\/wp-json\/wp\/v2\/pages\/867","targetHints":{"allow":["GET"]}}],"collection":[{"href":"https:\/\/ferrolterrapetfriendly.gal\/gl\/wp-json\/wp\/v2\/pages"}],"about":[{"href":"https:\/\/ferrolterrapetfriendly.gal\/gl\/wp-json\/wp\/v2\/types\/page"}],"author":[{"embeddable":true,"href":"https:\/\/ferrolterrapetfriendly.gal\/gl\/wp-json\/wp\/v2\/users\/1"}],"replies":[{"embeddable":true,"href":"https:\/\/ferrolterrapetfriendly.gal\/gl\/wp-json\/wp\/v2\/comments?post=867"}],"version-history":[{"count":21,"href":"https:\/\/ferrolterrapetfriendly.gal\/gl\/wp-json\/wp\/v2\/pages\/867\/revisions"}],"predecessor-version":[{"id":2831,"href":"https:\/\/ferrolterrapetfriendly.gal\/gl\/wp-json\/wp\/v2\/pages\/867\/revisions\/2831"}],"wp:attachment":[{"href":"https:\/\/ferrolterrapetfriendly.gal\/gl\/wp-json\/wp\/v2\/media?parent=867"}],"curies":[{"name":"wp","href":"https:\/\/api.w.org\/{rel}","templated":true}]}}