{"id":891,"date":"2024-12-19T14:07:32","date_gmt":"2024-12-19T13:07:32","guid":{"rendered":"https:\/\/ferrolterrapetfriendly.gal\/?page_id=891"},"modified":"2025-01-15T19:39:59","modified_gmt":"2025-01-15T18:39:59","slug":"aviso-legal","status":"publish","type":"page","link":"https:\/\/ferrolterrapetfriendly.gal\/gl\/aviso-legal\/","title":{"rendered":"Aviso legal"},"content":{"rendered":"<div data-elementor-type=\"wp-page\" data-elementor-id=\"891\" class=\"elementor elementor-891\" data-elementor-post-type=\"page\">\n\t\t\t\t<div class=\"elementor-element elementor-element-28432ab e-flex e-con-boxed e-con e-parent\" data-id=\"28432ab\" data-element_type=\"container\">\n\t\t\t\t\t<div class=\"e-con-inner\">\n\t\t\t\t\t<\/div>\n\t\t\t\t<\/div>\n\t\t<div class=\"elementor-element elementor-element-79328f4 e-flex e-con-boxed e-con e-parent\" data-id=\"79328f4\" data-element_type=\"container\">\n\t\t\t\t\t<div class=\"e-con-inner\">\n\t\t\t\t<div class=\"elementor-element elementor-element-d6e30c3 elementor-widget elementor-widget-text-editor\" data-id=\"d6e30c3\" data-element_type=\"widget\" data-widget_type=\"text-editor.default\">\n\t\t\t\t<div class=\"elementor-widget-container\">\n\t\t\t\t\t\t\t<h2><span style=\"color: #0095d9;\">Datos de la entidad<\/span><\/h2><p>En cumplimiento del art\u00edculo 10 de la Ley 34\/2002, de 11 de julio, de Servicios de la Sociedad de la Informaci\u00f3n y Comercio Electr\u00f3nico, la Mancomunidade de Concellos da Comarca de Ferrol, promotor del proyecto Ferrolterra Pet Friendly, le informa de que sus datos identificativos son los siguientes:<\/p><ul><li>Denominaci\u00f3n social: Mancomunidade de Concellos da Comarca de Ferrol<\/li><li>CIF: P-1500002-I<\/li><li>Domicilio social: Praza de Armas, s\/n. 15402 Ferrol \u2013 A Coru\u00f1a<\/li><li>Correo electr\u00f3nico a efectos de comunicaci\u00f3n:\u00a0<a href=\"mailto:coordinacion@turismoferrol.es\">coordinacion@turismoferrolterra.es<\/a><\/li><\/ul><p>Todas las notificaciones y comunicaciones entre los usuarios y la Mancomunidade de Concellos da Comarca de Ferrol se considerar\u00e1n eficaces, a todos los efectos, cuando se realicen a trav\u00e9s de correo postal o cualquier otro medio de los detallados anteriormente.<\/p><h2><span style=\"color: #0095d9;\">Condiciones de acceso y utilizaci\u00f3n<\/span><\/h2><p>El presente aviso legal regula el uso del sitio web (en adelante, LA WEB), del que es titular la Mancomunidade de Concellos da Comarca de Ferrol.<\/p><p>La navegaci\u00f3n por la web del proyecto Ferrolterra Pet Friendly [ferrolterra.petfriendly.gal] atribuye la condici\u00f3n de usuario del mismo e implica la aceptaci\u00f3n plena y sin reservas de todas y cada una de las disposiciones incluidas en este Aviso Legal, que pueden sufrir modificaciones.<\/p><p>El sitio web y sus servicios son de acceso libre y gratuito, no obstante, la Mancomunidade de Concellos da Comarca de Ferrol condiciona la utilizaci\u00f3n de algunos de los servicios ofrecidos en su web a la previa cumplimentaci\u00f3n del correspondiente formulario.<\/p><p>Todos los contenidos del sitio web constituyen una obra cuya propiedad pertenece a la Mancomunidade de Concellos da Comarca de Ferrol sin que puedan entenderse cedidos al usuario ninguno de los derechos de explotaci\u00f3n sobre los mismos m\u00e1s all\u00e1 de lo estrictamente necesario para el correcto uso de la web.<\/p><p>El usuario garantiza la autenticidad y actualidad de todos aquellos datos que comunique a la Mancomunidade de Concellos da Comarca de Ferrol y ser\u00e1 el \u00fanico responsable de las manifestaciones falsas o inexactas que realice.<\/p><p>El usuario se obliga a hacer un uso correcto del sitio web de conformidad con las leyes, la buena fe, el orden p\u00fablico, los usos del tr\u00e1fico y el presente Aviso Legal. El usuario responder\u00e1 frente a la Mancomunidade de Concellos da Comarca de Ferrol o frente a terceros, de cualesquiera da\u00f1os y perjuicios que pudieran causarse como consecuencia del incumplimiento de dicha obligaci\u00f3n.<\/p><h2><span style=\"color: #0095d9;\">Pol\u00edtica de enlaces y exenciones de responsabilidades<\/span><\/h2><p>La Mancomunidade de Concellos da Comarca de Ferrol no se hace responsable del contenido de las p\u00e1ginas web a las que el usuario pueda acceder a trav\u00e9s de los enlaces establecidos en su website y declara que en ning\u00fan caso proceder\u00e1 a examinar o ejercitar ning\u00fan tipo de control sobre el contenido de otras p\u00e1ginas de la red. Asimismo, tampoco garantizar\u00e1 la disponibilidad t\u00e9cnica, exactitud, veracidad, validez o legalidad de p\u00e1ginas ajenas a su propiedad a las que se pueda acceder por medio de los enlaces.<\/p><p>La Mancomunidade de Concellos da Comarca de Ferrol declara haber adoptado todas las medidas necesarias para evitar cualesquiera da\u00f1os que, a los usuarios de su website, pudieran la Mancomunidade de Concellos da Comarca de Ferrol no se hace responsable, en ning\u00fan caso, de los eventuales da\u00f1os que por la navegaci\u00f3n por Internet pudiera sufrir el usuario.<\/p><h2><span style=\"color: #0095d9;\">Uso de cookies y datos estad\u00edsticos<\/span><\/h2><p>Esta p\u00e1gina web no recoge ni almacena datos personales de sus visitantes.<\/p><p>\u00danicamente, con la finalidad de ofrecerle el mejor servicio a trav\u00e9s de esta p\u00e1gina, y con el objeto de facilitar su uso, se analizan el n\u00famero de p\u00e1ginas visitadas, el n\u00famero de visitas, as\u00ed como su frecuencia de utilizaci\u00f3n.<\/p><p>A estos efectos, se utilizan los datos estad\u00edsticos elaborados por el Proveedor de Servicios de Internet de mundo-R.com Con esta informaci\u00f3n se analiza la frecuencia de uso de la web de la mercantil a partir de los datos de conexi\u00f3n, y las secciones m\u00e1s visitadas. la Mancomunidade de Concellos da Comarca de Ferrol no utiliza cookies para recoger informaci\u00f3n de los usuarios desde su p\u00e1gina web ni registra sus direcciones IP.<\/p><p>El usuario tiene la posibilidad de configurar su navegador de modo que se le informe de la recepci\u00f3n de cookies, pudiendo, si as\u00ed lo desea, impedir que sean instaladas en su disco duro. No obstante, para el acceso a la website de la Mancomunidade de Concellos da Comarca de Ferrol no ser\u00e1 preceptiva la instalaci\u00f3n de cookies.<\/p><h2><span style=\"color: #0095d9;\">Protecci\u00f3n de datos<\/span><\/h2><p>Se le informa que los datos personales que nos facilite voluntariamente, a trav\u00e9s de los distintos formularios de la web, ser\u00e1n incorporados a un fichero titularidad de la Mancomunidade de Concellos da Comarca de Ferrol con domicilio en Praza de Armas s\/n. 15402 Ferrol \u2013 A Coru\u00f1a, que cumple con las medidas de seguridad exigidas en el Real Decreto 1720\/2007 de 21 de diciembre. La finalidad de dicho fichero es la prestaci\u00f3n y administraci\u00f3n del servicio contratado o solicitado, as\u00ed como la realizaci\u00f3n de estad\u00edsticas, la remisi\u00f3n de publicidad y otras promociones comerciales que la Mancomunidade de Concellos da Comarca de Ferrol pueda efectuar en un futuro.<\/p><p>Mediante el env\u00edo de los mencionados formularios, el usuario autoriza a enviarle informaci\u00f3n y comunicaciones comerciales a trav\u00e9s de correo postal, correo electr\u00f3nico o fax de los productos y servicios de la Mancomunidad.<\/p><p>Asimismo, la Mancomunidade de Concellos da Comarca de Ferrol cancelar\u00e1 o rectificar\u00e1 los datos cuando resulten inexactos, incompletos o hayan dejado de ser necesarios para su finalidad, de conformidad con lo previsto en la Ley Org\u00e1nica 15\/1999, de 13 de diciembre, de Protecci\u00f3n de Datos de Car\u00e1cter Personal.<\/p><p>El usuario podr\u00e1 revocar el consentimiento prestado y ejercer los derechos de acceso, rectificaci\u00f3n, cancelaci\u00f3n y oposici\u00f3n dirigi\u00e9ndose por escrito a la Mancomunidade de Concellos da Comarca de Ferrol, en la siguiente direcci\u00f3n Praza de Armas s\/n. 15402 Ferrol \u2013 A Coru\u00f1a, o bien a trav\u00e9s del siguiente correo electr\u00f3nico coordinaci\u00f3n@turismoferrolterra.es identific\u00e1ndose debidamente e indicando de forma visible el concreto derecho que se ejerce.<\/p><p>La Mancomunidade de Concellos da Comarca de Ferrol adopta los niveles de seguridad correspondientes requeridos por la citada Ley Org\u00e1nica 15\/1999 y dem\u00e1s normativa aplicable. No obstante, no asume ninguna responsabilidad por los da\u00f1os y perjuicios derivados de alteraciones que terceros puedan causar en los sistemas inform\u00e1ticos, documentos electr\u00f3nicos o ficheros del usuario.<\/p>\t\t\t\t\t\t<\/div>\n\t\t\t\t<\/div>\n\t\t\t\t\t<\/div>\n\t\t\t\t<\/div>\n\t\t\t\t<\/div>","protected":false},"excerpt":{"rendered":"<p>Datos de la entidad En cumplimiento del art\u00edculo 10 de la Ley 34\/2002, de 11 de julio, de Servicios de la Sociedad de la Informaci\u00f3n y Comercio Electr\u00f3nico, la Mancomunidade de Concellos da Comarca de Ferrol, promotor del proyecto Ferrolterra Pet Friendly, le informa de que sus datos identificativos son los siguientes: Denominaci\u00f3n social: Mancomunidade [&hellip;]<\/p>","protected":false},"author":1,"featured_media":0,"parent":0,"menu_order":0,"comment_status":"closed","ping_status":"closed","template":"","meta":{"_monsterinsights_skip_tracking":false,"_monsterinsights_sitenote_active":false,"_monsterinsights_sitenote_note":"","_monsterinsights_sitenote_category":0,"footnotes":""},"class_list":["post-891","page","type-page","status-publish","hentry"],"yoast_head":"<!-- This site is optimized with the Yoast SEO plugin v24.1 - https:\/\/yoast.com\/wordpress\/plugins\/seo\/ -->\n<title>Aviso legal - Ferrolterra Pet Friendly<\/title>\n<meta name=\"robots\" content=\"index, follow, max-snippet:-1, max-image-preview:large, max-video-preview:-1\" \/>\n<link rel=\"canonical\" href=\"https:\/\/ferrolterrapetfriendly.gal\/gl\/aviso-legal\/\" \/>\n<meta property=\"og:locale\" content=\"gl_ES\" \/>\n<meta property=\"og:type\" content=\"article\" \/>\n<meta property=\"og:title\" content=\"Aviso legal - Ferrolterra Pet Friendly\" \/>\n<meta property=\"og:description\" content=\"Datos de la entidad En cumplimiento del art\u00edculo 10 de la Ley 34\/2002, de 11 de julio, de Servicios de la Sociedad de la Informaci\u00f3n y Comercio Electr\u00f3nico, la Mancomunidade de Concellos da Comarca de Ferrol, promotor del proyecto Ferrolterra Pet Friendly, le informa de que sus datos identificativos son los siguientes: Denominaci\u00f3n social: Mancomunidade [&hellip;]\" \/>\n<meta property=\"og:url\" content=\"https:\/\/ferrolterrapetfriendly.gal\/gl\/aviso-legal\/\" \/>\n<meta property=\"og:site_name\" content=\"Ferrolterra Pet Friendly\" \/>\n<meta property=\"article:modified_time\" content=\"2025-01-15T18:39:59+00:00\" \/>\n<meta name=\"twitter:card\" content=\"summary_large_image\" \/>\n<meta name=\"twitter:label1\" content=\"Tempo de lectura\" \/>\n\t<meta name=\"twitter:data1\" content=\"5 minutos\" \/>\n<script type=\"application\/ld+json\" class=\"yoast-schema-graph\">{\"@context\":\"https:\/\/schema.org\",\"@graph\":[{\"@type\":\"WebPage\",\"@id\":\"https:\/\/ferrolterrapetfriendly.gal\/aviso-legal\/\",\"url\":\"https:\/\/ferrolterrapetfriendly.gal\/aviso-legal\/\",\"name\":\"Aviso legal - Ferrolterra Pet Friendly\",\"isPartOf\":{\"@id\":\"https:\/\/ferrolterrapetfriendly.gal\/#website\"},\"datePublished\":\"2024-12-19T13:07:32+00:00\",\"dateModified\":\"2025-01-15T18:39:59+00:00\",\"breadcrumb\":{\"@id\":\"https:\/\/ferrolterrapetfriendly.gal\/aviso-legal\/#breadcrumb\"},\"inLanguage\":\"gl-ES\",\"potentialAction\":[{\"@type\":\"ReadAction\",\"target\":[\"https:\/\/ferrolterrapetfriendly.gal\/aviso-legal\/\"]}]},{\"@type\":\"BreadcrumbList\",\"@id\":\"https:\/\/ferrolterrapetfriendly.gal\/aviso-legal\/#breadcrumb\",\"itemListElement\":[{\"@type\":\"ListItem\",\"position\":1,\"name\":\"Inicio\",\"item\":\"https:\/\/ferrolterrapetfriendly.gal\/\"},{\"@type\":\"ListItem\",\"position\":2,\"name\":\"Aviso legal\"}]},{\"@type\":\"WebSite\",\"@id\":\"https:\/\/ferrolterrapetfriendly.gal\/#website\",\"url\":\"https:\/\/ferrolterrapetfriendly.gal\/\",\"name\":\"Ferrolterra Pet Friendly\",\"description\":\"Informaci\u00f3n de utilidad para visitar Ferrolterra con perro\",\"publisher\":{\"@id\":\"https:\/\/ferrolterrapetfriendly.gal\/#organization\"},\"potentialAction\":[{\"@type\":\"SearchAction\",\"target\":{\"@type\":\"EntryPoint\",\"urlTemplate\":\"https:\/\/ferrolterrapetfriendly.gal\/?s={search_term_string}\"},\"query-input\":{\"@type\":\"PropertyValueSpecification\",\"valueRequired\":true,\"valueName\":\"search_term_string\"}}],\"inLanguage\":\"gl-ES\"},{\"@type\":\"Organization\",\"@id\":\"https:\/\/ferrolterrapetfriendly.gal\/#organization\",\"name\":\"Ferrolterra Pet Friendly\",\"url\":\"https:\/\/ferrolterrapetfriendly.gal\/\",\"logo\":{\"@type\":\"ImageObject\",\"inLanguage\":\"gl-ES\",\"@id\":\"https:\/\/ferrolterrapetfriendly.gal\/#\/schema\/logo\/image\/\",\"url\":\"https:\/\/ferrolterrapetfriendly.gal\/wp-content\/uploads\/Logo-PetFriendly-ES-60px-1.png\",\"contentUrl\":\"https:\/\/ferrolterrapetfriendly.gal\/wp-content\/uploads\/Logo-PetFriendly-ES-60px-1.png\",\"width\":175,\"height\":60,\"caption\":\"Ferrolterra Pet Friendly\"},\"image\":{\"@id\":\"https:\/\/ferrolterrapetfriendly.gal\/#\/schema\/logo\/image\/\"}}]}<\/script>\n<!-- \/ Yoast SEO plugin. -->","yoast_head_json":{"title":"Aviso legal - Ferrolterra Pet Friendly","robots":{"index":"index","follow":"follow","max-snippet":"max-snippet:-1","max-image-preview":"max-image-preview:large","max-video-preview":"max-video-preview:-1"},"canonical":"https:\/\/ferrolterrapetfriendly.gal\/gl\/aviso-legal\/","og_locale":"gl_ES","og_type":"article","og_title":"Aviso legal - Ferrolterra Pet Friendly","og_description":"Datos de la entidad En cumplimiento del art\u00edculo 10 de la Ley 34\/2002, de 11 de julio, de Servicios de la Sociedad de la Informaci\u00f3n y Comercio Electr\u00f3nico, la Mancomunidade de Concellos da Comarca de Ferrol, promotor del proyecto Ferrolterra Pet Friendly, le informa de que sus datos identificativos son los siguientes: Denominaci\u00f3n social: Mancomunidade [&hellip;]","og_url":"https:\/\/ferrolterrapetfriendly.gal\/gl\/aviso-legal\/","og_site_name":"Ferrolterra Pet Friendly","article_modified_time":"2025-01-15T18:39:59+00:00","twitter_card":"summary_large_image","twitter_misc":{"Tempo de lectura":"5 minutos"},"schema":{"@context":"https:\/\/schema.org","@graph":[{"@type":"WebPage","@id":"https:\/\/ferrolterrapetfriendly.gal\/aviso-legal\/","url":"https:\/\/ferrolterrapetfriendly.gal\/aviso-legal\/","name":"Aviso legal - Ferrolterra Pet Friendly","isPartOf":{"@id":"https:\/\/ferrolterrapetfriendly.gal\/#website"},"datePublished":"2024-12-19T13:07:32+00:00","dateModified":"2025-01-15T18:39:59+00:00","breadcrumb":{"@id":"https:\/\/ferrolterrapetfriendly.gal\/aviso-legal\/#breadcrumb"},"inLanguage":"gl-ES","potentialAction":[{"@type":"ReadAction","target":["https:\/\/ferrolterrapetfriendly.gal\/aviso-legal\/"]}]},{"@type":"BreadcrumbList","@id":"https:\/\/ferrolterrapetfriendly.gal\/aviso-legal\/#breadcrumb","itemListElement":[{"@type":"ListItem","position":1,"name":"Inicio","item":"https:\/\/ferrolterrapetfriendly.gal\/"},{"@type":"ListItem","position":2,"name":"Aviso legal"}]},{"@type":"WebSite","@id":"https:\/\/ferrolterrapetfriendly.gal\/#website","url":"https:\/\/ferrolterrapetfriendly.gal\/","name":"Ferrolterra Pet Friendly","description":"Informaci\u00f3n de utilidad para visitar Ferrolterra con perro","publisher":{"@id":"https:\/\/ferrolterrapetfriendly.gal\/#organization"},"potentialAction":[{"@type":"SearchAction","target":{"@type":"EntryPoint","urlTemplate":"https:\/\/ferrolterrapetfriendly.gal\/?s={search_term_string}"},"query-input":{"@type":"PropertyValueSpecification","valueRequired":true,"valueName":"search_term_string"}}],"inLanguage":"gl-ES"},{"@type":"Organization","@id":"https:\/\/ferrolterrapetfriendly.gal\/#organization","name":"Ferrolterra Pet Friendly","url":"https:\/\/ferrolterrapetfriendly.gal\/","logo":{"@type":"ImageObject","inLanguage":"gl-ES","@id":"https:\/\/ferrolterrapetfriendly.gal\/#\/schema\/logo\/image\/","url":"https:\/\/ferrolterrapetfriendly.gal\/wp-content\/uploads\/Logo-PetFriendly-ES-60px-1.png","contentUrl":"https:\/\/ferrolterrapetfriendly.gal\/wp-content\/uploads\/Logo-PetFriendly-ES-60px-1.png","width":175,"height":60,"caption":"Ferrolterra Pet Friendly"},"image":{"@id":"https:\/\/ferrolterrapetfriendly.gal\/#\/schema\/logo\/image\/"}}]}},"_links":{"self":[{"href":"https:\/\/ferrolterrapetfriendly.gal\/gl\/wp-json\/wp\/v2\/pages\/891","targetHints":{"allow":["GET"]}}],"collection":[{"href":"https:\/\/ferrolterrapetfriendly.gal\/gl\/wp-json\/wp\/v2\/pages"}],"about":[{"href":"https:\/\/ferrolterrapetfriendly.gal\/gl\/wp-json\/wp\/v2\/types\/page"}],"author":[{"embeddable":true,"href":"https:\/\/ferrolterrapetfriendly.gal\/gl\/wp-json\/wp\/v2\/users\/1"}],"replies":[{"embeddable":true,"href":"https:\/\/ferrolterrapetfriendly.gal\/gl\/wp-json\/wp\/v2\/comments?post=891"}],"version-history":[{"count":31,"href":"https:\/\/ferrolterrapetfriendly.gal\/gl\/wp-json\/wp\/v2\/pages\/891\/revisions"}],"predecessor-version":[{"id":2643,"href":"https:\/\/ferrolterrapetfriendly.gal\/gl\/wp-json\/wp\/v2\/pages\/891\/revisions\/2643"}],"wp:attachment":[{"href":"https:\/\/ferrolterrapetfriendly.gal\/gl\/wp-json\/wp\/v2\/media?parent=891"}],"curies":[{"name":"wp","href":"https:\/\/api.w.org\/{rel}","templated":true}]}}